{"id":16386,"date":"2021-03-18T11:28:03","date_gmt":"2021-03-18T11:28:03","guid":{"rendered":"https:\/\/escolaturbula.com\/our-reason-for-being\/"},"modified":"2025-01-16T10:08:04","modified_gmt":"2025-01-16T10:08:04","slug":"our-reason-for-being","status":"publish","type":"page","link":"https:\/\/escolaturbula.com\/en\/the-school\/our-reason-for-being\/","title":{"rendered":"Our reason for being"},"content":{"rendered":"<div class=\"wpb-content-wrapper\"><p>[vc_row full_width=&#8221;stretch_row_content_no_spaces&#8221; el_class=&#8221;submenu-turbula&#8221; css=&#8221;.vc_custom_1595849160640{background-color: #0274c8 !important;}&#8221;][vc_column css=&#8221;.vc_custom_1594811756530{margin-top: 0px !important;}&#8221;][vc_wp_custommenu nav_menu=&#8221;6555&#8243;][\/vc_column][\/vc_row][vc_row content_placement=&#8221;middle&#8221; el_class=&#8221;split-text-section&#8221; css=&#8221;.vc_custom_1612178922405{margin-top: 3% !important;margin-bottom: 3% !important;}&#8221;][vc_column width=&#8221;1\/2&#8243; css=&#8221;.vc_custom_1612178154599{padding-top: 6% !important;padding-right: 15px !important;padding-bottom: 6% !important;padding-left: 6% !important;border-radius: 20px !important;}&#8221; el_class=&#8221;nostra-rao-column&#8221;][vc_column_text el_class=&#8221;subtitle-turbula&#8221; css=&#8221;.vc_custom_1612178067003{margin-bottom: 0px !important;}&#8221;]<\/p>\n<h6 class=\"subtitle-turbula\" style=\"text-align: left;\">MORE THAN 60 YEARS ACCOMPANYING OUR STUDENTS<\/h6>\n<p>[\/vc_column_text][vc_column_text css_animation=&#8221;fadeInUp&#8221; css=&#8221;.vc_custom_1612178058972{padding-bottom: 10px !important;}&#8221;]<\/p>\n<h2 class=\"title-turbula\" style=\"text-align: left;\"><b>Our reason for being<\/b><\/h2>\n<p>[\/vc_column_text][vc_column_text]<\/p>\n<p style=\"text-align: justify;\"><span style=\"font-weight: 400;\">The T\u00farbula Educational Center is a school founded in 1960 by Mr. Rafael Garc\u00eda Villanueva in small premises in the Gran Via de les Corts Catalanes de Sant Adri\u00e0 de Bes\u00f2s. Passionate about education and excited to actively collaborate in the training of future citizens.<\/span><\/p>\n<p style=\"text-align: justify;\"><span style=\"font-weight: 400;\">During all these years many students have passed through our classrooms who today carry out all kinds of tasks in our society . Many of our students are children of former students of the center and part of the staff of the center are also former students. <\/span><\/p>\n<p style=\"text-align: justify;\"><span style=\"font-weight: 400;\">In the 1999\/2000 academic year we inaugurated the new building at the Ctra. from Matar\u00f3 Endowed with modern facilities and equipment that are constantly renewed, it allows us to give a new dimension to the School that allows us to maintain the leadership position in Sant Adri\u00e0 de Bes\u00f2s. <\/span><\/p>\n<p style=\"text-align: justify;\"><span style=\"font-weight: 400;\">Sixty-four years later we continue to work with the same vocation and enthusiasm, aware of the present and looking to the future. Convinced that each child is a unique and unrepeatable being that we must take care of and accompany.<\/span><\/p>\n<p>[\/vc_column_text][\/vc_column][vc_column css_animation=&#8221;none&#8221; width=&#8221;1\/2&#8243; css=&#8221;.vc_custom_1612178240473{padding-top: 10% !important;padding-right: 10% !important;padding-bottom: 10% !important;padding-left: 10% !important;}&#8221;][vc_row_inner css=&#8221;.vc_custom_1612178446891{margin-bottom: -80px !important;}&#8221;][vc_column_inner][vc_single_image image=&#8221;14123&#8243; img_size=&#8221;full&#8221; alignment=&#8221;right&#8221; el_class=&#8221;rao-de-ser-img&#8221;][\/vc_column_inner][\/vc_row_inner][vc_row_inner el_class=&#8221;gradient-bg&#8221; css=&#8221;.vc_custom_1612178553264{padding-top: 0px !important;padding-right: 20px !important;padding-bottom: 20px !important;padding-left: 20px !important;border-radius: 5px !important;}&#8221;][vc_column_inner css=&#8221;.vc_custom_1612178571884{padding-top: 0px !important;}&#8221;][vc_column_text]<\/p>\n<div class=\"page\" title=\"Page 3\">\n<div class=\"layoutArea\">\n<div class=\"column\">\n<h3 style=\"text-align: center;\"><span style=\"color: #ffffff;\"><strong>We are a school founded in 1960, passionate about education and excited to collaborate actively in the training of future citizens&#8230; Today we continue to work with the same vocation and enthusiasm, aware of the present and looking to the future. Convinced that each child is a unique and unrepeatable being that we must take care of and accompany.<\/strong><\/span><\/h3>\n<\/div>\n<\/div>\n<\/div>\n<p>[\/vc_column_text][\/vc_column_inner][\/vc_row_inner][\/vc_column][\/vc_row][vc_row full_width=&#8221;stretch_row&#8221; content_placement=&#8221;middle&#8221; css=&#8221;.vc_custom_1608629489440{margin-top: 9% !important;padding-top: 2% !important;padding-bottom: 2% !important;background-image: url(http:\/\/escolaturbula.com\/wp-content\/uploads\/2020\/12\/escola-turbula-cta-contactos-ninos.jpg?id=12701) !important;background-position: center !important;background-repeat: no-repeat !important;background-size: cover !important;}&#8221; el_class=&#8221;thim-bg-overlay cta-contact&#8221;][vc_column][vc_row_inner equal_height=&#8221;yes&#8221; content_placement=&#8221;middle&#8221;][vc_column_inner width=&#8221;1\/2&#8243;][vc_column_text el_class=&#8221;subtitle-turbula&#8221; css=&#8221;.vc_custom_1611837012008{margin-bottom: 0px !important;}&#8221;]<\/p>\n<h6 class=\"subtitle-turbula\" style=\"text-align: left;\"><span style=\"color: #ffffff;\">CONTACTS<\/span><\/h6>\n<p>[\/vc_column_text][vc_column_text css_animation=&#8221;fadeInUp&#8221; css=&#8221;.vc_custom_1608554249617{padding-bottom: 10px !important;}&#8221;]<\/p>\n<h2 class=\"title-turbula\" style=\"text-align: left;\"><span style=\"color: #ffffff;\">Do you want to contact us?<\/span><\/h2>\n<p>[\/vc_column_text][\/vc_column_inner][vc_column_inner el_class=&#8221;cta-contactanos-button&#8221; width=&#8221;1\/2&#8243;]<div class=\"thim-widget-button template-base\"><a class=\"widget-button very-rounded medium custom_style position-after\" href=\"\/en\/contacts\/\" style=\"font-size: 14px;border-width: 1px;color: #ffffff;border-color: #ffffff;background-color: rgba(0,0,0,0.01);\" data-hover=\"font-size: 14px;border-width: 1px;color: #0274c8;border-color: #1e73be;background-color: #ffffff;\">CONTACT US<i class=\"fas fa-envelope\" style=\"font-size: 14px;\"><\/i> <\/a><\/div>[\/vc_column_inner][\/vc_row_inner][vc_row_inner content_placement=&#8221;middle&#8221; css=&#8221;.vc_custom_1608555702803{padding-top: 20px !important;padding-bottom: 20px !important;}&#8221;][vc_column_inner width=&#8221;1\/6&#8243;][\/vc_column_inner][vc_column_inner el_class=&#8221;social-contacts&#8221; width=&#8221;4\/6&#8243;][vc_column_text el_class=&#8221;cta-text&#8221;]<\/p>\n<p style=\"font-size: 1.3em; text-align: left; display: inline-block;\"><span style=\"color: #2970aa;\"><strong>Follow us on social media:<\/strong><\/span><\/p>\n<p>&nbsp;<br \/>\n[\/vc_column_text]<div class=\"vc-extral_class cta-social\"><div class=\"thim-widget-social template-base\"><div class=\"thim-social style-4\">\n\t\t<ul class=\"social_link\">\n\t\t<li><a class=\"facebook hasTooltip\" href=\"https:\/\/www.facebook.com\/escola.turbula.oficial\" target=\"_blank\"><i class=\"fa fa-facebook\"><\/i><\/a><\/li><li><a class=\"twitter hasTooltip\" href=\"https:\/\/twitter.com\/turbula?lang=es\" target=\"_blank\" ><i class=\"fa fa-x-twitter\"><\/i><\/a><\/li><li><a class=\"instagram hasTooltip\" href=\"https:\/\/www.instagram.com\/turbulaescola\/\" target=\"_blank\" ><i class=\"fa fa-instagram\"><\/i><\/a><\/li><li><a class=\"youtube hasTooltip\" href=\"https:\/\/www.youtube.com\/user\/TurbulaTV\" target=\"_blank\" ><i class=\"fa fa-youtube\"><\/i><\/a><\/li>\t<\/ul>\n<\/div><\/div><\/div>[\/vc_column_inner][vc_column_inner width=&#8221;1\/6&#8243;][\/vc_column_inner][\/vc_row_inner][\/vc_column][\/vc_row]<\/p>\n<\/div>","protected":false},"excerpt":{"rendered":"<p>[vc_row full_width=&#8221;stretch_row_content_no_spaces&#8221; el_class=&#8221;submenu-turbula&#8221; css=&#8221;.vc_custom_1595849160640{background-color: #0274c8 !important;}&#8221;][vc_column css=&#8221;.vc_custom_1594811756530{margin-top: 0px !important;}&#8221;][vc_wp_custommenu nav_menu=&#8221;6555&#8243;][\/vc_column][\/vc_row][vc_row content_placement=&#8221;middle&#8221; el_class=&#8221;split-text-section&#8221; css=&#8221;.vc_custom_1612178922405{margin-top: 3% !important;margin-bottom: 3% !important;}&#8221;][vc_column width=&#8221;1\/2&#8243; css=&#8221;.vc_custom_1612178154599{padding-top: 6% !important;padding-right: 15px !important;padding-bottom: 6% !important;padding-left: 6% !important;border-radius: 20px !important;}&#8221; el_class=&#8221;nostra-rao-column&#8221;][vc_column_text el_class=&#8221;subtitle-turbula&#8221; css=&#8221;.vc_custom_1612178067003{margin-bottom: 0px !important;}&#8221;] MORE THAN 60 YEARS ACCOMPANYING OUR &hellip; <\/p>\n","protected":false},"author":1,"featured_media":14121,"parent":16413,"menu_order":0,"comment_status":"closed","ping_status":"closed","template":"","meta":{"footnotes":""},"class_list":["post-16386","page","type-page","status-publish","has-post-thumbnail","hentry"],"yoast_head":"<!-- This site is optimized with the Yoast SEO plugin v27.3 - https:\/\/yoast.com\/product\/yoast-seo-wordpress\/ -->\n<title>Our reason for being - Escola T\u00farbula<\/title>\n<meta name=\"robots\" content=\"index, follow, max-snippet:-1, max-image-preview:large, max-video-preview:-1\" \/>\n<link rel=\"canonical\" href=\"https:\/\/escolaturbula.com\/escola\/la-nostra-rao-de-ser\/\" \/>\n<meta property=\"og:locale\" content=\"en_US\" \/>\n<meta property=\"og:type\" content=\"article\" \/>\n<meta property=\"og:title\" content=\"Our reason for being - Escola T\u00farbula\" \/>\n<meta property=\"og:description\" content=\"[vc_row full_width=&#8221;stretch_row_content_no_spaces&#8221; el_class=&#8221;submenu-turbula&#8221; css=&#8221;.vc_custom_1595849160640{background-color: #0274c8 !important;}&#8221;][vc_column css=&#8221;.vc_custom_1594811756530{margin-top: 0px !important;}&#8221;][vc_wp_custommenu nav_menu=&#8221;6555&#8243;][\/vc_column][\/vc_row][vc_row content_placement=&#8221;middle&#8221; el_class=&#8221;split-text-section&#8221; css=&#8221;.vc_custom_1612178922405{margin-top: 3% !important;margin-bottom: 3% !important;}&#8221;][vc_column width=&#8221;1\/2&#8243; css=&#8221;.vc_custom_1612178154599{padding-top: 6% !important;padding-right: 15px !important;padding-bottom: 6% !important;padding-left: 6% !important;border-radius: 20px !important;}&#8221; el_class=&#8221;nostra-rao-column&#8221;][vc_column_text el_class=&#8221;subtitle-turbula&#8221; css=&#8221;.vc_custom_1612178067003{margin-bottom: 0px !important;}&#8221;] MORE THAN 60 YEARS ACCOMPANYING OUR &hellip;\" \/>\n<meta property=\"og:url\" content=\"https:\/\/escolaturbula.com\/escola\/la-nostra-rao-de-ser\/\" \/>\n<meta property=\"og:site_name\" content=\"Escola T\u00farbula\" \/>\n<meta property=\"article:publisher\" content=\"https:\/\/www.facebook.com\/escola.turbula.oficial\/\" \/>\n<meta property=\"article:modified_time\" content=\"2025-01-16T10:08:04+00:00\" \/>\n<meta property=\"og:image\" content=\"https:\/\/escolaturbula.com\/wp-content\/uploads\/2020\/11\/slider-turbula-test-2.jpg\" \/>\n\t<meta property=\"og:image:width\" content=\"2560\" \/>\n\t<meta property=\"og:image:height\" content=\"1076\" \/>\n\t<meta property=\"og:image:type\" content=\"image\/jpeg\" \/>\n<meta name=\"twitter:card\" content=\"summary_large_image\" \/>\n<meta name=\"twitter:site\" content=\"@turbula\" \/>\n<meta name=\"twitter:label1\" content=\"Est. reading time\" \/>\n\t<meta name=\"twitter:data1\" content=\"4 minutes\" \/>\n<script type=\"application\/ld+json\" class=\"yoast-schema-graph\">{\"@context\":\"https:\\\/\\\/schema.org\",\"@graph\":[{\"@type\":\"WebPage\",\"@id\":\"https:\\\/\\\/escolaturbula.com\\\/escola\\\/la-nostra-rao-de-ser\\\/\",\"url\":\"https:\\\/\\\/escolaturbula.com\\\/escola\\\/la-nostra-rao-de-ser\\\/\",\"name\":\"Our reason for being - Escola T\u00farbula\",\"isPartOf\":{\"@id\":\"https:\\\/\\\/escolaturbula.com\\\/es\\\/#website\"},\"primaryImageOfPage\":{\"@id\":\"https:\\\/\\\/escolaturbula.com\\\/escola\\\/la-nostra-rao-de-ser\\\/#primaryimage\"},\"image\":{\"@id\":\"https:\\\/\\\/escolaturbula.com\\\/escola\\\/la-nostra-rao-de-ser\\\/#primaryimage\"},\"thumbnailUrl\":\"https:\\\/\\\/escolaturbula.com\\\/wp-content\\\/uploads\\\/2020\\\/11\\\/slider-turbula-test-2.jpg\",\"datePublished\":\"2021-03-18T11:28:03+00:00\",\"dateModified\":\"2025-01-16T10:08:04+00:00\",\"breadcrumb\":{\"@id\":\"https:\\\/\\\/escolaturbula.com\\\/escola\\\/la-nostra-rao-de-ser\\\/#breadcrumb\"},\"inLanguage\":\"en-US\",\"potentialAction\":[{\"@type\":\"ReadAction\",\"target\":[\"https:\\\/\\\/escolaturbula.com\\\/escola\\\/la-nostra-rao-de-ser\\\/\"]}]},{\"@type\":\"ImageObject\",\"inLanguage\":\"en-US\",\"@id\":\"https:\\\/\\\/escolaturbula.com\\\/escola\\\/la-nostra-rao-de-ser\\\/#primaryimage\",\"url\":\"https:\\\/\\\/escolaturbula.com\\\/wp-content\\\/uploads\\\/2020\\\/11\\\/slider-turbula-test-2.jpg\",\"contentUrl\":\"https:\\\/\\\/escolaturbula.com\\\/wp-content\\\/uploads\\\/2020\\\/11\\\/slider-turbula-test-2.jpg\",\"width\":2560,\"height\":1076},{\"@type\":\"BreadcrumbList\",\"@id\":\"https:\\\/\\\/escolaturbula.com\\\/escola\\\/la-nostra-rao-de-ser\\\/#breadcrumb\",\"itemListElement\":[{\"@type\":\"ListItem\",\"position\":1,\"name\":\"The School\",\"item\":\"https:\\\/\\\/escolaturbula.com\\\/en\\\/the-school\\\/\"},{\"@type\":\"ListItem\",\"position\":2,\"name\":\"Our reason for being\"}]},{\"@type\":\"WebSite\",\"@id\":\"https:\\\/\\\/escolaturbula.com\\\/es\\\/#website\",\"url\":\"https:\\\/\\\/escolaturbula.com\\\/es\\\/\",\"name\":\"Escola Turbula\",\"description\":\"Colegio privado en Sant Adri\u00e0 de Bes\u00f2s, Barcelona\",\"publisher\":{\"@id\":\"https:\\\/\\\/escolaturbula.com\\\/es\\\/#organization\"},\"alternateName\":\"Escola Turbula\",\"potentialAction\":[{\"@type\":\"SearchAction\",\"target\":{\"@type\":\"EntryPoint\",\"urlTemplate\":\"https:\\\/\\\/escolaturbula.com\\\/es\\\/?s={search_term_string}\"},\"query-input\":{\"@type\":\"PropertyValueSpecification\",\"valueRequired\":true,\"valueName\":\"search_term_string\"}}],\"inLanguage\":\"en-US\"},{\"@type\":\"Organization\",\"@id\":\"https:\\\/\\\/escolaturbula.com\\\/es\\\/#organization\",\"name\":\"Escola Turbula\",\"alternateName\":\"Escola Turbula\",\"url\":\"https:\\\/\\\/escolaturbula.com\\\/es\\\/\",\"logo\":{\"@type\":\"ImageObject\",\"inLanguage\":\"en-US\",\"@id\":\"https:\\\/\\\/escolaturbula.com\\\/es\\\/#\\\/schema\\\/logo\\\/image\\\/\",\"url\":\"https:\\\/\\\/escolaturbula.com\\\/wp-content\\\/uploads\\\/2015\\\/07\\\/logo_trbl-1.png\",\"contentUrl\":\"https:\\\/\\\/escolaturbula.com\\\/wp-content\\\/uploads\\\/2015\\\/07\\\/logo_trbl-1.png\",\"width\":282,\"height\":75,\"caption\":\"Escola Turbula\"},\"image\":{\"@id\":\"https:\\\/\\\/escolaturbula.com\\\/es\\\/#\\\/schema\\\/logo\\\/image\\\/\"},\"sameAs\":[\"https:\\\/\\\/www.facebook.com\\\/escola.turbula.oficial\\\/\",\"https:\\\/\\\/x.com\\\/turbula\"]}]}<\/script>\n<!-- \/ Yoast SEO plugin. -->","yoast_head_json":{"title":"Our reason for being - Escola T\u00farbula","robots":{"index":"index","follow":"follow","max-snippet":"max-snippet:-1","max-image-preview":"max-image-preview:large","max-video-preview":"max-video-preview:-1"},"canonical":"https:\/\/escolaturbula.com\/escola\/la-nostra-rao-de-ser\/","og_locale":"en_US","og_type":"article","og_title":"Our reason for being - Escola T\u00farbula","og_description":"[vc_row full_width=&#8221;stretch_row_content_no_spaces&#8221; el_class=&#8221;submenu-turbula&#8221; css=&#8221;.vc_custom_1595849160640{background-color: #0274c8 !important;}&#8221;][vc_column css=&#8221;.vc_custom_1594811756530{margin-top: 0px !important;}&#8221;][vc_wp_custommenu nav_menu=&#8221;6555&#8243;][\/vc_column][\/vc_row][vc_row content_placement=&#8221;middle&#8221; el_class=&#8221;split-text-section&#8221; css=&#8221;.vc_custom_1612178922405{margin-top: 3% !important;margin-bottom: 3% !important;}&#8221;][vc_column width=&#8221;1\/2&#8243; css=&#8221;.vc_custom_1612178154599{padding-top: 6% !important;padding-right: 15px !important;padding-bottom: 6% !important;padding-left: 6% !important;border-radius: 20px !important;}&#8221; el_class=&#8221;nostra-rao-column&#8221;][vc_column_text el_class=&#8221;subtitle-turbula&#8221; css=&#8221;.vc_custom_1612178067003{margin-bottom: 0px !important;}&#8221;] MORE THAN 60 YEARS ACCOMPANYING OUR &hellip;","og_url":"https:\/\/escolaturbula.com\/escola\/la-nostra-rao-de-ser\/","og_site_name":"Escola T\u00farbula","article_publisher":"https:\/\/www.facebook.com\/escola.turbula.oficial\/","article_modified_time":"2025-01-16T10:08:04+00:00","og_image":[{"width":2560,"height":1076,"url":"https:\/\/escolaturbula.com\/wp-content\/uploads\/2020\/11\/slider-turbula-test-2.jpg","type":"image\/jpeg"}],"twitter_card":"summary_large_image","twitter_site":"@turbula","twitter_misc":{"Est. reading time":"4 minutes"},"schema":{"@context":"https:\/\/schema.org","@graph":[{"@type":"WebPage","@id":"https:\/\/escolaturbula.com\/escola\/la-nostra-rao-de-ser\/","url":"https:\/\/escolaturbula.com\/escola\/la-nostra-rao-de-ser\/","name":"Our reason for being - Escola T\u00farbula","isPartOf":{"@id":"https:\/\/escolaturbula.com\/es\/#website"},"primaryImageOfPage":{"@id":"https:\/\/escolaturbula.com\/escola\/la-nostra-rao-de-ser\/#primaryimage"},"image":{"@id":"https:\/\/escolaturbula.com\/escola\/la-nostra-rao-de-ser\/#primaryimage"},"thumbnailUrl":"https:\/\/escolaturbula.com\/wp-content\/uploads\/2020\/11\/slider-turbula-test-2.jpg","datePublished":"2021-03-18T11:28:03+00:00","dateModified":"2025-01-16T10:08:04+00:00","breadcrumb":{"@id":"https:\/\/escolaturbula.com\/escola\/la-nostra-rao-de-ser\/#breadcrumb"},"inLanguage":"en-US","potentialAction":[{"@type":"ReadAction","target":["https:\/\/escolaturbula.com\/escola\/la-nostra-rao-de-ser\/"]}]},{"@type":"ImageObject","inLanguage":"en-US","@id":"https:\/\/escolaturbula.com\/escola\/la-nostra-rao-de-ser\/#primaryimage","url":"https:\/\/escolaturbula.com\/wp-content\/uploads\/2020\/11\/slider-turbula-test-2.jpg","contentUrl":"https:\/\/escolaturbula.com\/wp-content\/uploads\/2020\/11\/slider-turbula-test-2.jpg","width":2560,"height":1076},{"@type":"BreadcrumbList","@id":"https:\/\/escolaturbula.com\/escola\/la-nostra-rao-de-ser\/#breadcrumb","itemListElement":[{"@type":"ListItem","position":1,"name":"The School","item":"https:\/\/escolaturbula.com\/en\/the-school\/"},{"@type":"ListItem","position":2,"name":"Our reason for being"}]},{"@type":"WebSite","@id":"https:\/\/escolaturbula.com\/es\/#website","url":"https:\/\/escolaturbula.com\/es\/","name":"Escola Turbula","description":"Colegio privado en Sant Adri\u00e0 de Bes\u00f2s, Barcelona","publisher":{"@id":"https:\/\/escolaturbula.com\/es\/#organization"},"alternateName":"Escola Turbula","potentialAction":[{"@type":"SearchAction","target":{"@type":"EntryPoint","urlTemplate":"https:\/\/escolaturbula.com\/es\/?s={search_term_string}"},"query-input":{"@type":"PropertyValueSpecification","valueRequired":true,"valueName":"search_term_string"}}],"inLanguage":"en-US"},{"@type":"Organization","@id":"https:\/\/escolaturbula.com\/es\/#organization","name":"Escola Turbula","alternateName":"Escola Turbula","url":"https:\/\/escolaturbula.com\/es\/","logo":{"@type":"ImageObject","inLanguage":"en-US","@id":"https:\/\/escolaturbula.com\/es\/#\/schema\/logo\/image\/","url":"https:\/\/escolaturbula.com\/wp-content\/uploads\/2015\/07\/logo_trbl-1.png","contentUrl":"https:\/\/escolaturbula.com\/wp-content\/uploads\/2015\/07\/logo_trbl-1.png","width":282,"height":75,"caption":"Escola Turbula"},"image":{"@id":"https:\/\/escolaturbula.com\/es\/#\/schema\/logo\/image\/"},"sameAs":["https:\/\/www.facebook.com\/escola.turbula.oficial\/","https:\/\/x.com\/turbula"]}]}},"_links":{"self":[{"href":"https:\/\/escolaturbula.com\/en\/wp-json\/wp\/v2\/pages\/16386","targetHints":{"allow":["GET"]}}],"collection":[{"href":"https:\/\/escolaturbula.com\/en\/wp-json\/wp\/v2\/pages"}],"about":[{"href":"https:\/\/escolaturbula.com\/en\/wp-json\/wp\/v2\/types\/page"}],"author":[{"embeddable":true,"href":"https:\/\/escolaturbula.com\/en\/wp-json\/wp\/v2\/users\/1"}],"replies":[{"embeddable":true,"href":"https:\/\/escolaturbula.com\/en\/wp-json\/wp\/v2\/comments?post=16386"}],"version-history":[{"count":4,"href":"https:\/\/escolaturbula.com\/en\/wp-json\/wp\/v2\/pages\/16386\/revisions"}],"predecessor-version":[{"id":26516,"href":"https:\/\/escolaturbula.com\/en\/wp-json\/wp\/v2\/pages\/16386\/revisions\/26516"}],"up":[{"embeddable":true,"href":"https:\/\/escolaturbula.com\/en\/wp-json\/wp\/v2\/pages\/16413"}],"wp:featuredmedia":[{"embeddable":true,"href":"https:\/\/escolaturbula.com\/en\/wp-json\/wp\/v2\/media\/14121"}],"wp:attachment":[{"href":"https:\/\/escolaturbula.com\/en\/wp-json\/wp\/v2\/media?parent=16386"}],"curies":[{"name":"wp","href":"https:\/\/api.w.org\/{rel}","templated":true}]}}