{"id":18718,"date":"2021-07-09T11:44:11","date_gmt":"2021-07-09T11:44:11","guid":{"rendered":"https:\/\/escolaturbula.com\/privacy-policy-and-social-networks\/"},"modified":"2021-07-09T11:44:13","modified_gmt":"2021-07-09T11:44:13","slug":"privacy-policy-and-social-networks","status":"publish","type":"page","link":"https:\/\/escolaturbula.com\/en\/privacy-policy-and-social-networks\/","title":{"rendered":"Privacy policy and social networks"},"content":{"rendered":"<div class=\"wpb-content-wrapper\"><p>[vc_row css=&#8221;.vc_custom_1612945124474{padding-top: 50px !important;}&#8221;][vc_column][vc_column_text]<\/p>\n<h1> Social media privacy policy <\/h1>\n<p> <strong> 1. Introduction <\/strong> <\/p>\n<p> In accordance with the provisions of current and applicable regulations on the Protection of Personal Data (* RGPD) and Law 34\/2002, of 11 July, on Information Society Services and de Comer\u00e7 Electr\u00f2nic (LSSI-CE), INSTITUCI\u00d3 ESCOLAR T\u00daRBULA SL informs users that it has proceeded to create a profile on the Social Networks Facebook, Twitter, Instagram with the main purpose of advertising its products and services. <\/p>\n<p> Details of INSTITUCI\u00d3 ESCOLAR T\u00daRBULA S.L: <\/p>\n<p> CIF: B08794000 <br \/>\nADDRESS: CTRA. DE * MATARO, 26 08930, * SANT * ADRIA DE PETONS (BARCELONA). <br \/>\nEMAIL: info@turbula.es <br \/>\nWEB DOMAIN: www.escolaturbula.com <\/p>\n<p> The user has a profile on the same Social Network and has decided to join the page created by INSTITUCI\u00d3 ESCOLAR T\u00daRBULA S.L., thus showing interest in the information that is advertised on the Network. By joining our page, you provide us with your consent for the processing of those personal data published in your profile. <\/p>\n<p> The user can access the privacy policies of the Social Network at any time, as well as configure their profile to ensure their privacy. <\/p>\n<p> INSTITUCI\u00d3 ESCOLAR T\u00daRBULA S.L has access to and processes that public information of the user, especially his contact name. This data is only used within the Social Network itself. They are not incorporated into any treatment system. <\/p>\n<p> In relation to the rights of access, rectification, limitation of processing, deletion, portability and opposition to the processing of your personal data, which you have and which may be exercised before INSTITUCI\u00d3 ESCOLAR T\u00daRBULA SL, in agreement with the * RGPD, it must take into account the following nuances: <\/p>\n<ul>\n<li> Right of Access: This is the user&#8217;s right to obtain information about their specific personal data and the processing that has been carried out or is being carried out, as well as the information available about their origin. data and communications made or planned thereof. <\/li>\n<li> Right of Rectification: It is the right of the affected party to modify the data that turn out to be inaccurate or incomplete. You can only be satisfied in relation to that information that is under the control of INSTITUCI\u00d3 ESCOLAR T\u00daRBULA SL, for example, delete comments posted on the page itself, images or web content containing personal data of the user. <\/ li>\n<li> Right to Limitation of Treatment: This is the right to limit the purposes of treatment originally provided for by the controller. <br \/>\nRight of Deletion: It is the right to delete the user&#8217;s personal data, except as provided in the RGPD itself or in other applicable regulations that determine the obligation to keep them, within the period and in the appropriate form. <\/li>\n<li> Right of portability: The right to receive the personal data that the user has provided, in a structured format, of common use and machine reading, and to transmit them to another person in charge. <\/li>\n<li> Right of Opposition: It is the right of the user not to carry out the processing of their personal data or cease the processing of the same by INSTITUCI\u00d3 ESCOLAR T\u00daRBULA S.L. <\/li>\n<\/ul>\n<p> INSTITUCI\u00d3 ESCOLAR T\u00daRBULA S.L will carry out the following actions: <\/p>\n<ul>\n<li> Access to public profile information. <\/li>\n<li> Publication in the user profile of all that information already published on the page of INSTITUCI\u00d3 ESCOLAR T\u00daRBULA S.L. <\/li>\n<li> Send personal and individual messages through Social Network channels. <\/li>\n<li> Page status updates to be posted to the user&#8217;s profile. <\/li>\n<\/ul>\n<p> The user can always control their connections, remove content that no longer interests them and restrict who they share their connections with, for which they will have to access their privacy settings. <\/p>\n<p> <strong> 2. Posts <\/strong> <\/p>\n<p> The user, once linked to the page of INSTITUCI\u00d3 ESCOLAR T\u00daRBULA S.L, may publish in the latter comments, links, images or photographs or any other type of multimedia content supported by the Social Network. The user, in all cases, must be the owner of these, enjoy copyright and intellectual property rights or have the consent of affected third parties. Any publication on the page, whether texts, graphics, photographs, videos, etc. is expressly prohibited. that attack or are likely to violate morals, ethics, good taste or decorum, and \/ or that infringe, violate or infringe intellectual or industrial property rights, the right to image or the Law . In these cases, INSTITUCI\u00d3 ESCOLAR T\u00daRBULA S.L reserves the right to immediately remove the content, and may request the permanent blocking of the user. <\/p>\n<p> INSTITUCI\u00d3 ESCOLAR T\u00daRBULA S.L will not be held responsible for the contents freely published by a user. <\/p>\n<p> The user must keep in mind that their posts will be known by other users, so he is primarily responsible for their privacy. <\/p>\n<p> The images that may be published on the page will not be stored in any processing system by INSTITUCI\u00d3 ESCOLAR T\u00daRBULA S.L., but they will remain on the Social Network. <\/p>\n<p> <strong> 3. Contests and promotions <\/strong> <\/p>\n<p> INSTITUCI\u00d3 ESCOLAR T\u00daRBULA S.L reserves the right to hold contests and promotions, in which the user attached to its page may participate. The bases of each of them, when the platform of the Social Network is used for it, will be published in this one. Always comply with the * LSSI-CE and any other applicable rules. <\/p>\n<p> The Social Network does not sponsor, endorse or administer, in any way, any of our promotions, nor is it associated with any of them. <\/p>\n<p> <strong> 4. Advertising <\/strong> <\/p>\n<p> INSTITUCI\u00d3 ESCOLAR T\u00daRBULA SL will use the Social Network to advertise its products and services, in any case, if you decide to process your contact details to carry out direct commercial prospecting actions, it will always be in compliance with the legal requirements of the RGPD and the LSSI-CE. <\/p>\n<p> The fact of recommending the INSTITUCI\u00d3 ESCOLAR T\u00daRBULA S.L page to other users so that they too can enjoy the promotions or be informed of their activity will not be considered advertising. <\/p>\n<p> Here is the link to the Social Network privacy policy: <\/p>\n<ul>\n<li> Facebook: https:\/\/www.facebook.com\/help\/323540651073243\/ <\/li>\n<li> Twitter: https:\/\/twitter.com\/privacy <\/li>\n<li> Instagram: http:\/\/instagram.com\/about\/legal\/privacy\/ <\/li>\n<\/ul>\n<p>[\/vc_column_text][\/vc_column][\/vc_row][vc_row full_width=&#8221;stretch_row&#8221; content_placement=&#8221;middle&#8221; css=&#8221;.vc_custom_1608629489440{margin-top: 9% !important;padding-top: 2% !important;padding-bottom: 2% !important;background-image: url(http:\/\/escolaturbula.com\/wp-content\/uploads\/2020\/12\/escola-turbula-cta-contactos-ninos.jpg?id=12701) !important;background-position: center !important;background-repeat: no-repeat !important;background-size: cover !important;}&#8221; el_class=&#8221;thim-bg-overlay cta-contact&#8221;][vc_column][vc_row_inner equal_height=&#8221;yes&#8221; content_placement=&#8221;middle&#8221;][vc_column_inner width=&#8221;1\/2&#8243;][vc_column_text el_class=&#8221;subtitle-turbula&#8221; css=&#8221;.vc_custom_1611837012008{margin-bottom: 0px !important;}&#8221;]<\/p>\n<h6 class=\"subtitle-turbula\" style=\"text-align: left;\"><span style=\"color: #ffffff;\">CONTACTS<\/span><\/h6>\n<p>[\/vc_column_text][vc_column_text css_animation=&#8221;fadeInUp&#8221; css=&#8221;.vc_custom_1608554249617{padding-bottom: 10px !important;}&#8221;]<\/p>\n<h2 class=\"title-turbula\" style=\"text-align: left;\"><span style=\"color: #ffffff;\">Do you want to contact us?<\/span><\/h2>\n<p>[\/vc_column_text][\/vc_column_inner][vc_column_inner el_class=&#8221;cta-contactanos-button&#8221; width=&#8221;1\/2&#8243;]<div class=\"thim-widget-button template-base\"><a class=\"widget-button very-rounded medium custom_style position-after\" href=\"\/en\/contacts\/\" style=\"font-size: 14px;border-width: 1px;color: #ffffff;border-color: #ffffff;background-color: rgba(0,0,0,0.01);\" data-hover=\"font-size: 14px;border-width: 1px;color: #0274c8;border-color: #1e73be;background-color: #ffffff;\">CONTACT US<i class=\"fas fa-envelope\" style=\"font-size: 14px;\"><\/i> <\/a><\/div>[\/vc_column_inner][\/vc_row_inner][vc_row_inner content_placement=&#8221;middle&#8221; css=&#8221;.vc_custom_1608555702803{padding-top: 20px !important;padding-bottom: 20px !important;}&#8221;][vc_column_inner width=&#8221;1\/6&#8243;][\/vc_column_inner][vc_column_inner el_class=&#8221;social-contacts&#8221; width=&#8221;4\/6&#8243;][vc_column_text el_class=&#8221;cta-text&#8221;]<\/p>\n<p style=\"font-size: 1.3em; text-align: left; display: inline-block;\"><span style=\"color: #2970aa;\"><strong>Follow us on social media:<\/strong><\/span><\/p>\n<p>[\/vc_column_text]<div class=\"vc-extral_class cta-social\"><div class=\"thim-widget-social template-base\"><div class=\"thim-social style-4\">\n\t\t<ul class=\"social_link\">\n\t\t<li><a class=\"facebook hasTooltip\" href=\"https:\/\/www.facebook.com\/escola.turbula.oficial\" target=\"_blank\"><i class=\"fa fa-facebook\"><\/i><\/a><\/li><li><a class=\"twitter hasTooltip\" href=\"https:\/\/twitter.com\/turbula?lang=es\" target=\"_blank\" ><i class=\"fa fa-x-twitter\"><\/i><\/a><\/li><li><a class=\"instagram hasTooltip\" href=\"https:\/\/www.instagram.com\/turbulaescola\/\" target=\"_blank\" ><i class=\"fa fa-instagram\"><\/i><\/a><\/li><li><a class=\"youtube hasTooltip\" href=\"https:\/\/www.youtube.com\/user\/TurbulaTV\" target=\"_blank\" ><i class=\"fa fa-youtube\"><\/i><\/a><\/li>\t<\/ul>\n<\/div><\/div><\/div>[\/vc_column_inner][vc_column_inner width=&#8221;1\/6&#8243;][\/vc_column_inner][\/vc_row_inner][\/vc_column][\/vc_row]<\/p>\n<\/div>","protected":false},"excerpt":{"rendered":"<p>[vc_row css=&#8221;.vc_custom_1612945124474{padding-top: 50px !important;}&#8221;][vc_column][vc_column_text] Social media privacy policy 1. Introduction In accordance with the provisions of current and applicable regulations on the Protection of Personal Data (* RGPD) and Law 34\/2002, of 11 July, on Information Society Services and de &hellip; <\/p>\n","protected":false},"author":1,"featured_media":0,"parent":0,"menu_order":0,"comment_status":"closed","ping_status":"closed","template":"","meta":{"footnotes":""},"class_list":["post-18718","page","type-page","status-publish","hentry"],"yoast_head":"<!-- This site is optimized with the Yoast SEO plugin v27.3 - https:\/\/yoast.com\/product\/yoast-seo-wordpress\/ -->\n<title>Privacy policy and social networks - Escola T\u00farbula<\/title>\n<meta name=\"robots\" content=\"noindex, nofollow\" \/>\n<meta property=\"og:locale\" content=\"en_US\" \/>\n<meta property=\"og:type\" content=\"article\" \/>\n<meta property=\"og:title\" content=\"Privacy policy and social networks - Escola T\u00farbula\" \/>\n<meta property=\"og:description\" content=\"[vc_row css=&#8221;.vc_custom_1612945124474{padding-top: 50px !important;}&#8221;][vc_column][vc_column_text] Social media privacy policy 1. Introduction In accordance with the provisions of current and applicable regulations on the Protection of Personal Data (* RGPD) and Law 34\/2002, of 11 July, on Information Society Services and de &hellip;\" \/>\n<meta property=\"og:url\" content=\"https:\/\/escolaturbula.com\/en\/privacy-policy-and-social-networks\/\" \/>\n<meta property=\"og:site_name\" content=\"Escola T\u00farbula\" \/>\n<meta property=\"article:publisher\" content=\"https:\/\/www.facebook.com\/escola.turbula.oficial\/\" \/>\n<meta property=\"article:modified_time\" content=\"2021-07-09T11:44:13+00:00\" \/>\n<meta name=\"twitter:card\" content=\"summary_large_image\" \/>\n<meta name=\"twitter:site\" content=\"@turbula\" \/>\n<meta name=\"twitter:label1\" content=\"Est. reading time\" \/>\n\t<meta name=\"twitter:data1\" content=\"6 minutes\" \/>\n<script type=\"application\/ld+json\" class=\"yoast-schema-graph\">{\"@context\":\"https:\\\/\\\/schema.org\",\"@graph\":[{\"@type\":\"WebPage\",\"@id\":\"https:\\\/\\\/escolaturbula.com\\\/en\\\/privacy-policy-and-social-networks\\\/\",\"url\":\"https:\\\/\\\/escolaturbula.com\\\/en\\\/privacy-policy-and-social-networks\\\/\",\"name\":\"Privacy policy and social networks - Escola T\u00farbula\",\"isPartOf\":{\"@id\":\"https:\\\/\\\/escolaturbula.com\\\/es\\\/#website\"},\"datePublished\":\"2021-07-09T11:44:11+00:00\",\"dateModified\":\"2021-07-09T11:44:13+00:00\",\"inLanguage\":\"en-US\",\"potentialAction\":[{\"@type\":\"ReadAction\",\"target\":[\"https:\\\/\\\/escolaturbula.com\\\/en\\\/privacy-policy-and-social-networks\\\/\"]}]},{\"@type\":\"WebSite\",\"@id\":\"https:\\\/\\\/escolaturbula.com\\\/es\\\/#website\",\"url\":\"https:\\\/\\\/escolaturbula.com\\\/es\\\/\",\"name\":\"Escola Turbula\",\"description\":\"Colegio privado en Sant Adri\u00e0 de Bes\u00f2s, Barcelona\",\"publisher\":{\"@id\":\"https:\\\/\\\/escolaturbula.com\\\/es\\\/#organization\"},\"alternateName\":\"Escola Turbula\",\"potentialAction\":[{\"@type\":\"SearchAction\",\"target\":{\"@type\":\"EntryPoint\",\"urlTemplate\":\"https:\\\/\\\/escolaturbula.com\\\/es\\\/?s={search_term_string}\"},\"query-input\":{\"@type\":\"PropertyValueSpecification\",\"valueRequired\":true,\"valueName\":\"search_term_string\"}}],\"inLanguage\":\"en-US\"},{\"@type\":\"Organization\",\"@id\":\"https:\\\/\\\/escolaturbula.com\\\/es\\\/#organization\",\"name\":\"Escola Turbula\",\"alternateName\":\"Escola Turbula\",\"url\":\"https:\\\/\\\/escolaturbula.com\\\/es\\\/\",\"logo\":{\"@type\":\"ImageObject\",\"inLanguage\":\"en-US\",\"@id\":\"https:\\\/\\\/escolaturbula.com\\\/es\\\/#\\\/schema\\\/logo\\\/image\\\/\",\"url\":\"https:\\\/\\\/escolaturbula.com\\\/wp-content\\\/uploads\\\/2015\\\/07\\\/logo_trbl-1.png\",\"contentUrl\":\"https:\\\/\\\/escolaturbula.com\\\/wp-content\\\/uploads\\\/2015\\\/07\\\/logo_trbl-1.png\",\"width\":282,\"height\":75,\"caption\":\"Escola Turbula\"},\"image\":{\"@id\":\"https:\\\/\\\/escolaturbula.com\\\/es\\\/#\\\/schema\\\/logo\\\/image\\\/\"},\"sameAs\":[\"https:\\\/\\\/www.facebook.com\\\/escola.turbula.oficial\\\/\",\"https:\\\/\\\/x.com\\\/turbula\"]}]}<\/script>\n<!-- \/ Yoast SEO plugin. -->","yoast_head_json":{"title":"Privacy policy and social networks - Escola T\u00farbula","robots":{"index":"noindex","follow":"nofollow"},"og_locale":"en_US","og_type":"article","og_title":"Privacy policy and social networks - Escola T\u00farbula","og_description":"[vc_row css=&#8221;.vc_custom_1612945124474{padding-top: 50px !important;}&#8221;][vc_column][vc_column_text] Social media privacy policy 1. Introduction In accordance with the provisions of current and applicable regulations on the Protection of Personal Data (* RGPD) and Law 34\/2002, of 11 July, on Information Society Services and de &hellip;","og_url":"https:\/\/escolaturbula.com\/en\/privacy-policy-and-social-networks\/","og_site_name":"Escola T\u00farbula","article_publisher":"https:\/\/www.facebook.com\/escola.turbula.oficial\/","article_modified_time":"2021-07-09T11:44:13+00:00","twitter_card":"summary_large_image","twitter_site":"@turbula","twitter_misc":{"Est. reading time":"6 minutes"},"schema":{"@context":"https:\/\/schema.org","@graph":[{"@type":"WebPage","@id":"https:\/\/escolaturbula.com\/en\/privacy-policy-and-social-networks\/","url":"https:\/\/escolaturbula.com\/en\/privacy-policy-and-social-networks\/","name":"Privacy policy and social networks - Escola T\u00farbula","isPartOf":{"@id":"https:\/\/escolaturbula.com\/es\/#website"},"datePublished":"2021-07-09T11:44:11+00:00","dateModified":"2021-07-09T11:44:13+00:00","inLanguage":"en-US","potentialAction":[{"@type":"ReadAction","target":["https:\/\/escolaturbula.com\/en\/privacy-policy-and-social-networks\/"]}]},{"@type":"WebSite","@id":"https:\/\/escolaturbula.com\/es\/#website","url":"https:\/\/escolaturbula.com\/es\/","name":"Escola Turbula","description":"Colegio privado en Sant Adri\u00e0 de Bes\u00f2s, Barcelona","publisher":{"@id":"https:\/\/escolaturbula.com\/es\/#organization"},"alternateName":"Escola Turbula","potentialAction":[{"@type":"SearchAction","target":{"@type":"EntryPoint","urlTemplate":"https:\/\/escolaturbula.com\/es\/?s={search_term_string}"},"query-input":{"@type":"PropertyValueSpecification","valueRequired":true,"valueName":"search_term_string"}}],"inLanguage":"en-US"},{"@type":"Organization","@id":"https:\/\/escolaturbula.com\/es\/#organization","name":"Escola Turbula","alternateName":"Escola Turbula","url":"https:\/\/escolaturbula.com\/es\/","logo":{"@type":"ImageObject","inLanguage":"en-US","@id":"https:\/\/escolaturbula.com\/es\/#\/schema\/logo\/image\/","url":"https:\/\/escolaturbula.com\/wp-content\/uploads\/2015\/07\/logo_trbl-1.png","contentUrl":"https:\/\/escolaturbula.com\/wp-content\/uploads\/2015\/07\/logo_trbl-1.png","width":282,"height":75,"caption":"Escola Turbula"},"image":{"@id":"https:\/\/escolaturbula.com\/es\/#\/schema\/logo\/image\/"},"sameAs":["https:\/\/www.facebook.com\/escola.turbula.oficial\/","https:\/\/x.com\/turbula"]}]}},"_links":{"self":[{"href":"https:\/\/escolaturbula.com\/en\/wp-json\/wp\/v2\/pages\/18718","targetHints":{"allow":["GET"]}}],"collection":[{"href":"https:\/\/escolaturbula.com\/en\/wp-json\/wp\/v2\/pages"}],"about":[{"href":"https:\/\/escolaturbula.com\/en\/wp-json\/wp\/v2\/types\/page"}],"author":[{"embeddable":true,"href":"https:\/\/escolaturbula.com\/en\/wp-json\/wp\/v2\/users\/1"}],"replies":[{"embeddable":true,"href":"https:\/\/escolaturbula.com\/en\/wp-json\/wp\/v2\/comments?post=18718"}],"version-history":[{"count":2,"href":"https:\/\/escolaturbula.com\/en\/wp-json\/wp\/v2\/pages\/18718\/revisions"}],"predecessor-version":[{"id":18720,"href":"https:\/\/escolaturbula.com\/en\/wp-json\/wp\/v2\/pages\/18718\/revisions\/18720"}],"wp:attachment":[{"href":"https:\/\/escolaturbula.com\/en\/wp-json\/wp\/v2\/media?parent=18718"}],"curies":[{"name":"wp","href":"https:\/\/api.w.org\/{rel}","templated":true}]}}