{"id":27945,"date":"2026-03-23T10:59:37","date_gmt":"2026-03-23T10:59:37","guid":{"rendered":"https:\/\/escolaturbula.com\/?page_id=27945"},"modified":"2026-03-23T10:59:37","modified_gmt":"2026-03-23T10:59:37","slug":"preinscripcions","status":"publish","type":"page","link":"https:\/\/escolaturbula.com\/en\/preinscripcions\/","title":{"rendered":"Preinscripcions"},"content":{"rendered":"<div class=\"wpb-content-wrapper\"><p>[vc_row full_width=&#8221;stretch_row&#8221; css=&#8221;.vc_custom_1602063325810{background-image: url(http:\/\/escolaturbula.com\/wp-content\/uploads\/2020\/10\/test-2.jpg?id=12213) !important;background-position: center !important;background-repeat: no-repeat !important;background-size: cover !important;}&#8221;][vc_column][vc_empty_space height=&#8221;450px&#8221;][\/vc_column][\/vc_row][vc_row el_id=&#8221;menjador&#8221; el_class=&#8221;anchor&#8221; css=&#8221;.vc_custom_1611047924962{margin-top: -180px !important;padding-top: 180px !important;}&#8221;][vc_column][\/vc_column][\/vc_row][vc_row content_placement=&#8221;middle&#8221; el_class=&#8221;educativa-split-section&#8221; css=&#8221;.vc_custom_1611047175997{margin-top: 4% !important;margin-bottom: 2% !important;}&#8221;][vc_column width=&#8221;1\/2&#8243; css=&#8221;.vc_custom_1611224764903{padding-top: 6% !important;padding-right: 6% !important;padding-bottom: 6% !important;padding-left: 6% !important;background-position: center !important;background-repeat: no-repeat !important;background-size: cover !important;}&#8221; el_class=&#8221;educativa-split-section-image&#8221;]<div class=\"thim-widget-single-images template-single-images\">\n<div class=\"single-image text-left\"><img src =\"https:\/\/escolaturbula.com\/wp-content\/uploads\/2020\/12\/test-2.jpg\" width=\"730\" height=\"913\" alt=\"\"\/><\/div><\/div>[\/vc_column][vc_column css_animation=&#8221;none&#8221; width=&#8221;1\/2&#8243; css=&#8221;.vc_custom_1608117914755{padding-top: 7% !important;padding-right: 8% !important;padding-bottom: 7% !important;padding-left: 8% !important;background-color: #ffffff !important;border-radius: 5px !important;}&#8221; el_class=&#8221;educativa-split-section-text&#8221;][vc_column_text css_animation=&#8221;none&#8221; css=&#8221;.vc_custom_1614941146254{padding-bottom: 10px !important;}&#8221;]<\/p>\n<h2 class=\"educativa-title-turbula\" style=\"text-align: left;\">Club Migdia<\/h2>\n<p>[\/vc_column_text][vc_separator color=&#8221;custom&#8221; align=&#8221;align_left&#8221; border_width=&#8221;3&#8243; el_width=&#8221;10&#8243; accent_color=&#8221;#1879be&#8221;][vc_column_text]<span style=\"font-weight: 400;\">L\u2019Escola ofereix a les fam\u00edlies que ho necessitin el servei de <strong>Club de Migdia (inclou menjador escolar)<\/strong>. Comptem amb cuina pr\u00f2pia i tots els men\u00fas es preparen a diari per personal qualificat, atenent a les necessitats nutricionals dels nostres infants i joves.<\/span><\/p>\n<p><span style=\"font-weight: 400;\">Els men\u00fas presenten un <strong>acurat equilibri nutricional amb productes de temporada frescos i de proximitat<\/strong> i estan elaborats de forma casolana seguint estrictes protocols de qualitat en la seva manipulaci\u00f3 i elaboraci\u00f3. <\/span><span style=\"font-weight: 400;\">Atenem les necessitats individuals d\u2019intol\u00b7ler\u00e0ncies o d\u2019al\u00b7l\u00e8rgies dels nostres infants adaptant els men\u00fas en cada cas. Tamb\u00e9 oferim men\u00fa vegetari\u00e0 a qui aix\u00ed ho sol\u00b7liciti.<\/span><\/p>\n<p><a style=\"color: #1879be; font-weight: 500;\" href=\"https:\/\/docs.google.com\/forms\/d\/e\/1FAIpQLSfN7OIbC7xd5H_1OWTkV3VtuQYNxMS54kufdDq23X7R2ownoA\/viewform\" target=\"_blank\" rel=\"noopener\"><strong>Formulari d&#8217;inscripci\u00f3 a l&#8217;servei<\/strong> <i class=\"fa fa-arrow-circle-right\" style=\"color: #1879be;\" aria-hidden=\"true\"><\/i><\/a>[\/vc_column_text][vc_row_inner][vc_column_inner width=&#8221;1\/2&#8243;]<div class=\"vc-extral_class secretaria-button\"><div class=\"thim-widget-button template-base\"><a class=\"widget-button very-rounded medium custom_style position-after\" href=\"https:\/\/escolaturbula.com\/wp-content\/uploads\/2021\/09\/MENU\u0301-ESCOLA-SETEMBRE-2021.pdf\" target=\"_blank\" style=\"font-size: 14px;border-width: 1px;color: #0481c9;border-color: #0481c9;background-color: rgba(0,127,201,0.01);\" data-hover=\"font-size: 14px;border-width: 1px;color: #ffffff;border-color: #ffffff;background-color: #0481c9;\">MEN\u00da ESCOLA<\/a><\/div><\/div>[\/vc_column_inner][vc_column_inner width=&#8221;1\/2&#8243;]<div class=\"vc-extral_class centered-button\"><div class=\"thim-widget-button template-base\"><a class=\"widget-button very-rounded medium custom_style position-after\" href=\"https:\/\/escolaturbula.com\/wp-content\/uploads\/2021\/09\/MENU\u0301-SETEMBRE-LLAR-DINFANTS-TURBULA.pdf\" target=\"_blank\" style=\"font-size: 14px;border-width: 1px;color: #0481c9;border-color: #0481c9;background-color: rgba(0,127,201,0.01);\" data-hover=\"font-size: 14px;border-width: 1px;color: #ffffff;border-color: #ffffff;background-color: #0481c9;\">MEN\u00da LLAR<\/a><\/div><\/div>[\/vc_column_inner][\/vc_row_inner][\/vc_column][\/vc_row]<\/p>\n<\/div>","protected":false},"excerpt":{"rendered":"<p>[vc_row full_width=&#8221;stretch_row&#8221; css=&#8221;.vc_custom_1602063325810{background-image: url(http:\/\/escolaturbula.com\/wp-content\/uploads\/2020\/10\/test-2.jpg?id=12213) !important;background-position: center !important;background-repeat: no-repeat !important;background-size: cover !important;}&#8221;][vc_column][vc_empty_space height=&#8221;450px&#8221;][\/vc_column][\/vc_row][vc_row el_id=&#8221;menjador&#8221; el_class=&#8221;anchor&#8221; css=&#8221;.vc_custom_1611047924962{margin-top: -180px !important;padding-top: 180px !important;}&#8221;][vc_column][\/vc_column][\/vc_row][vc_row content_placement=&#8221;middle&#8221; el_class=&#8221;educativa-split-section&#8221; css=&#8221;.vc_custom_1611047175997{margin-top: 4% !important;margin-bottom: 2% !important;}&#8221;][vc_column width=&#8221;1\/2&#8243; css=&#8221;.vc_custom_1611224764903{padding-top: 6% !important;padding-right: 6% !important;padding-bottom: 6% !important;padding-left: 6% !important;background-position: center !important;background-repeat: no-repeat !important;background-size: &hellip; <\/p>\n","protected":false},"author":1,"featured_media":0,"parent":0,"menu_order":0,"comment_status":"closed","ping_status":"closed","template":"","meta":{"footnotes":""},"class_list":["post-27945","page","type-page","status-publish","hentry"],"yoast_head":"<!-- This site is optimized with the Yoast SEO plugin v27.3 - https:\/\/yoast.com\/product\/yoast-seo-wordpress\/ -->\n<title>Preinscripcions - Escola T\u00farbula<\/title>\n<meta name=\"robots\" content=\"index, follow, max-snippet:-1, max-image-preview:large, max-video-preview:-1\" \/>\n<link rel=\"canonical\" href=\"https:\/\/escolaturbula.com\/en\/preinscripcions\/\" \/>\n<meta property=\"og:locale\" content=\"en_US\" \/>\n<meta property=\"og:type\" content=\"article\" \/>\n<meta property=\"og:title\" content=\"Preinscripcions - Escola T\u00farbula\" \/>\n<meta property=\"og:description\" content=\"[vc_row full_width=&#8221;stretch_row&#8221; css=&#8221;.vc_custom_1602063325810{background-image: url(http:\/\/escolaturbula.com\/wp-content\/uploads\/2020\/10\/test-2.jpg?id=12213) !important;background-position: center !important;background-repeat: no-repeat !important;background-size: cover !important;}&#8221;][vc_column][vc_empty_space height=&#8221;450px&#8221;][\/vc_column][\/vc_row][vc_row el_id=&#8221;menjador&#8221; el_class=&#8221;anchor&#8221; css=&#8221;.vc_custom_1611047924962{margin-top: -180px !important;padding-top: 180px !important;}&#8221;][vc_column][\/vc_column][\/vc_row][vc_row content_placement=&#8221;middle&#8221; el_class=&#8221;educativa-split-section&#8221; css=&#8221;.vc_custom_1611047175997{margin-top: 4% !important;margin-bottom: 2% !important;}&#8221;][vc_column width=&#8221;1\/2&#8243; css=&#8221;.vc_custom_1611224764903{padding-top: 6% !important;padding-right: 6% !important;padding-bottom: 6% !important;padding-left: 6% !important;background-position: center !important;background-repeat: no-repeat !important;background-size: &hellip;\" \/>\n<meta property=\"og:url\" content=\"https:\/\/escolaturbula.com\/en\/preinscripcions\/\" \/>\n<meta property=\"og:site_name\" content=\"Escola T\u00farbula\" \/>\n<meta property=\"article:publisher\" content=\"https:\/\/www.facebook.com\/escola.turbula.oficial\/\" \/>\n<meta name=\"twitter:card\" content=\"summary_large_image\" \/>\n<meta name=\"twitter:site\" content=\"@turbula\" \/>\n<script type=\"application\/ld+json\" class=\"yoast-schema-graph\">{\"@context\":\"https:\\\/\\\/schema.org\",\"@graph\":[{\"@type\":\"WebPage\",\"@id\":\"https:\\\/\\\/escolaturbula.com\\\/en\\\/preinscripcions\\\/\",\"url\":\"https:\\\/\\\/escolaturbula.com\\\/en\\\/preinscripcions\\\/\",\"name\":\"Preinscripcions - Escola T\u00farbula\",\"isPartOf\":{\"@id\":\"https:\\\/\\\/escolaturbula.com\\\/es\\\/#website\"},\"datePublished\":\"2026-03-23T10:59:37+00:00\",\"inLanguage\":\"en-US\",\"potentialAction\":[{\"@type\":\"ReadAction\",\"target\":[\"https:\\\/\\\/escolaturbula.com\\\/en\\\/preinscripcions\\\/\"]}]},{\"@type\":\"WebSite\",\"@id\":\"https:\\\/\\\/escolaturbula.com\\\/es\\\/#website\",\"url\":\"https:\\\/\\\/escolaturbula.com\\\/es\\\/\",\"name\":\"Escola Turbula\",\"description\":\"Colegio privado en Sant Adri\u00e0 de Bes\u00f2s, Barcelona\",\"publisher\":{\"@id\":\"https:\\\/\\\/escolaturbula.com\\\/es\\\/#organization\"},\"alternateName\":\"Escola Turbula\",\"potentialAction\":[{\"@type\":\"SearchAction\",\"target\":{\"@type\":\"EntryPoint\",\"urlTemplate\":\"https:\\\/\\\/escolaturbula.com\\\/es\\\/?s={search_term_string}\"},\"query-input\":{\"@type\":\"PropertyValueSpecification\",\"valueRequired\":true,\"valueName\":\"search_term_string\"}}],\"inLanguage\":\"en-US\"},{\"@type\":\"Organization\",\"@id\":\"https:\\\/\\\/escolaturbula.com\\\/es\\\/#organization\",\"name\":\"Escola Turbula\",\"alternateName\":\"Escola Turbula\",\"url\":\"https:\\\/\\\/escolaturbula.com\\\/es\\\/\",\"logo\":{\"@type\":\"ImageObject\",\"inLanguage\":\"en-US\",\"@id\":\"https:\\\/\\\/escolaturbula.com\\\/es\\\/#\\\/schema\\\/logo\\\/image\\\/\",\"url\":\"https:\\\/\\\/escolaturbula.com\\\/wp-content\\\/uploads\\\/2015\\\/07\\\/logo_trbl-1.png\",\"contentUrl\":\"https:\\\/\\\/escolaturbula.com\\\/wp-content\\\/uploads\\\/2015\\\/07\\\/logo_trbl-1.png\",\"width\":282,\"height\":75,\"caption\":\"Escola Turbula\"},\"image\":{\"@id\":\"https:\\\/\\\/escolaturbula.com\\\/es\\\/#\\\/schema\\\/logo\\\/image\\\/\"},\"sameAs\":[\"https:\\\/\\\/www.facebook.com\\\/escola.turbula.oficial\\\/\",\"https:\\\/\\\/x.com\\\/turbula\"]}]}<\/script>\n<!-- \/ Yoast SEO plugin. -->","yoast_head_json":{"title":"Preinscripcions - Escola T\u00farbula","robots":{"index":"index","follow":"follow","max-snippet":"max-snippet:-1","max-image-preview":"max-image-preview:large","max-video-preview":"max-video-preview:-1"},"canonical":"https:\/\/escolaturbula.com\/en\/preinscripcions\/","og_locale":"en_US","og_type":"article","og_title":"Preinscripcions - Escola T\u00farbula","og_description":"[vc_row full_width=&#8221;stretch_row&#8221; css=&#8221;.vc_custom_1602063325810{background-image: url(http:\/\/escolaturbula.com\/wp-content\/uploads\/2020\/10\/test-2.jpg?id=12213) !important;background-position: center !important;background-repeat: no-repeat !important;background-size: cover !important;}&#8221;][vc_column][vc_empty_space height=&#8221;450px&#8221;][\/vc_column][\/vc_row][vc_row el_id=&#8221;menjador&#8221; el_class=&#8221;anchor&#8221; css=&#8221;.vc_custom_1611047924962{margin-top: -180px !important;padding-top: 180px !important;}&#8221;][vc_column][\/vc_column][\/vc_row][vc_row content_placement=&#8221;middle&#8221; el_class=&#8221;educativa-split-section&#8221; css=&#8221;.vc_custom_1611047175997{margin-top: 4% !important;margin-bottom: 2% !important;}&#8221;][vc_column width=&#8221;1\/2&#8243; css=&#8221;.vc_custom_1611224764903{padding-top: 6% !important;padding-right: 6% !important;padding-bottom: 6% !important;padding-left: 6% !important;background-position: center !important;background-repeat: no-repeat !important;background-size: &hellip;","og_url":"https:\/\/escolaturbula.com\/en\/preinscripcions\/","og_site_name":"Escola T\u00farbula","article_publisher":"https:\/\/www.facebook.com\/escola.turbula.oficial\/","twitter_card":"summary_large_image","twitter_site":"@turbula","schema":{"@context":"https:\/\/schema.org","@graph":[{"@type":"WebPage","@id":"https:\/\/escolaturbula.com\/en\/preinscripcions\/","url":"https:\/\/escolaturbula.com\/en\/preinscripcions\/","name":"Preinscripcions - Escola T\u00farbula","isPartOf":{"@id":"https:\/\/escolaturbula.com\/es\/#website"},"datePublished":"2026-03-23T10:59:37+00:00","inLanguage":"en-US","potentialAction":[{"@type":"ReadAction","target":["https:\/\/escolaturbula.com\/en\/preinscripcions\/"]}]},{"@type":"WebSite","@id":"https:\/\/escolaturbula.com\/es\/#website","url":"https:\/\/escolaturbula.com\/es\/","name":"Escola Turbula","description":"Colegio privado en Sant Adri\u00e0 de Bes\u00f2s, Barcelona","publisher":{"@id":"https:\/\/escolaturbula.com\/es\/#organization"},"alternateName":"Escola Turbula","potentialAction":[{"@type":"SearchAction","target":{"@type":"EntryPoint","urlTemplate":"https:\/\/escolaturbula.com\/es\/?s={search_term_string}"},"query-input":{"@type":"PropertyValueSpecification","valueRequired":true,"valueName":"search_term_string"}}],"inLanguage":"en-US"},{"@type":"Organization","@id":"https:\/\/escolaturbula.com\/es\/#organization","name":"Escola Turbula","alternateName":"Escola Turbula","url":"https:\/\/escolaturbula.com\/es\/","logo":{"@type":"ImageObject","inLanguage":"en-US","@id":"https:\/\/escolaturbula.com\/es\/#\/schema\/logo\/image\/","url":"https:\/\/escolaturbula.com\/wp-content\/uploads\/2015\/07\/logo_trbl-1.png","contentUrl":"https:\/\/escolaturbula.com\/wp-content\/uploads\/2015\/07\/logo_trbl-1.png","width":282,"height":75,"caption":"Escola Turbula"},"image":{"@id":"https:\/\/escolaturbula.com\/es\/#\/schema\/logo\/image\/"},"sameAs":["https:\/\/www.facebook.com\/escola.turbula.oficial\/","https:\/\/x.com\/turbula"]}]}},"_links":{"self":[{"href":"https:\/\/escolaturbula.com\/en\/wp-json\/wp\/v2\/pages\/27945","targetHints":{"allow":["GET"]}}],"collection":[{"href":"https:\/\/escolaturbula.com\/en\/wp-json\/wp\/v2\/pages"}],"about":[{"href":"https:\/\/escolaturbula.com\/en\/wp-json\/wp\/v2\/types\/page"}],"author":[{"embeddable":true,"href":"https:\/\/escolaturbula.com\/en\/wp-json\/wp\/v2\/users\/1"}],"replies":[{"embeddable":true,"href":"https:\/\/escolaturbula.com\/en\/wp-json\/wp\/v2\/comments?post=27945"}],"version-history":[{"count":2,"href":"https:\/\/escolaturbula.com\/en\/wp-json\/wp\/v2\/pages\/27945\/revisions"}],"predecessor-version":[{"id":27947,"href":"https:\/\/escolaturbula.com\/en\/wp-json\/wp\/v2\/pages\/27945\/revisions\/27947"}],"wp:attachment":[{"href":"https:\/\/escolaturbula.com\/en\/wp-json\/wp\/v2\/media?parent=27945"}],"curies":[{"name":"wp","href":"https:\/\/api.w.org\/{rel}","templated":true}]}}