{"id":13998,"date":"2021-02-11T11:13:41","date_gmt":"2021-02-11T11:13:41","guid":{"rendered":"http:\/\/escolaturbula.com\/escuela-comprometida\/"},"modified":"2021-03-05T19:30:20","modified_gmt":"2021-03-05T19:30:20","slug":"escuela-comprometida","status":"publish","type":"page","link":"https:\/\/escolaturbula.com\/es\/proyecto-educativo\/escuela-comprometida\/","title":{"rendered":"Escuela comprometida"},"content":{"rendered":"<div class=\"wpb-content-wrapper\"><p>[vc_row full_width=&#8221;stretch_row_content_no_spaces&#8221; el_class=&#8221;submenu-turbula&#8221; css=&#8221;.vc_custom_1595849160640{background-color: #0274c8 !important;}&#8221;][vc_column css=&#8221;.vc_custom_1594811756530{margin-top: 0px !important;}&#8221;][vc_wp_custommenu nav_menu=&#8221;6561&#8243;][\/vc_column][\/vc_row][vc_row equal_height=&#8221;yes&#8221; css=&#8221;.vc_custom_1606739458074{margin-top: 0px !important;border-bottom-width: 9% !important;background-color: #fbc809 !important;}&#8221;][vc_column css=&#8221;.vc_custom_1607512088189{margin-top: 0px !important;padding-top: 0px !important;}&#8221;][vc_row_inner equal_height=&#8221;yes&#8221; content_placement=&#8221;middle&#8221;][vc_column_inner width=&#8221;1\/2&#8243; css=&#8221;.vc_custom_1607512295442{margin-top: 35px !important;padding-top: 5% !important;padding-right: 5% !important;padding-bottom: 5% !important;padding-left: 5% !important;background-color: #fbc809 !important;}&#8221;][vc_column_text]<\/p>\n<h2 style=\"margin-top: 0px; margin-bottom: 0px;\"><span style=\"color: #3e2f71;\"><strong>COMPROMISO SOCIAL<\/strong><\/span><\/h2>\n<h5 style=\"margin-top: 0px;\"><span style=\"color: #3e2f71; margin-top: 0px;\"><strong>Nuestro compromiso social hace que, preocupados por el Desarrollo Sostenible nuestra labor diaria est\u00e9 enfocada en alcanzar los objetivos promovidos por la ONU, tales como:<\/strong><\/span><\/h5>\n<div class=\"list-2columns\">\n<p style=\"font-size: 1.3em; color: #3e2f71;\">\u25b8 Fin de la pobreza<br \/>\n\u25b8 Hambre cero<br \/>\n\u25b8 Salud y bienestar<br \/>\n\u25b8 Educaci\u00f3n de calidad<br \/>\n\u25b8 Igualdad de g\u00e9nero<br \/>\n\u25b8 Inserci\u00f3n laboral y crecimiento econ\u00f3mico<br \/>\n\u25b8 Reducci\u00f3n de las desigualdades<br \/>\n\u25b8 Producci\u00f3n y consumo responsables<br \/>\n\u25b8 Acci\u00f3n por el clima<\/p>\n<\/div>\n<p>[\/vc_column_text][\/vc_column_inner][vc_column_inner width=&#8221;1\/2&#8243; css=&#8221;.vc_custom_1607512608744{padding-top: 5% !important;padding-right: 2% !important;padding-bottom: 5% !important;padding-left: 2% !important;background-image: url(http:\/\/escolaturbula.com\/wp-content\/uploads\/2020\/12\/foto-solidaria.jpg?id=12546) !important;background-position: center !important;background-repeat: no-repeat !important;background-size: cover !important;}&#8221;][vc_empty_space height=&#8221;250px&#8221;][\/vc_column_inner][\/vc_row_inner][\/vc_column][\/vc_row][vc_row equal_height=&#8221;yes&#8221; css=&#8221;.vc_custom_1611229591660{margin-top: 0px !important;border-bottom-width: 9% !important;background-color: #ea5296 !important;}&#8221; el_class=&#8221;section-reverse&#8221;][vc_column css=&#8221;.vc_custom_1607512088189{margin-top: 0px !important;padding-top: 0px !important;}&#8221;][vc_row_inner equal_height=&#8221;yes&#8221; content_placement=&#8221;middle&#8221;][vc_column_inner width=&#8221;1\/2&#8243; css=&#8221;.vc_custom_1607511918722{padding-top: 5% !important;padding-right: 2% !important;padding-bottom: 5% !important;padding-left: 2% !important;background-image: url(http:\/\/escolaturbula.com\/wp-content\/uploads\/2020\/12\/escola-turbula-comunitat.jpg?id=12542) !important;background-position: center !important;background-repeat: no-repeat !important;background-size: cover !important;}&#8221;][vc_empty_space height=&#8221;250px&#8221;][\/vc_column_inner][vc_column_inner width=&#8221;1\/2&#8243; css=&#8221;.vc_custom_1607512991763{margin-top: 35px !important;padding-top: 5% !important;padding-right: 5% !important;padding-bottom: 5% !important;padding-left: 5% !important;}&#8221;][vc_column_text]<\/p>\n<h2 style=\"margin-top: 0px; margin-bottom: 0px;\"><span style=\"color: #ffffff;\"><strong>COMPROMISO CON LA COMUNIDAD<\/strong><\/span><\/h2>\n<h5 style=\"margin-top: 0px;\"><span style=\"color: #ffffff; margin-top: 0px;\"><strong>No entendemos la educaci\u00f3n sino es comunidad y en conversaci\u00f3n permanente con las familias y su entorno. Por lo tanto ofrecemos respuesta a sus necesidades a trav\u00e9s de:<\/strong><\/span><\/h5>\n<div class=\"list-2columns\">\n<p style=\"font-size: 1.3em; color: #3e2f71;\"><span style=\"color: #ffffff;\">\u25b8 <span style=\"font-weight: 400;\">el AMPA<\/span><\/span><br \/>\n<span style=\"color: #ffffff;\">\u25b8 Actividades extraescolares<\/span><br \/>\n<span style=\"color: #ffffff;\">\u25b8 Servicio de acogida<\/span><br \/>\n<span style=\"color: #ffffff;\">\u25b8 Comedor<\/span><br \/>\n<span style=\"color: #ffffff;\">\u25b8 Equipo de orientaci\u00f3n<\/span><br \/>\n<span style=\"color: #ffffff;\">\u25b8 Espacio Turbolets<\/span><br \/>\n<span style=\"color: #ffffff;\">\u25b8 Residencia Josep Manel Casanova y escolarizaci\u00f3n de los jugadores de f\u00fatbol base del RCD Espanyol<\/span><br \/>\n<span style=\"color: #ffffff;\">\u25b8 Proyectos de aprendizaje-servicio: programa de prevenci\u00f3n y tratamiento bucodental para personas en riesgo de exclusi\u00f3n social<\/span><br \/>\n<span style=\"color: #ffffff;\">\u25b8 Colonias y viajes de fin de etapa<\/span><br \/>\n<span style=\"color: #ffffff;\">\u25b8 Acogida de estudiantes en pr\u00e1cticas: escuela formadora<\/span><br \/>\n<span style=\"color: #ffffff;\">\u25b8 Participaci\u00f3n en proyectos internacionales (UNESCO)<\/span><\/p>\n<\/div>\n<p>[\/vc_column_text][\/vc_column_inner][\/vc_row_inner][\/vc_column][\/vc_row][vc_row equal_height=&#8221;yes&#8221; css=&#8221;.vc_custom_1607513087394{margin-top: 0px !important;margin-bottom: 9% !important;background-color: #1879be !important;}&#8221;][vc_column css=&#8221;.vc_custom_1607512088189{margin-top: 0px !important;padding-top: 0px !important;}&#8221;][vc_row_inner equal_height=&#8221;yes&#8221; content_placement=&#8221;middle&#8221;][vc_column_inner width=&#8221;1\/2&#8243; css=&#8221;.vc_custom_1607513093804{margin-top: 35px !important;padding-top: 5% !important;padding-right: 5% !important;padding-bottom: 5% !important;padding-left: 5% !important;}&#8221;][vc_column_text]<\/p>\n<h2 style=\"margin-top: 0px; margin-bottom: 0px;\"><span style=\"color: #ffffff;\"><strong>COMPROMISO CON LA INNOVACI\u00d3N<\/strong><\/span><\/h2>\n<h5 style=\"margin-top: 0px;\"><span style=\"color: #ffffff; margin-top: 0px;\"><strong>Apostamos por la innovaci\u00f3n permanente por lo que contamos con un Equipo I + D, formado por nuestro personal. Este equipo trabaja mirando al futuro con ilusi\u00f3n, viviendo y entendiendo el presente y aprendiendo de las experiencias acumuladas. Coordina diferentes grupos de trabajo interniveles formados por personal docente y no docente centrados en la innovaci\u00f3n de los siguientes \u00e1mbitos:<\/strong><\/span><\/h5>\n<div class=\"list-2columns\">\n<p style=\"font-size: 1.3em; color: #3e2f71;\"><span style=\"color: #ffffff;\">\u25b8 Programaciones did\u00e1cticas<\/span><br \/>\n<span style=\"color: #ffffff;\">\u25b8 Aprendizaje cooperativo<\/span><br \/>\n<span style=\"color: #ffffff;\">\u25b8 Educaci\u00f3n socioemocional<\/span><br \/>\n<span style=\"color: #ffffff;\">\u25b8 Evaluaci\u00f3n<\/span><br \/>\n<span style=\"color: #ffffff;\">\u25b8 Pensamiento eficaz<\/span><br \/>\n<span style=\"color: #ffffff;\">\u25b8 Gamificaci\u00f3n<\/span><br \/>\n<span style=\"color: #ffffff;\">\u25b8 TIC\u2019s<\/span><br \/>\n<span style=\"color: #ffffff;\">\u25b8 Comisi\u00f3n de Atenci\u00f3n la Diversidad CAD<\/span><br \/>\n<span style=\"color: #ffffff;\">\u25b8 Proyecto Ling\u00fc\u00edstico<\/span><br \/>\n<span style=\"color: #ffffff;\">\u25b8 Solidaridad<\/span><br \/>\n<span style=\"color: #ffffff;\">\u25b8 Medioambiental<\/span><\/p>\n<\/div>\n<p>[\/vc_column_text][\/vc_column_inner][vc_column_inner width=&#8221;1\/2&#8243; css=&#8221;.vc_custom_1607513340515{padding-top: 5% !important;padding-right: 2% !important;padding-bottom: 5% !important;padding-left: 2% !important;background-image: url(http:\/\/escolaturbula.com\/wp-content\/uploads\/2020\/09\/PHOTO-2018-11-17-09-06-48-2.jpg?id=12120) !important;background-position: center !important;background-repeat: no-repeat !important;background-size: cover !important;}&#8221;][vc_empty_space height=&#8221;250px&#8221;][\/vc_column_inner][\/vc_row_inner][\/vc_column][\/vc_row][vc_row full_width=&#8221;stretch_row&#8221; content_placement=&#8221;middle&#8221; css=&#8221;.vc_custom_1608629489440{margin-top: 9% !important;padding-top: 2% !important;padding-bottom: 2% !important;background-image: url(http:\/\/escolaturbula.com\/wp-content\/uploads\/2020\/12\/escola-turbula-cta-contactos-ninos.jpg?id=12701) !important;background-position: center !important;background-repeat: no-repeat !important;background-size: cover !important;}&#8221; el_class=&#8221;thim-bg-overlay cta-contact&#8221;][vc_column][vc_row_inner equal_height=&#8221;yes&#8221; content_placement=&#8221;middle&#8221;][vc_column_inner width=&#8221;1\/2&#8243;][vc_column_text el_class=&#8221;subtitle-turbula&#8221; css=&#8221;.vc_custom_1611837012008{margin-bottom: 0px !important;}&#8221;]<\/p>\n<h6 class=\"subtitle-turbula\" style=\"text-align: left;\"><span style=\"color: #ffffff;\">CONTACTOS<\/span><\/h6>\n<p>[\/vc_column_text][vc_column_text css_animation=&#8221;fadeInUp&#8221; css=&#8221;.vc_custom_1608554249617{padding-bottom: 10px !important;}&#8221;]<\/p>\n<h2 class=\"title-turbula\" style=\"text-align: left;\"><span style=\"color: #ffffff;\">\u00bfQuieres contactar con nosotros?<\/span><\/h2>\n<p>[\/vc_column_text][\/vc_column_inner][vc_column_inner el_class=&#8221;cta-contactanos-button&#8221; width=&#8221;1\/2&#8243;]<div class=\"thim-widget-button template-base\"><a class=\"widget-button very-rounded medium custom_style position-after\" href=\"turbula-test\/es\/contactos\/\" style=\"font-size: 14px;border-width: 1px;color: #ffffff;border-color: #ffffff;background-color: rgba(0,0,0,0.01);\" data-hover=\"font-size: 14px;border-width: 1px;color: #0274c8;border-color: #1e73be;background-color: #ffffff;\">CONT\u00c1CTANOS<i class=\"fas fa-envelope\" style=\"font-size: 14px;\"><\/i> <\/a><\/div>[\/vc_column_inner][\/vc_row_inner][vc_row_inner content_placement=&#8221;middle&#8221; css=&#8221;.vc_custom_1608555702803{padding-top: 20px !important;padding-bottom: 20px !important;}&#8221;][vc_column_inner width=&#8221;1\/6&#8243;][\/vc_column_inner][vc_column_inner el_class=&#8221;social-contacts&#8221; width=&#8221;4\/6&#8243;][vc_column_text el_class=&#8221;cta-text&#8221;]<\/p>\n<p style=\"font-size: 1.3em; text-align: left; display: inline-block;\"><span style=\"color: #2970aa;\"><strong>S\u00edguenos en las redes sociales:<\/strong><\/span><\/p>\n<p>[\/vc_column_text]<div class=\"vc-extral_class cta-social\"><div class=\"thim-widget-social template-base\"><div class=\"thim-social style-4\">\n\t\t<ul class=\"social_link\">\n\t\t<li><a class=\"facebook hasTooltip\" href=\"https:\/\/www.facebook.com\/escola.turbula.oficial\" target=\"_blank\"><i class=\"fa fa-facebook\"><\/i><\/a><\/li><li><a class=\"twitter hasTooltip\" href=\"https:\/\/twitter.com\/turbula?lang=es\" target=\"_blank\" ><i class=\"fa fa-x-twitter\"><\/i><\/a><\/li><li><a class=\"instagram hasTooltip\" href=\"https:\/\/www.instagram.com\/turbulaescola\/\" target=\"_blank\" ><i class=\"fa fa-instagram\"><\/i><\/a><\/li><li><a class=\"youtube hasTooltip\" href=\"https:\/\/www.youtube.com\/user\/TurbulaTV\" target=\"_blank\" ><i class=\"fa fa-youtube\"><\/i><\/a><\/li>\t<\/ul>\n<\/div><\/div><\/div>[\/vc_column_inner][vc_column_inner width=&#8221;1\/6&#8243;][\/vc_column_inner][\/vc_row_inner][\/vc_column][\/vc_row]<\/p>\n<\/div>","protected":false},"excerpt":{"rendered":"<p>[vc_row full_width=&#8221;stretch_row_content_no_spaces&#8221; el_class=&#8221;submenu-turbula&#8221; css=&#8221;.vc_custom_1595849160640{background-color: #0274c8 !important;}&#8221;][vc_column css=&#8221;.vc_custom_1594811756530{margin-top: 0px !important;}&#8221;][vc_wp_custommenu nav_menu=&#8221;6561&#8243;][\/vc_column][\/vc_row][vc_row equal_height=&#8221;yes&#8221; css=&#8221;.vc_custom_1606739458074{margin-top: 0px !important;border-bottom-width: 9% !important;background-color: #fbc809 !important;}&#8221;][vc_column css=&#8221;.vc_custom_1607512088189{margin-top: 0px !important;padding-top: 0px !important;}&#8221;][vc_row_inner equal_height=&#8221;yes&#8221; content_placement=&#8221;middle&#8221;][vc_column_inner width=&#8221;1\/2&#8243; css=&#8221;.vc_custom_1607512295442{margin-top: 35px !important;padding-top: 5% !important;padding-right: 5% !important;padding-bottom: 5% !important;padding-left: 5% !important;background-color: #fbc809 !important;}&#8221;][vc_column_text] COMPROMISO &hellip; <\/p>\n","protected":false},"author":1,"featured_media":0,"parent":15730,"menu_order":0,"comment_status":"closed","ping_status":"closed","template":"","meta":{"footnotes":""},"class_list":["post-13998","page","type-page","status-publish","hentry"],"yoast_head":"<!-- This site is optimized with the Yoast SEO plugin v27.3 - https:\/\/yoast.com\/product\/yoast-seo-wordpress\/ -->\n<title>Escuela comprometida - Escola T\u00farbula<\/title>\n<meta name=\"robots\" content=\"index, follow, max-snippet:-1, max-image-preview:large, max-video-preview:-1\" \/>\n<link rel=\"canonical\" href=\"https:\/\/escolaturbula.com\/es\/proyecto-educativo\/escuela-comprometida\/\" \/>\n<meta property=\"og:locale\" content=\"es_ES\" \/>\n<meta property=\"og:type\" content=\"article\" \/>\n<meta property=\"og:title\" content=\"Escuela comprometida - Escola T\u00farbula\" \/>\n<meta property=\"og:description\" content=\"[vc_row full_width=&#8221;stretch_row_content_no_spaces&#8221; el_class=&#8221;submenu-turbula&#8221; css=&#8221;.vc_custom_1595849160640{background-color: #0274c8 !important;}&#8221;][vc_column css=&#8221;.vc_custom_1594811756530{margin-top: 0px !important;}&#8221;][vc_wp_custommenu nav_menu=&#8221;6561&#8243;][\/vc_column][\/vc_row][vc_row equal_height=&#8221;yes&#8221; css=&#8221;.vc_custom_1606739458074{margin-top: 0px !important;border-bottom-width: 9% !important;background-color: #fbc809 !important;}&#8221;][vc_column css=&#8221;.vc_custom_1607512088189{margin-top: 0px !important;padding-top: 0px !important;}&#8221;][vc_row_inner equal_height=&#8221;yes&#8221; content_placement=&#8221;middle&#8221;][vc_column_inner width=&#8221;1\/2&#8243; css=&#8221;.vc_custom_1607512295442{margin-top: 35px !important;padding-top: 5% !important;padding-right: 5% !important;padding-bottom: 5% !important;padding-left: 5% !important;background-color: #fbc809 !important;}&#8221;][vc_column_text] COMPROMISO &hellip;\" \/>\n<meta property=\"og:url\" content=\"https:\/\/escolaturbula.com\/es\/proyecto-educativo\/escuela-comprometida\/\" \/>\n<meta property=\"og:site_name\" content=\"Escola T\u00farbula\" \/>\n<meta property=\"article:publisher\" content=\"https:\/\/www.facebook.com\/escola.turbula.oficial\/\" \/>\n<meta property=\"article:modified_time\" content=\"2021-03-05T19:30:20+00:00\" \/>\n<meta name=\"twitter:card\" content=\"summary_large_image\" \/>\n<meta name=\"twitter:site\" content=\"@turbula\" \/>\n<meta name=\"twitter:label1\" content=\"Tiempo de lectura\" \/>\n\t<meta name=\"twitter:data1\" content=\"5 minutos\" \/>\n<script type=\"application\/ld+json\" class=\"yoast-schema-graph\">{\"@context\":\"https:\\\/\\\/schema.org\",\"@graph\":[{\"@type\":\"WebPage\",\"@id\":\"https:\\\/\\\/escolaturbula.com\\\/es\\\/proyecto-educativo\\\/escuela-comprometida\\\/\",\"url\":\"https:\\\/\\\/escolaturbula.com\\\/es\\\/proyecto-educativo\\\/escuela-comprometida\\\/\",\"name\":\"Escuela comprometida - Escola T\u00farbula\",\"isPartOf\":{\"@id\":\"https:\\\/\\\/escolaturbula.com\\\/es\\\/#website\"},\"datePublished\":\"2021-02-11T11:13:41+00:00\",\"dateModified\":\"2021-03-05T19:30:20+00:00\",\"breadcrumb\":{\"@id\":\"https:\\\/\\\/escolaturbula.com\\\/es\\\/proyecto-educativo\\\/escuela-comprometida\\\/#breadcrumb\"},\"inLanguage\":\"es\",\"potentialAction\":[{\"@type\":\"ReadAction\",\"target\":[\"https:\\\/\\\/escolaturbula.com\\\/es\\\/proyecto-educativo\\\/escuela-comprometida\\\/\"]}]},{\"@type\":\"BreadcrumbList\",\"@id\":\"https:\\\/\\\/escolaturbula.com\\\/es\\\/proyecto-educativo\\\/escuela-comprometida\\\/#breadcrumb\",\"itemListElement\":[{\"@type\":\"ListItem\",\"position\":1,\"name\":\"Proyecto educativo\",\"item\":\"https:\\\/\\\/escolaturbula.com\\\/es\\\/proyecto-educativo\\\/\"},{\"@type\":\"ListItem\",\"position\":2,\"name\":\"Escuela comprometida\"}]},{\"@type\":\"WebSite\",\"@id\":\"https:\\\/\\\/escolaturbula.com\\\/es\\\/#website\",\"url\":\"https:\\\/\\\/escolaturbula.com\\\/es\\\/\",\"name\":\"Escola Turbula\",\"description\":\"Colegio privado en Sant Adri\u00e0 de Bes\u00f2s, Barcelona\",\"publisher\":{\"@id\":\"https:\\\/\\\/escolaturbula.com\\\/es\\\/#organization\"},\"alternateName\":\"Escola Turbula\",\"potentialAction\":[{\"@type\":\"SearchAction\",\"target\":{\"@type\":\"EntryPoint\",\"urlTemplate\":\"https:\\\/\\\/escolaturbula.com\\\/es\\\/?s={search_term_string}\"},\"query-input\":{\"@type\":\"PropertyValueSpecification\",\"valueRequired\":true,\"valueName\":\"search_term_string\"}}],\"inLanguage\":\"es\"},{\"@type\":\"Organization\",\"@id\":\"https:\\\/\\\/escolaturbula.com\\\/es\\\/#organization\",\"name\":\"Escola Turbula\",\"alternateName\":\"Escola Turbula\",\"url\":\"https:\\\/\\\/escolaturbula.com\\\/es\\\/\",\"logo\":{\"@type\":\"ImageObject\",\"inLanguage\":\"es\",\"@id\":\"https:\\\/\\\/escolaturbula.com\\\/es\\\/#\\\/schema\\\/logo\\\/image\\\/\",\"url\":\"https:\\\/\\\/escolaturbula.com\\\/wp-content\\\/uploads\\\/2015\\\/07\\\/logo_trbl-1.png\",\"contentUrl\":\"https:\\\/\\\/escolaturbula.com\\\/wp-content\\\/uploads\\\/2015\\\/07\\\/logo_trbl-1.png\",\"width\":282,\"height\":75,\"caption\":\"Escola Turbula\"},\"image\":{\"@id\":\"https:\\\/\\\/escolaturbula.com\\\/es\\\/#\\\/schema\\\/logo\\\/image\\\/\"},\"sameAs\":[\"https:\\\/\\\/www.facebook.com\\\/escola.turbula.oficial\\\/\",\"https:\\\/\\\/x.com\\\/turbula\"]}]}<\/script>\n<!-- \/ Yoast SEO plugin. -->","yoast_head_json":{"title":"Escuela comprometida - Escola T\u00farbula","robots":{"index":"index","follow":"follow","max-snippet":"max-snippet:-1","max-image-preview":"max-image-preview:large","max-video-preview":"max-video-preview:-1"},"canonical":"https:\/\/escolaturbula.com\/es\/proyecto-educativo\/escuela-comprometida\/","og_locale":"es_ES","og_type":"article","og_title":"Escuela comprometida - Escola T\u00farbula","og_description":"[vc_row full_width=&#8221;stretch_row_content_no_spaces&#8221; el_class=&#8221;submenu-turbula&#8221; css=&#8221;.vc_custom_1595849160640{background-color: #0274c8 !important;}&#8221;][vc_column css=&#8221;.vc_custom_1594811756530{margin-top: 0px !important;}&#8221;][vc_wp_custommenu nav_menu=&#8221;6561&#8243;][\/vc_column][\/vc_row][vc_row equal_height=&#8221;yes&#8221; css=&#8221;.vc_custom_1606739458074{margin-top: 0px !important;border-bottom-width: 9% !important;background-color: #fbc809 !important;}&#8221;][vc_column css=&#8221;.vc_custom_1607512088189{margin-top: 0px !important;padding-top: 0px !important;}&#8221;][vc_row_inner equal_height=&#8221;yes&#8221; content_placement=&#8221;middle&#8221;][vc_column_inner width=&#8221;1\/2&#8243; css=&#8221;.vc_custom_1607512295442{margin-top: 35px !important;padding-top: 5% !important;padding-right: 5% !important;padding-bottom: 5% !important;padding-left: 5% !important;background-color: #fbc809 !important;}&#8221;][vc_column_text] COMPROMISO &hellip;","og_url":"https:\/\/escolaturbula.com\/es\/proyecto-educativo\/escuela-comprometida\/","og_site_name":"Escola T\u00farbula","article_publisher":"https:\/\/www.facebook.com\/escola.turbula.oficial\/","article_modified_time":"2021-03-05T19:30:20+00:00","twitter_card":"summary_large_image","twitter_site":"@turbula","twitter_misc":{"Tiempo de lectura":"5 minutos"},"schema":{"@context":"https:\/\/schema.org","@graph":[{"@type":"WebPage","@id":"https:\/\/escolaturbula.com\/es\/proyecto-educativo\/escuela-comprometida\/","url":"https:\/\/escolaturbula.com\/es\/proyecto-educativo\/escuela-comprometida\/","name":"Escuela comprometida - Escola T\u00farbula","isPartOf":{"@id":"https:\/\/escolaturbula.com\/es\/#website"},"datePublished":"2021-02-11T11:13:41+00:00","dateModified":"2021-03-05T19:30:20+00:00","breadcrumb":{"@id":"https:\/\/escolaturbula.com\/es\/proyecto-educativo\/escuela-comprometida\/#breadcrumb"},"inLanguage":"es","potentialAction":[{"@type":"ReadAction","target":["https:\/\/escolaturbula.com\/es\/proyecto-educativo\/escuela-comprometida\/"]}]},{"@type":"BreadcrumbList","@id":"https:\/\/escolaturbula.com\/es\/proyecto-educativo\/escuela-comprometida\/#breadcrumb","itemListElement":[{"@type":"ListItem","position":1,"name":"Proyecto educativo","item":"https:\/\/escolaturbula.com\/es\/proyecto-educativo\/"},{"@type":"ListItem","position":2,"name":"Escuela comprometida"}]},{"@type":"WebSite","@id":"https:\/\/escolaturbula.com\/es\/#website","url":"https:\/\/escolaturbula.com\/es\/","name":"Escola Turbula","description":"Colegio privado en Sant Adri\u00e0 de Bes\u00f2s, Barcelona","publisher":{"@id":"https:\/\/escolaturbula.com\/es\/#organization"},"alternateName":"Escola Turbula","potentialAction":[{"@type":"SearchAction","target":{"@type":"EntryPoint","urlTemplate":"https:\/\/escolaturbula.com\/es\/?s={search_term_string}"},"query-input":{"@type":"PropertyValueSpecification","valueRequired":true,"valueName":"search_term_string"}}],"inLanguage":"es"},{"@type":"Organization","@id":"https:\/\/escolaturbula.com\/es\/#organization","name":"Escola Turbula","alternateName":"Escola Turbula","url":"https:\/\/escolaturbula.com\/es\/","logo":{"@type":"ImageObject","inLanguage":"es","@id":"https:\/\/escolaturbula.com\/es\/#\/schema\/logo\/image\/","url":"https:\/\/escolaturbula.com\/wp-content\/uploads\/2015\/07\/logo_trbl-1.png","contentUrl":"https:\/\/escolaturbula.com\/wp-content\/uploads\/2015\/07\/logo_trbl-1.png","width":282,"height":75,"caption":"Escola Turbula"},"image":{"@id":"https:\/\/escolaturbula.com\/es\/#\/schema\/logo\/image\/"},"sameAs":["https:\/\/www.facebook.com\/escola.turbula.oficial\/","https:\/\/x.com\/turbula"]}]}},"_links":{"self":[{"href":"https:\/\/escolaturbula.com\/es\/wp-json\/wp\/v2\/pages\/13998","targetHints":{"allow":["GET"]}}],"collection":[{"href":"https:\/\/escolaturbula.com\/es\/wp-json\/wp\/v2\/pages"}],"about":[{"href":"https:\/\/escolaturbula.com\/es\/wp-json\/wp\/v2\/types\/page"}],"author":[{"embeddable":true,"href":"https:\/\/escolaturbula.com\/es\/wp-json\/wp\/v2\/users\/1"}],"replies":[{"embeddable":true,"href":"https:\/\/escolaturbula.com\/es\/wp-json\/wp\/v2\/comments?post=13998"}],"version-history":[{"count":0,"href":"https:\/\/escolaturbula.com\/es\/wp-json\/wp\/v2\/pages\/13998\/revisions"}],"up":[{"embeddable":true,"href":"https:\/\/escolaturbula.com\/es\/wp-json\/wp\/v2\/pages\/15730"}],"wp:attachment":[{"href":"https:\/\/escolaturbula.com\/es\/wp-json\/wp\/v2\/media?parent=13998"}],"curies":[{"name":"wp","href":"https:\/\/api.w.org\/{rel}","templated":true}]}}