{"id":14046,"date":"2021-02-11T11:40:51","date_gmt":"2021-02-11T11:40:51","guid":{"rendered":"http:\/\/escolaturbula.com\/nuestra-razon-de-ser\/"},"modified":"2025-01-16T10:06:35","modified_gmt":"2025-01-16T10:06:35","slug":"nuestra-razon-de-ser","status":"publish","type":"page","link":"https:\/\/escolaturbula.com\/es\/escuela\/nuestra-razon-de-ser\/","title":{"rendered":"Nuestra raz\u00f3n de ser"},"content":{"rendered":"<div class=\"wpb-content-wrapper\"><p>[vc_row full_width=&#8221;stretch_row_content_no_spaces&#8221; el_class=&#8221;submenu-turbula&#8221; css=&#8221;.vc_custom_1595849160640{background-color: #0274c8 !important;}&#8221;][vc_column css=&#8221;.vc_custom_1594811756530{margin-top: 0px !important;}&#8221;][vc_wp_custommenu nav_menu=&#8221;6555&#8243;][\/vc_column][\/vc_row][vc_row content_placement=&#8221;middle&#8221; el_class=&#8221;split-text-section&#8221; css=&#8221;.vc_custom_1612178922405{margin-top: 3% !important;margin-bottom: 3% !important;}&#8221;][vc_column width=&#8221;1\/2&#8243; css=&#8221;.vc_custom_1612178154599{padding-top: 6% !important;padding-right: 15px !important;padding-bottom: 6% !important;padding-left: 6% !important;border-radius: 20px !important;}&#8221; el_class=&#8221;nostra-rao-column&#8221;][vc_column_text el_class=&#8221;subtitle-turbula&#8221; css=&#8221;.vc_custom_1612178067003{margin-bottom: 0px !important;}&#8221;]<\/p>\n<h6 class=\"subtitle-turbula\" style=\"text-align: left;\">M\u00c1S DE 60 A\u00d1OS ACOMPA\u00d1ANDO A NUESTROS ESTUDIANTES<\/h6>\n<p>[\/vc_column_text][vc_column_text css_animation=&#8221;fadeInUp&#8221; css=&#8221;.vc_custom_1612178058972{padding-bottom: 10px !important;}&#8221;]<\/p>\n<h2 class=\"title-turbula\" style=\"text-align: left;\"><b>Nuestra raz\u00f3n de ser<\/b><\/h2>\n<p>[\/vc_column_text][vc_column_text]<\/p>\n<p style=\"texto-align: justify;\"><span style=\"font-weight: 400;\">El Centro Educativo T\u00farbula somos una escuela fundada en 1960 por el se\u00f1or Rafael Garc\u00eda Villanueva en unos peque\u00f1os locales de la Gran V\u00eda de las Cortes Catalanas de Sant Adri\u00e0 de Bes\u00f2s. Apasionados de la educaci\u00f3n e ilusionados por colaborar activamente en la formaci\u00f3n de los futuros ciudadanos.<\/span><\/p>\n<p style=\"text-align: justify;\"><span style=\"font-weight: 400;\">Durante todos estos a\u00f1os han pasado por nuestras aulas muchos alumnos que hoy en d\u00eda desarrollan todo tipo de tareas dentro de nuestra sociedad . Muchos de nuestros alumnos son hijos de antiguos alumnos del centro y parte del personal del centro es tambi\u00e9n exalumno. <\/span><\/p>\n<p style=\"texto-align: justify;\"><span style=\"font-weight: 400;\">El curso 1999\/2000 inauguramos el nuevo edificio en la Ctra. de Matar\u00f3. Dotado con modernas instalaciones y equipamientos que se renuevan constantemente, nos permite dar una nueva dimensi\u00f3n a la Escuela que nos hace mantener la posici\u00f3n de liderazgo en Sant Adri\u00e0 de Bes\u00f2s. <\/span><\/p>\n<p style=\"texto-align: justify;\"><span style=\"font-weight: 400;\">Sesenta y cuatro a\u00f1os despu\u00e9s seguimos trabajando con la misma vocaci\u00f3n e ilusi\u00f3n, conscientes del presente y mirando al futuro. Convencidos de que cada ni\u00f1o es un ser \u00fanico e irrepetible que debemos cuidar y acompa\u00f1ar.<\/span><\/p>\n<p>[\/vc_column_text][\/vc_column][vc_column css_animation=&#8221;none&#8221; width=&#8221;1\/2&#8243; css=&#8221;.vc_custom_1612178240473{padding-top: 10% !important;padding-right: 10% !important;padding-bottom: 10% !important;padding-left: 10% !important;}&#8221;][vc_row_inner css=&#8221;.vc_custom_1612178446891{margin-bottom: -80px !important;}&#8221;][vc_column_inner][vc_single_image image=&#8221;14055&#8243; img_size=&#8221;full&#8221; alignment=&#8221;right&#8221; el_class=&#8221;rao-de-ser-img&#8221;][\/vc_column_inner][\/vc_row_inner][vc_row_inner el_class=&#8221;gradient-bg&#8221; css=&#8221;.vc_custom_1612178553264{padding-top: 0px !important;padding-right: 20px !important;padding-bottom: 20px !important;padding-left: 20px !important;border-radius: 5px !important;}&#8221;][vc_column_inner css=&#8221;.vc_custom_1612178571884{padding-top: 0px !important;}&#8221;][vc_column_text]<\/p>\n<div class=\"page\" title=\"Page 3\">\n<div class=\"layoutArea\">\n<div class=\"column\">\n<h3 style=\"text-align: center;\"><span style=\"color: #ffffff;\"><strong>Somos una escuela fundada en 1960, apasionados de la educaci\u00f3n e ilusionados por colaborar activamente en la formaci\u00f3n de los futuros ciudadanos&#8230; Hoy seguimos trabajando con la misma vocaci\u00f3n e ilusi\u00f3n, conscientes del presente y mirando al futuro. Convencidos de que cada ni\u00f1o es un ser \u00fanico e irrepetible que debemos cuidar y acompa\u00f1ar.<\/strong><\/span><\/h3>\n<\/div>\n<\/div>\n<\/div>\n<p>[\/vc_column_text][\/vc_column_inner][\/vc_row_inner][\/vc_column][\/vc_row][vc_row full_width=&#8221;stretch_row&#8221; content_placement=&#8221;middle&#8221; css=&#8221;.vc_custom_1608629489440{margin-top: 9% !important;padding-top: 2% !important;padding-bottom: 2% !important;background-image: url(http:\/\/escolaturbula.com\/wp-content\/uploads\/2020\/12\/escola-turbula-cta-contactos-ninos.jpg?id=12701) !important;background-position: center !important;background-repeat: no-repeat !important;background-size: cover !important;}&#8221; el_class=&#8221;thim-bg-overlay cta-contact&#8221;][vc_column][vc_row_inner equal_height=&#8221;yes&#8221; content_placement=&#8221;middle&#8221;][vc_column_inner width=&#8221;1\/2&#8243;][vc_column_text el_class=&#8221;subtitle-turbula&#8221; css=&#8221;.vc_custom_1611837012008{margin-bottom: 0px !important;}&#8221;]<\/p>\n<h6 class=\"subtitle-turbula\" style=\"text-align: left;\"><span style=\"color: #ffffff;\">CONTACTOS<\/span><\/h6>\n<p>[\/vc_column_text][vc_column_text css_animation=&#8221;fadeInUp&#8221; css=&#8221;.vc_custom_1608554249617{padding-bottom: 10px !important;}&#8221;]<\/p>\n<h2 class=\"title-turbula\" style=\"texto-align: left;\"><span style=\"color: #ffffff;\">\u00bfQuieres contactar con nosotros?<\/span><\/h2>\n<p>[\/vc_column_text][\/vc_column_inner][vc_column_inner el_class=&#8221;cta-contactanos-button&#8221; width=&#8221;1\/2&#8243;]<div class=\"thim-widget-button template-base\"><a class=\"widget-button very-rounded medium custom_style position-after\" href=\"\/turbula-test\/es\/contactos\/\" style=\"font-size: 14px;border-width: 1px;color: #ffffff;border-color: #ffffff;background-color: rgba(0,0,0,0.01);\" data-hover=\"font-size: 14px;border-width: 1px;color: #0274c8;border-color: #1e73be;background-color: #ffffff;\">CONT\u00c1CTANOS<i class=\"fas fa-envelope\" style=\"font-size: 14px;\"><\/i> <\/a><\/div>[\/vc_column_inner][\/vc_row_inner][vc_row_inner content_placement=&#8221;middle&#8221; css=&#8221;.vc_custom_1608555702803{padding-top: 20px !important;padding-bottom: 20px !important;}&#8221;][vc_column_inner width=&#8221;1\/6&#8243;][\/vc_column_inner][vc_column_inner el_class=&#8221;social-contacts&#8221; width=&#8221;4\/6&#8243;][vc_column_text el_class=&#8221;cta-text&#8221;]<\/p>\n<p style=\"font-size: 1.3em; text-align: left; display: inline-block;\"><span style=\"color: #2970aa;\"><strong>S\u00edguenos en las redes sociales:<\/strong><\/span><\/p>\n<p>[\/vc_column_text]<div class=\"vc-extral_class cta-social\"><div class=\"thim-widget-social template-base\"><div class=\"thim-social style-4\">\n\t\t<ul class=\"social_link\">\n\t\t<li><a class=\"facebook hasTooltip\" href=\"https:\/\/www.facebook.com\/escola.turbula.oficial\" target=\"_blank\"><i class=\"fa fa-facebook\"><\/i><\/a><\/li><li><a class=\"twitter hasTooltip\" href=\"https:\/\/twitter.com\/turbula?lang=es\" target=\"_blank\" ><i class=\"fa fa-x-twitter\"><\/i><\/a><\/li><li><a class=\"instagram hasTooltip\" href=\"https:\/\/www.instagram.com\/turbulaescola\/\" target=\"_blank\" ><i class=\"fa fa-instagram\"><\/i><\/a><\/li><li><a class=\"youtube hasTooltip\" href=\"https:\/\/www.youtube.com\/user\/TurbulaTV\" target=\"_blank\" ><i class=\"fa fa-youtube\"><\/i><\/a><\/li>\t<\/ul>\n<\/div><\/div><\/div>[\/vc_column_inner][vc_column_inner width=&#8221;1\/6&#8243;][\/vc_column_inner][\/vc_row_inner][\/vc_column][\/vc_row]<\/p>\n<\/div>","protected":false},"excerpt":{"rendered":"<p>[vc_row full_width=&#8221;stretch_row_content_no_spaces&#8221; el_class=&#8221;submenu-turbula&#8221; css=&#8221;.vc_custom_1595849160640{background-color: #0274c8 !important;}&#8221;][vc_column css=&#8221;.vc_custom_1594811756530{margin-top: 0px !important;}&#8221;][vc_wp_custommenu nav_menu=&#8221;6555&#8243;][\/vc_column][\/vc_row][vc_row content_placement=&#8221;middle&#8221; el_class=&#8221;split-text-section&#8221; css=&#8221;.vc_custom_1612178922405{margin-top: 3% !important;margin-bottom: 3% !important;}&#8221;][vc_column width=&#8221;1\/2&#8243; css=&#8221;.vc_custom_1612178154599{padding-top: 6% !important;padding-right: 15px !important;padding-bottom: 6% !important;padding-left: 6% !important;border-radius: 20px !important;}&#8221; el_class=&#8221;nostra-rao-column&#8221;][vc_column_text el_class=&#8221;subtitle-turbula&#8221; css=&#8221;.vc_custom_1612178067003{margin-bottom: 0px !important;}&#8221;] M\u00c1S DE 60 A\u00d1OS ACOMPA\u00d1ANDO A &hellip; <\/p>\n","protected":false},"author":1,"featured_media":14049,"parent":15685,"menu_order":0,"comment_status":"closed","ping_status":"closed","template":"","meta":{"footnotes":""},"class_list":["post-14046","page","type-page","status-publish","has-post-thumbnail","hentry"],"yoast_head":"<!-- This site is optimized with the Yoast SEO plugin v27.3 - https:\/\/yoast.com\/product\/yoast-seo-wordpress\/ -->\n<title>Nuestra raz\u00f3n de ser - Escola T\u00farbula<\/title>\n<meta name=\"robots\" content=\"index, follow, max-snippet:-1, max-image-preview:large, max-video-preview:-1\" \/>\n<link rel=\"canonical\" href=\"https:\/\/escolaturbula.com\/escola\/la-nostra-rao-de-ser\/\" \/>\n<meta property=\"og:locale\" content=\"es_ES\" \/>\n<meta property=\"og:type\" content=\"article\" \/>\n<meta property=\"og:title\" content=\"Nuestra raz\u00f3n de ser - Escola T\u00farbula\" \/>\n<meta property=\"og:description\" content=\"[vc_row full_width=&#8221;stretch_row_content_no_spaces&#8221; el_class=&#8221;submenu-turbula&#8221; css=&#8221;.vc_custom_1595849160640{background-color: #0274c8 !important;}&#8221;][vc_column css=&#8221;.vc_custom_1594811756530{margin-top: 0px !important;}&#8221;][vc_wp_custommenu nav_menu=&#8221;6555&#8243;][\/vc_column][\/vc_row][vc_row content_placement=&#8221;middle&#8221; el_class=&#8221;split-text-section&#8221; css=&#8221;.vc_custom_1612178922405{margin-top: 3% !important;margin-bottom: 3% !important;}&#8221;][vc_column width=&#8221;1\/2&#8243; css=&#8221;.vc_custom_1612178154599{padding-top: 6% !important;padding-right: 15px !important;padding-bottom: 6% !important;padding-left: 6% !important;border-radius: 20px !important;}&#8221; el_class=&#8221;nostra-rao-column&#8221;][vc_column_text el_class=&#8221;subtitle-turbula&#8221; css=&#8221;.vc_custom_1612178067003{margin-bottom: 0px !important;}&#8221;] M\u00c1S DE 60 A\u00d1OS ACOMPA\u00d1ANDO A &hellip;\" \/>\n<meta property=\"og:url\" content=\"https:\/\/escolaturbula.com\/escola\/la-nostra-rao-de-ser\/\" \/>\n<meta property=\"og:site_name\" content=\"Escola T\u00farbula\" \/>\n<meta property=\"article:publisher\" content=\"https:\/\/www.facebook.com\/escola.turbula.oficial\/\" \/>\n<meta property=\"article:modified_time\" content=\"2025-01-16T10:06:35+00:00\" \/>\n<meta property=\"og:image\" content=\"https:\/\/escolaturbula.com\/wp-content\/uploads\/2020\/11\/slider-turbula-test-2.jpg\" \/>\n\t<meta property=\"og:image:width\" content=\"2560\" \/>\n\t<meta property=\"og:image:height\" content=\"1076\" \/>\n\t<meta property=\"og:image:type\" content=\"image\/jpeg\" \/>\n<meta name=\"twitter:card\" content=\"summary_large_image\" \/>\n<meta name=\"twitter:site\" content=\"@turbula\" \/>\n<meta name=\"twitter:label1\" content=\"Tiempo de lectura\" \/>\n\t<meta name=\"twitter:data1\" content=\"4 minutos\" \/>\n<script type=\"application\/ld+json\" class=\"yoast-schema-graph\">{\"@context\":\"https:\\\/\\\/schema.org\",\"@graph\":[{\"@type\":\"WebPage\",\"@id\":\"https:\\\/\\\/escolaturbula.com\\\/escola\\\/la-nostra-rao-de-ser\\\/\",\"url\":\"https:\\\/\\\/escolaturbula.com\\\/escola\\\/la-nostra-rao-de-ser\\\/\",\"name\":\"Nuestra raz\u00f3n de ser - Escola T\u00farbula\",\"isPartOf\":{\"@id\":\"https:\\\/\\\/escolaturbula.com\\\/es\\\/#website\"},\"primaryImageOfPage\":{\"@id\":\"https:\\\/\\\/escolaturbula.com\\\/escola\\\/la-nostra-rao-de-ser\\\/#primaryimage\"},\"image\":{\"@id\":\"https:\\\/\\\/escolaturbula.com\\\/escola\\\/la-nostra-rao-de-ser\\\/#primaryimage\"},\"thumbnailUrl\":\"https:\\\/\\\/escolaturbula.com\\\/wp-content\\\/uploads\\\/2020\\\/11\\\/slider-turbula-test-2.jpg\",\"datePublished\":\"2021-02-11T11:40:51+00:00\",\"dateModified\":\"2025-01-16T10:06:35+00:00\",\"breadcrumb\":{\"@id\":\"https:\\\/\\\/escolaturbula.com\\\/escola\\\/la-nostra-rao-de-ser\\\/#breadcrumb\"},\"inLanguage\":\"es\",\"potentialAction\":[{\"@type\":\"ReadAction\",\"target\":[\"https:\\\/\\\/escolaturbula.com\\\/escola\\\/la-nostra-rao-de-ser\\\/\"]}]},{\"@type\":\"ImageObject\",\"inLanguage\":\"es\",\"@id\":\"https:\\\/\\\/escolaturbula.com\\\/escola\\\/la-nostra-rao-de-ser\\\/#primaryimage\",\"url\":\"https:\\\/\\\/escolaturbula.com\\\/wp-content\\\/uploads\\\/2020\\\/11\\\/slider-turbula-test-2.jpg\",\"contentUrl\":\"https:\\\/\\\/escolaturbula.com\\\/wp-content\\\/uploads\\\/2020\\\/11\\\/slider-turbula-test-2.jpg\",\"width\":2560,\"height\":1076},{\"@type\":\"BreadcrumbList\",\"@id\":\"https:\\\/\\\/escolaturbula.com\\\/escola\\\/la-nostra-rao-de-ser\\\/#breadcrumb\",\"itemListElement\":[{\"@type\":\"ListItem\",\"position\":1,\"name\":\"Escuela\",\"item\":\"https:\\\/\\\/escolaturbula.com\\\/es\\\/escuela\\\/\"},{\"@type\":\"ListItem\",\"position\":2,\"name\":\"Nuestra raz\u00f3n de ser\"}]},{\"@type\":\"WebSite\",\"@id\":\"https:\\\/\\\/escolaturbula.com\\\/es\\\/#website\",\"url\":\"https:\\\/\\\/escolaturbula.com\\\/es\\\/\",\"name\":\"Escola Turbula\",\"description\":\"Colegio privado en Sant Adri\u00e0 de Bes\u00f2s, Barcelona\",\"publisher\":{\"@id\":\"https:\\\/\\\/escolaturbula.com\\\/es\\\/#organization\"},\"alternateName\":\"Escola Turbula\",\"potentialAction\":[{\"@type\":\"SearchAction\",\"target\":{\"@type\":\"EntryPoint\",\"urlTemplate\":\"https:\\\/\\\/escolaturbula.com\\\/es\\\/?s={search_term_string}\"},\"query-input\":{\"@type\":\"PropertyValueSpecification\",\"valueRequired\":true,\"valueName\":\"search_term_string\"}}],\"inLanguage\":\"es\"},{\"@type\":\"Organization\",\"@id\":\"https:\\\/\\\/escolaturbula.com\\\/es\\\/#organization\",\"name\":\"Escola Turbula\",\"alternateName\":\"Escola Turbula\",\"url\":\"https:\\\/\\\/escolaturbula.com\\\/es\\\/\",\"logo\":{\"@type\":\"ImageObject\",\"inLanguage\":\"es\",\"@id\":\"https:\\\/\\\/escolaturbula.com\\\/es\\\/#\\\/schema\\\/logo\\\/image\\\/\",\"url\":\"https:\\\/\\\/escolaturbula.com\\\/wp-content\\\/uploads\\\/2015\\\/07\\\/logo_trbl-1.png\",\"contentUrl\":\"https:\\\/\\\/escolaturbula.com\\\/wp-content\\\/uploads\\\/2015\\\/07\\\/logo_trbl-1.png\",\"width\":282,\"height\":75,\"caption\":\"Escola Turbula\"},\"image\":{\"@id\":\"https:\\\/\\\/escolaturbula.com\\\/es\\\/#\\\/schema\\\/logo\\\/image\\\/\"},\"sameAs\":[\"https:\\\/\\\/www.facebook.com\\\/escola.turbula.oficial\\\/\",\"https:\\\/\\\/x.com\\\/turbula\"]}]}<\/script>\n<!-- \/ Yoast SEO plugin. -->","yoast_head_json":{"title":"Nuestra raz\u00f3n de ser - Escola T\u00farbula","robots":{"index":"index","follow":"follow","max-snippet":"max-snippet:-1","max-image-preview":"max-image-preview:large","max-video-preview":"max-video-preview:-1"},"canonical":"https:\/\/escolaturbula.com\/escola\/la-nostra-rao-de-ser\/","og_locale":"es_ES","og_type":"article","og_title":"Nuestra raz\u00f3n de ser - Escola T\u00farbula","og_description":"[vc_row full_width=&#8221;stretch_row_content_no_spaces&#8221; el_class=&#8221;submenu-turbula&#8221; css=&#8221;.vc_custom_1595849160640{background-color: #0274c8 !important;}&#8221;][vc_column css=&#8221;.vc_custom_1594811756530{margin-top: 0px !important;}&#8221;][vc_wp_custommenu nav_menu=&#8221;6555&#8243;][\/vc_column][\/vc_row][vc_row content_placement=&#8221;middle&#8221; el_class=&#8221;split-text-section&#8221; css=&#8221;.vc_custom_1612178922405{margin-top: 3% !important;margin-bottom: 3% !important;}&#8221;][vc_column width=&#8221;1\/2&#8243; css=&#8221;.vc_custom_1612178154599{padding-top: 6% !important;padding-right: 15px !important;padding-bottom: 6% !important;padding-left: 6% !important;border-radius: 20px !important;}&#8221; el_class=&#8221;nostra-rao-column&#8221;][vc_column_text el_class=&#8221;subtitle-turbula&#8221; css=&#8221;.vc_custom_1612178067003{margin-bottom: 0px !important;}&#8221;] M\u00c1S DE 60 A\u00d1OS ACOMPA\u00d1ANDO A &hellip;","og_url":"https:\/\/escolaturbula.com\/escola\/la-nostra-rao-de-ser\/","og_site_name":"Escola T\u00farbula","article_publisher":"https:\/\/www.facebook.com\/escola.turbula.oficial\/","article_modified_time":"2025-01-16T10:06:35+00:00","og_image":[{"width":2560,"height":1076,"url":"https:\/\/escolaturbula.com\/wp-content\/uploads\/2020\/11\/slider-turbula-test-2.jpg","type":"image\/jpeg"}],"twitter_card":"summary_large_image","twitter_site":"@turbula","twitter_misc":{"Tiempo de lectura":"4 minutos"},"schema":{"@context":"https:\/\/schema.org","@graph":[{"@type":"WebPage","@id":"https:\/\/escolaturbula.com\/escola\/la-nostra-rao-de-ser\/","url":"https:\/\/escolaturbula.com\/escola\/la-nostra-rao-de-ser\/","name":"Nuestra raz\u00f3n de ser - Escola T\u00farbula","isPartOf":{"@id":"https:\/\/escolaturbula.com\/es\/#website"},"primaryImageOfPage":{"@id":"https:\/\/escolaturbula.com\/escola\/la-nostra-rao-de-ser\/#primaryimage"},"image":{"@id":"https:\/\/escolaturbula.com\/escola\/la-nostra-rao-de-ser\/#primaryimage"},"thumbnailUrl":"https:\/\/escolaturbula.com\/wp-content\/uploads\/2020\/11\/slider-turbula-test-2.jpg","datePublished":"2021-02-11T11:40:51+00:00","dateModified":"2025-01-16T10:06:35+00:00","breadcrumb":{"@id":"https:\/\/escolaturbula.com\/escola\/la-nostra-rao-de-ser\/#breadcrumb"},"inLanguage":"es","potentialAction":[{"@type":"ReadAction","target":["https:\/\/escolaturbula.com\/escola\/la-nostra-rao-de-ser\/"]}]},{"@type":"ImageObject","inLanguage":"es","@id":"https:\/\/escolaturbula.com\/escola\/la-nostra-rao-de-ser\/#primaryimage","url":"https:\/\/escolaturbula.com\/wp-content\/uploads\/2020\/11\/slider-turbula-test-2.jpg","contentUrl":"https:\/\/escolaturbula.com\/wp-content\/uploads\/2020\/11\/slider-turbula-test-2.jpg","width":2560,"height":1076},{"@type":"BreadcrumbList","@id":"https:\/\/escolaturbula.com\/escola\/la-nostra-rao-de-ser\/#breadcrumb","itemListElement":[{"@type":"ListItem","position":1,"name":"Escuela","item":"https:\/\/escolaturbula.com\/es\/escuela\/"},{"@type":"ListItem","position":2,"name":"Nuestra raz\u00f3n de ser"}]},{"@type":"WebSite","@id":"https:\/\/escolaturbula.com\/es\/#website","url":"https:\/\/escolaturbula.com\/es\/","name":"Escola Turbula","description":"Colegio privado en Sant Adri\u00e0 de Bes\u00f2s, Barcelona","publisher":{"@id":"https:\/\/escolaturbula.com\/es\/#organization"},"alternateName":"Escola Turbula","potentialAction":[{"@type":"SearchAction","target":{"@type":"EntryPoint","urlTemplate":"https:\/\/escolaturbula.com\/es\/?s={search_term_string}"},"query-input":{"@type":"PropertyValueSpecification","valueRequired":true,"valueName":"search_term_string"}}],"inLanguage":"es"},{"@type":"Organization","@id":"https:\/\/escolaturbula.com\/es\/#organization","name":"Escola Turbula","alternateName":"Escola Turbula","url":"https:\/\/escolaturbula.com\/es\/","logo":{"@type":"ImageObject","inLanguage":"es","@id":"https:\/\/escolaturbula.com\/es\/#\/schema\/logo\/image\/","url":"https:\/\/escolaturbula.com\/wp-content\/uploads\/2015\/07\/logo_trbl-1.png","contentUrl":"https:\/\/escolaturbula.com\/wp-content\/uploads\/2015\/07\/logo_trbl-1.png","width":282,"height":75,"caption":"Escola Turbula"},"image":{"@id":"https:\/\/escolaturbula.com\/es\/#\/schema\/logo\/image\/"},"sameAs":["https:\/\/www.facebook.com\/escola.turbula.oficial\/","https:\/\/x.com\/turbula"]}]}},"_links":{"self":[{"href":"https:\/\/escolaturbula.com\/es\/wp-json\/wp\/v2\/pages\/14046","targetHints":{"allow":["GET"]}}],"collection":[{"href":"https:\/\/escolaturbula.com\/es\/wp-json\/wp\/v2\/pages"}],"about":[{"href":"https:\/\/escolaturbula.com\/es\/wp-json\/wp\/v2\/types\/page"}],"author":[{"embeddable":true,"href":"https:\/\/escolaturbula.com\/es\/wp-json\/wp\/v2\/users\/1"}],"replies":[{"embeddable":true,"href":"https:\/\/escolaturbula.com\/es\/wp-json\/wp\/v2\/comments?post=14046"}],"version-history":[{"count":4,"href":"https:\/\/escolaturbula.com\/es\/wp-json\/wp\/v2\/pages\/14046\/revisions"}],"predecessor-version":[{"id":26512,"href":"https:\/\/escolaturbula.com\/es\/wp-json\/wp\/v2\/pages\/14046\/revisions\/26512"}],"up":[{"embeddable":true,"href":"https:\/\/escolaturbula.com\/es\/wp-json\/wp\/v2\/pages\/15685"}],"wp:featuredmedia":[{"embeddable":true,"href":"https:\/\/escolaturbula.com\/es\/wp-json\/wp\/v2\/media\/14049"}],"wp:attachment":[{"href":"https:\/\/escolaturbula.com\/es\/wp-json\/wp\/v2\/media?parent=14046"}],"curies":[{"name":"wp","href":"https:\/\/api.w.org\/{rel}","templated":true}]}}