{"id":14348,"date":"2021-02-12T12:22:26","date_gmt":"2021-02-12T12:22:26","guid":{"rendered":"http:\/\/escolaturbula.com\/como-seran-nuestros-alumnos\/"},"modified":"2021-03-05T17:32:45","modified_gmt":"2021-03-05T17:32:45","slug":"como-seran-nuestros-alumnos","status":"publish","type":"page","link":"https:\/\/escolaturbula.com\/es\/escuela\/como-seran-nuestros-alumnos\/","title":{"rendered":"C\u00f3mo ser\u00e1n nuestros alumnos"},"content":{"rendered":"<div class=\"wpb-content-wrapper\"><p>[vc_row full_width=&#8221;stretch_row_content_no_spaces&#8221; el_class=&#8221;submenu-turbula&#8221; css=&#8221;.vc_custom_1595849160640{background-color: #0274c8 !important;}&#8221;][vc_column css=&#8221;.vc_custom_1594811756530{margin-top: 0px !important;}&#8221;][vc_wp_custommenu nav_menu=&#8221;6555&#8243;][\/vc_column][\/vc_row][vc_row gap=&#8221;30&#8243; content_placement=&#8221;middle&#8221; css=&#8221;.vc_custom_1606136753573{padding-top: 8% !important;padding-bottom: 8% !important;}&#8221;][vc_column width=&#8221;1\/4&#8243;][vc_row_inner content_placement=&#8221;middle&#8221; css=&#8221;.vc_custom_1606213989339{margin-bottom: 5% !important;padding-top: 4% !important;padding-right: 4% !important;padding-bottom: 4% !important;padding-left: 4% !important;background-color: #1879be !important;}&#8221; el_class=&#8221;nostre-alumnes-box-container&#8221;][vc_column_inner el_class=&#8221;nostre-alumnes-box-1&#8243;][vc_column_text el_class=&#8221;nostre-alumnes-text&#8221;]<\/p>\n<h3>Creativos<\/h3>\n<p>[\/vc_column_text][vc_column_text el_class=&#8221;text-burbuja&#8221;]<\/p>\n<p style=\"text-align: center;\"><span style=\"color: #ffffff; font-weight: 500;\">con capacidad de aportar ideas nuevas, investigar, crear y<br \/>\nbuscar alternativas para resolver situaciones diversas. Flexibles y con capacidad de enriquecerse de las relaciones con los otros.<\/span><\/p>\n<p>[\/vc_column_text][\/vc_column_inner][\/vc_row_inner][vc_empty_space height=&#8221;50px&#8221;][vc_row_inner css=&#8221;.vc_custom_1606213983388{margin-bottom: 5% !important;padding-top: 4% !important;padding-right: 4% !important;padding-bottom: 4% !important;padding-left: 4% !important;background-color: #fbc80c !important;}&#8221; el_class=&#8221;nostre-alumnes-box-container&#8221;][vc_column_inner el_class=&#8221;nostre-alumnes-box-2&#8243;][vc_column_text el_class=&#8221;nostre-alumnes-text&#8221;]<\/p>\n<h3>Aut\u00f3nomos<\/h3>\n<p>[\/vc_column_text][vc_column_text el_class=&#8221;text-burbuja&#8221;]<\/p>\n<p style=\"text-align: center;\"><span style=\"color: #ffffff; font-weight: 500;\"> capaces de tomar decisiones, resolutivos, eficientes y concisos.<\/span><\/p>\n<p>[\/vc_column_text][\/vc_column_inner][\/vc_row_inner][vc_empty_space height=&#8221;50px&#8221;][vc_row_inner css=&#8221;.vc_custom_1606213979686{padding-top: 4% !important;padding-right: 4% !important;padding-bottom: 4% !important;padding-left: 4% !important;background-color: #e87613 !important;}&#8221; el_class=&#8221;nostre-alumnes-box-container&#8221;][vc_column_inner el_class=&#8221;nostre-alumnes-box-3&#8243;][vc_column_text el_class=&#8221;nostre-alumnes-text&#8221;]<\/p>\n<h3>Respetuosos, emp\u00e1ticos y comprometidos,<\/h3>\n<p>[\/vc_column_text][vc_column_text el_class=&#8221;text-burbuja&#8221;]<\/p>\n<p style=\"text-align: center;\"><span style=\"color: #ffffff; font-weight: 500;\">capaces de ponerse en el lugar del otro. Tolerantes, solidarios, generosos y asertivos.<\/span><\/p>\n<p>[\/vc_column_text][\/vc_column_inner][\/vc_row_inner][\/vc_column][vc_column width=&#8221;1\/2&#8243;][vc_single_image image=&#8221;14351&#8243; img_size=&#8221;full&#8221; alignment=&#8221;center&#8221;][\/vc_column][vc_column width=&#8221;1\/4&#8243;][vc_row_inner css=&#8221;.vc_custom_1606213967041{margin-bottom: 5% !important;padding-top: 4% !important;padding-right: 4% !important;padding-bottom: 4% !important;padding-left: 4% !important;background-color: #3e2e71 !important;}&#8221; el_class=&#8221;nostre-alumnes-box-container&#8221;][vc_column_inner el_class=&#8221;nostre-alumnes-box-4&#8243;][vc_column_text el_class=&#8221;nostre-alumnes-text&#8221;]<\/p>\n<h3>Con capacidad de trabajo en equipo<\/h3>\n<p>[\/vc_column_text][vc_column_text el_class=&#8221;text-burbuja&#8221;]<\/p>\n<p style=\"text-align: center;\"><span style=\"color: #ffffff; font-weight: 500;\">dialogantes, altru\u00edstas, comunicativos y promotores de buen ambiente.<\/span><\/p>\n<p>[\/vc_column_text][\/vc_column_inner][\/vc_row_inner][vc_empty_space height=&#8221;50px&#8221;][vc_row_inner css=&#8221;.vc_custom_1606213971518{margin-bottom: 9% !important;padding-top: 4% !important;padding-right: 4% !important;padding-bottom: 4% !important;padding-left: 4% !important;background-color: #ea5297 !important;}&#8221; el_class=&#8221;nostre-alumnes-box-container&#8221;][vc_column_inner el_class=&#8221;nostre-alumnes-box-5&#8243;][vc_column_text el_class=&#8221;nostre-alumnes-text&#8221;]<\/p>\n<h3>Competentes<\/h3>\n<p>[\/vc_column_text][vc_column_text el_class=&#8221;text-burbuja&#8221;]<\/p>\n<p style=\"text-align: center;\"><span style=\"color: #ffffff; font-weight: 500;\">preparados para enfrentarse y adaptarse a retos profesionales. Con<br \/>\nelevadas competencias comunicativas orales y escritas en los diferentes idiomas.Competentes digitalmente, haciendo un uso responsable de las TIC\u2019s. <\/span><\/p>\n<p>[\/vc_column_text][\/vc_column_inner][\/vc_row_inner][vc_empty_space height=&#8221;50px&#8221;][vc_row_inner css=&#8221;.vc_custom_1606213975557{margin-top: 7% !important;padding-top: 4% !important;padding-right: 4% !important;padding-bottom: 4% !important;padding-left: 4% !important;background-color: #6fc9eb !important;}&#8221; el_class=&#8221;nostre-alumnes-box-container&#8221;][vc_column_inner el_class=&#8221;nostre-alumnes-box-6&#8243;][vc_column_text el_class=&#8221;nostre-alumnes-text&#8221;]<\/p>\n<h3>Sanos y equilibrados emocionamente,<\/h3>\n<p>[\/vc_column_text][vc_column_text el_class=&#8221;text-burbuja&#8221;]<\/p>\n<p style=\"text-align: center;\"><span style=\"color: #ffffff; font-weight: 500;\">con capacidad de adaptarse a situaciones adversas, conocedores de sus emociones y con capacidad de gestionarlas adecuadamente. Capaces de enfrentarse a una sociedad cambiante, con tolerancia a la frustraci\u00f3n y con buena autoestima.<\/span><\/p>\n<p>[\/vc_column_text][\/vc_column_inner][\/vc_row_inner][\/vc_column][\/vc_row][vc_row css=&#8221;.vc_custom_1611837557427{padding-top: 6% !important;}&#8221;][vc_column width=&#8221;1\/6&#8243;][\/vc_column][vc_column width=&#8221;2\/3&#8243;][vc_column_text el_class=&#8221;subtitle-turbula&#8221; css=&#8221;.vc_custom_1600256782034{margin-bottom: 0px !important;}&#8221;]<\/p>\n<h6 class=\"subtitle-turbula\" style=\"text-align: center;\">ACOMPA\u00d1ANDO A NUESTROS ESTUDIANTES<\/h6>\n<p>[\/vc_column_text][vc_column_text css_animation=&#8221;fadeInUp&#8221; css=&#8221;.vc_custom_1612787510242{padding-bottom: 10px !important;}&#8221;]<\/p>\n<h2 class=\"title-turbula\" style=\"text-align: center;\">C\u00f3mo ser\u00e1n nuestros alumnos<\/h2>\n<p>[\/vc_column_text][vc_column_text]<\/p>\n<div class=\"page\" title=\"Page 6\">\n<div class=\"section\">\n<div class=\"layoutArea\">\n<div class=\"column\">\n<p style=\"text-align: center;\">Las personas somos cuerpo, conocimiento, movimiento, emociones, relaciones, car\u00e1cter! La escuela entendemos que en el desarrollo del alumno hay que tener en cuenta las dos vertientes del individuo. Por un lado la vertiente individual, que lo conforman como persona y le da las competencias para su desarrollo. Y por otra banda, la vertiente interpersonal y social que lo permiten relacionarse adecuadamente con el entorno. Con esta perspectiva, trabajaremos para que nuestros alumnos sean:<\/p>\n<\/div>\n<\/div>\n<\/div>\n<\/div>\n<p>[\/vc_column_text][\/vc_column][vc_column width=&#8221;1\/6&#8243;][\/vc_column][\/vc_row][vc_row css=&#8221;.vc_custom_1611837586455{padding-top: 4% !important;padding-bottom: 4% !important;}&#8221;][vc_column width=&#8221;1\/6&#8243;][\/vc_column][vc_column width=&#8221;2\/3&#8243;][vc_column_text]<\/p>\n<div class=\"page\" title=\"Page 6\">\n<div class=\"section\">\n<div class=\"layoutArea\">\n<div class=\"column\">\n<ul>\n<li><span style=\"font-weight: 400;\"><span style=\"color: #1879be;\"><strong>Aut\u00f3nomos<\/strong><\/span>, capaces de tomar decisiones, resolutivos, eficientes y concisos..<\/span><\/li>\n<li style=\"font-weight: 400;\"><span style=\"color: #1879be;\"><strong>Sanos y equilibrados emocionamente,<\/strong><\/span> con capacidad de adaptarse a situaciones adversas, conocedores de sus emociones y con capacidad de gestionarlas adecuadamente. Capaces de enfrentarse a una sociedad cambiante, con tolerancia a la frustraci\u00f3n y con buena autoestima.<\/li>\n<li style=\"font-weight: 400;\"><strong><span style=\"color: #1879be;\">Creativos y proactivos,<\/span><\/strong> con capacidad de aportar ideas nuevas, investigar, crear y buscar alternativas para resolver situaciones diversas. Flexibles y con capacidad de enriquecerse de las relaciones con los otros.<\/li>\n<li style=\"font-weight: 400;\"><strong><span style=\"color: #1879be;\">Respetuosos, emp\u00e1ticos y comprometidos,<\/span><\/strong> capaces de ponerse en el lugar del otro. Tolerantes, solidarios, generosos y asertivos.<\/li>\n<li style=\"font-weight: 400;\"><span style=\"color: #1879be;\"><strong>Con capacidad de trabajo en equipo,<\/strong><\/span> dialogantes, altru\u00edstas, comunicativos y promotores de buen ambiente.<\/li>\n<li style=\"font-weight: 400;\"><span style=\"color: #1879be;\"><strong>Competentes,<\/strong> <\/span>preparados para enfrentarse y adaptarse a retos profesionales. Con elevadas competencias comunicativas orales y escritas en los diferentes idiomas. Competentes digitalmente, haciendo un uso responsable de las TIC\u2019s.<\/li>\n<\/ul>\n<\/div>\n<\/div>\n<\/div>\n<\/div>\n<p>[\/vc_column_text][\/vc_column][vc_column width=&#8221;1\/6&#8243;][\/vc_column][\/vc_row][vc_row full_width=&#8221;stretch_row&#8221; content_placement=&#8221;middle&#8221; css=&#8221;.vc_custom_1608629489440{margin-top: 9% !important;padding-top: 2% !important;padding-bottom: 2% !important;background-image: url(http:\/\/escolaturbula.com\/wp-content\/uploads\/2020\/12\/escola-turbula-cta-contactos-ninos.jpg?id=12701) !important;background-position: center !important;background-repeat: no-repeat !important;background-size: cover !important;}&#8221; el_class=&#8221;thim-bg-overlay cta-contact&#8221;][vc_column][vc_row_inner equal_height=&#8221;yes&#8221; content_placement=&#8221;middle&#8221;][vc_column_inner width=&#8221;1\/2&#8243;][vc_column_text el_class=&#8221;subtitle-turbula&#8221; css=&#8221;.vc_custom_1611837012008{margin-bottom: 0px !important;}&#8221;]<\/p>\n<h6 class=\"subtitle-turbula\" style=\"text-align: left;\"><span style=\"color: #ffffff;\">CONTACTOS<\/span><\/h6>\n<p>[\/vc_column_text][vc_column_text css_animation=&#8221;fadeInUp&#8221; css=&#8221;.vc_custom_1608554249617{padding-bottom: 10px !important;}&#8221;]<\/p>\n<h2 class=\"title-turbula\" style=\"text-align: left;\"><span style=\"color: #ffffff;\">\u00bfQuieres contactar con nosotros?<\/span><\/h2>\n<p>[\/vc_column_text][\/vc_column_inner][vc_column_inner el_class=&#8221;cta-contactanos-button&#8221; width=&#8221;1\/2&#8243;]<div class=\"thim-widget-button template-base\"><a class=\"widget-button very-rounded medium custom_style position-after\" href=\"turbula-test\/es\/contactos\/\" style=\"font-size: 14px;border-width: 1px;color: #ffffff;border-color: #ffffff;background-color: rgba(0,0,0,0.01);\" data-hover=\"font-size: 14px;border-width: 1px;color: #0274c8;border-color: #1e73be;background-color: #ffffff;\">CONT\u00c1CTANOS<i class=\"fas fa-envelope\" style=\"font-size: 14px;\"><\/i> <\/a><\/div>[\/vc_column_inner][\/vc_row_inner][vc_row_inner content_placement=&#8221;middle&#8221; css=&#8221;.vc_custom_1608555702803{padding-top: 20px !important;padding-bottom: 20px !important;}&#8221;][vc_column_inner width=&#8221;1\/6&#8243;][\/vc_column_inner][vc_column_inner el_class=&#8221;social-contacts&#8221; width=&#8221;4\/6&#8243;][vc_column_text el_class=&#8221;cta-text&#8221;]<\/p>\n<p style=\"font-size: 1.3em; text-align: left; display: inline-block;\"><span style=\"color: #2970aa;\"><strong>S\u00edguenos en las redes sociales:<\/strong><\/span><\/p>\n<p>[\/vc_column_text]<div class=\"vc-extral_class cta-social\"><div class=\"thim-widget-social template-base\"><div class=\"thim-social style-4\">\n\t\t<ul class=\"social_link\">\n\t\t<li><a class=\"facebook hasTooltip\" href=\"https:\/\/www.facebook.com\/escola.turbula.oficial\" target=\"_blank\"><i class=\"fa fa-facebook\"><\/i><\/a><\/li><li><a class=\"twitter hasTooltip\" href=\"https:\/\/twitter.com\/turbula?lang=es\" target=\"_blank\" ><i class=\"fa fa-x-twitter\"><\/i><\/a><\/li><li><a class=\"instagram hasTooltip\" href=\"https:\/\/www.instagram.com\/turbulaescola\/\" target=\"_blank\" ><i class=\"fa fa-instagram\"><\/i><\/a><\/li><li><a class=\"youtube hasTooltip\" href=\"https:\/\/www.youtube.com\/user\/TurbulaTV\" target=\"_blank\" ><i class=\"fa fa-youtube\"><\/i><\/a><\/li>\t<\/ul>\n<\/div><\/div><\/div>[\/vc_column_inner][vc_column_inner width=&#8221;1\/6&#8243;][\/vc_column_inner][\/vc_row_inner][\/vc_column][\/vc_row]<\/p>\n<\/div>","protected":false},"excerpt":{"rendered":"<p>[vc_row full_width=&#8221;stretch_row_content_no_spaces&#8221; el_class=&#8221;submenu-turbula&#8221; css=&#8221;.vc_custom_1595849160640{background-color: #0274c8 !important;}&#8221;][vc_column css=&#8221;.vc_custom_1594811756530{margin-top: 0px !important;}&#8221;][vc_wp_custommenu nav_menu=&#8221;6555&#8243;][\/vc_column][\/vc_row][vc_row gap=&#8221;30&#8243; content_placement=&#8221;middle&#8221; css=&#8221;.vc_custom_1606136753573{padding-top: 8% !important;padding-bottom: 8% !important;}&#8221;][vc_column width=&#8221;1\/4&#8243;][vc_row_inner content_placement=&#8221;middle&#8221; css=&#8221;.vc_custom_1606213989339{margin-bottom: 5% !important;padding-top: 4% !important;padding-right: 4% !important;padding-bottom: 4% !important;padding-left: 4% !important;background-color: #1879be !important;}&#8221; el_class=&#8221;nostre-alumnes-box-container&#8221;][vc_column_inner el_class=&#8221;nostre-alumnes-box-1&#8243;][vc_column_text el_class=&#8221;nostre-alumnes-text&#8221;] Creativos [\/vc_column_text][vc_column_text el_class=&#8221;text-burbuja&#8221;] con capacidad &hellip; <\/p>\n","protected":false},"author":1,"featured_media":0,"parent":15685,"menu_order":0,"comment_status":"closed","ping_status":"closed","template":"","meta":{"footnotes":""},"class_list":["post-14348","page","type-page","status-publish","hentry"],"yoast_head":"<!-- This site is optimized with the Yoast SEO plugin v27.3 - https:\/\/yoast.com\/product\/yoast-seo-wordpress\/ -->\n<title>C\u00f3mo ser\u00e1n nuestros alumnos - Escola T\u00farbula<\/title>\n<meta name=\"robots\" content=\"index, follow, max-snippet:-1, max-image-preview:large, max-video-preview:-1\" \/>\n<link rel=\"canonical\" href=\"https:\/\/escolaturbula.com\/es\/escuela\/como-seran-nuestros-alumnos\/\" \/>\n<meta property=\"og:locale\" content=\"es_ES\" \/>\n<meta property=\"og:type\" content=\"article\" \/>\n<meta property=\"og:title\" content=\"C\u00f3mo ser\u00e1n nuestros alumnos - Escola T\u00farbula\" \/>\n<meta property=\"og:description\" content=\"[vc_row full_width=&#8221;stretch_row_content_no_spaces&#8221; el_class=&#8221;submenu-turbula&#8221; css=&#8221;.vc_custom_1595849160640{background-color: #0274c8 !important;}&#8221;][vc_column css=&#8221;.vc_custom_1594811756530{margin-top: 0px !important;}&#8221;][vc_wp_custommenu nav_menu=&#8221;6555&#8243;][\/vc_column][\/vc_row][vc_row gap=&#8221;30&#8243; content_placement=&#8221;middle&#8221; css=&#8221;.vc_custom_1606136753573{padding-top: 8% !important;padding-bottom: 8% !important;}&#8221;][vc_column width=&#8221;1\/4&#8243;][vc_row_inner content_placement=&#8221;middle&#8221; css=&#8221;.vc_custom_1606213989339{margin-bottom: 5% !important;padding-top: 4% !important;padding-right: 4% !important;padding-bottom: 4% !important;padding-left: 4% !important;background-color: #1879be !important;}&#8221; el_class=&#8221;nostre-alumnes-box-container&#8221;][vc_column_inner el_class=&#8221;nostre-alumnes-box-1&#8243;][vc_column_text el_class=&#8221;nostre-alumnes-text&#8221;] Creativos [\/vc_column_text][vc_column_text el_class=&#8221;text-burbuja&#8221;] con capacidad &hellip;\" \/>\n<meta property=\"og:url\" content=\"https:\/\/escolaturbula.com\/es\/escuela\/como-seran-nuestros-alumnos\/\" \/>\n<meta property=\"og:site_name\" content=\"Escola T\u00farbula\" \/>\n<meta property=\"article:publisher\" content=\"https:\/\/www.facebook.com\/escola.turbula.oficial\/\" \/>\n<meta property=\"article:modified_time\" content=\"2021-03-05T17:32:45+00:00\" \/>\n<meta name=\"twitter:card\" content=\"summary_large_image\" \/>\n<meta name=\"twitter:site\" content=\"@turbula\" \/>\n<meta name=\"twitter:label1\" content=\"Tiempo de lectura\" \/>\n\t<meta name=\"twitter:data1\" content=\"6 minutos\" \/>\n<script type=\"application\/ld+json\" class=\"yoast-schema-graph\">{\"@context\":\"https:\\\/\\\/schema.org\",\"@graph\":[{\"@type\":\"WebPage\",\"@id\":\"https:\\\/\\\/escolaturbula.com\\\/es\\\/escuela\\\/como-seran-nuestros-alumnos\\\/\",\"url\":\"https:\\\/\\\/escolaturbula.com\\\/es\\\/escuela\\\/como-seran-nuestros-alumnos\\\/\",\"name\":\"C\u00f3mo ser\u00e1n nuestros alumnos - Escola T\u00farbula\",\"isPartOf\":{\"@id\":\"https:\\\/\\\/escolaturbula.com\\\/es\\\/#website\"},\"datePublished\":\"2021-02-12T12:22:26+00:00\",\"dateModified\":\"2021-03-05T17:32:45+00:00\",\"breadcrumb\":{\"@id\":\"https:\\\/\\\/escolaturbula.com\\\/es\\\/escuela\\\/como-seran-nuestros-alumnos\\\/#breadcrumb\"},\"inLanguage\":\"es\",\"potentialAction\":[{\"@type\":\"ReadAction\",\"target\":[\"https:\\\/\\\/escolaturbula.com\\\/es\\\/escuela\\\/como-seran-nuestros-alumnos\\\/\"]}]},{\"@type\":\"BreadcrumbList\",\"@id\":\"https:\\\/\\\/escolaturbula.com\\\/es\\\/escuela\\\/como-seran-nuestros-alumnos\\\/#breadcrumb\",\"itemListElement\":[{\"@type\":\"ListItem\",\"position\":1,\"name\":\"Escuela\",\"item\":\"https:\\\/\\\/escolaturbula.com\\\/es\\\/escuela\\\/\"},{\"@type\":\"ListItem\",\"position\":2,\"name\":\"C\u00f3mo ser\u00e1n nuestros alumnos\"}]},{\"@type\":\"WebSite\",\"@id\":\"https:\\\/\\\/escolaturbula.com\\\/es\\\/#website\",\"url\":\"https:\\\/\\\/escolaturbula.com\\\/es\\\/\",\"name\":\"Escola Turbula\",\"description\":\"Colegio privado en Sant Adri\u00e0 de Bes\u00f2s, Barcelona\",\"publisher\":{\"@id\":\"https:\\\/\\\/escolaturbula.com\\\/es\\\/#organization\"},\"alternateName\":\"Escola Turbula\",\"potentialAction\":[{\"@type\":\"SearchAction\",\"target\":{\"@type\":\"EntryPoint\",\"urlTemplate\":\"https:\\\/\\\/escolaturbula.com\\\/es\\\/?s={search_term_string}\"},\"query-input\":{\"@type\":\"PropertyValueSpecification\",\"valueRequired\":true,\"valueName\":\"search_term_string\"}}],\"inLanguage\":\"es\"},{\"@type\":\"Organization\",\"@id\":\"https:\\\/\\\/escolaturbula.com\\\/es\\\/#organization\",\"name\":\"Escola Turbula\",\"alternateName\":\"Escola Turbula\",\"url\":\"https:\\\/\\\/escolaturbula.com\\\/es\\\/\",\"logo\":{\"@type\":\"ImageObject\",\"inLanguage\":\"es\",\"@id\":\"https:\\\/\\\/escolaturbula.com\\\/es\\\/#\\\/schema\\\/logo\\\/image\\\/\",\"url\":\"https:\\\/\\\/escolaturbula.com\\\/wp-content\\\/uploads\\\/2015\\\/07\\\/logo_trbl-1.png\",\"contentUrl\":\"https:\\\/\\\/escolaturbula.com\\\/wp-content\\\/uploads\\\/2015\\\/07\\\/logo_trbl-1.png\",\"width\":282,\"height\":75,\"caption\":\"Escola Turbula\"},\"image\":{\"@id\":\"https:\\\/\\\/escolaturbula.com\\\/es\\\/#\\\/schema\\\/logo\\\/image\\\/\"},\"sameAs\":[\"https:\\\/\\\/www.facebook.com\\\/escola.turbula.oficial\\\/\",\"https:\\\/\\\/x.com\\\/turbula\"]}]}<\/script>\n<!-- \/ Yoast SEO plugin. -->","yoast_head_json":{"title":"C\u00f3mo ser\u00e1n nuestros alumnos - Escola T\u00farbula","robots":{"index":"index","follow":"follow","max-snippet":"max-snippet:-1","max-image-preview":"max-image-preview:large","max-video-preview":"max-video-preview:-1"},"canonical":"https:\/\/escolaturbula.com\/es\/escuela\/como-seran-nuestros-alumnos\/","og_locale":"es_ES","og_type":"article","og_title":"C\u00f3mo ser\u00e1n nuestros alumnos - Escola T\u00farbula","og_description":"[vc_row full_width=&#8221;stretch_row_content_no_spaces&#8221; el_class=&#8221;submenu-turbula&#8221; css=&#8221;.vc_custom_1595849160640{background-color: #0274c8 !important;}&#8221;][vc_column css=&#8221;.vc_custom_1594811756530{margin-top: 0px !important;}&#8221;][vc_wp_custommenu nav_menu=&#8221;6555&#8243;][\/vc_column][\/vc_row][vc_row gap=&#8221;30&#8243; content_placement=&#8221;middle&#8221; css=&#8221;.vc_custom_1606136753573{padding-top: 8% !important;padding-bottom: 8% !important;}&#8221;][vc_column width=&#8221;1\/4&#8243;][vc_row_inner content_placement=&#8221;middle&#8221; css=&#8221;.vc_custom_1606213989339{margin-bottom: 5% !important;padding-top: 4% !important;padding-right: 4% !important;padding-bottom: 4% !important;padding-left: 4% !important;background-color: #1879be !important;}&#8221; el_class=&#8221;nostre-alumnes-box-container&#8221;][vc_column_inner el_class=&#8221;nostre-alumnes-box-1&#8243;][vc_column_text el_class=&#8221;nostre-alumnes-text&#8221;] Creativos [\/vc_column_text][vc_column_text el_class=&#8221;text-burbuja&#8221;] con capacidad &hellip;","og_url":"https:\/\/escolaturbula.com\/es\/escuela\/como-seran-nuestros-alumnos\/","og_site_name":"Escola T\u00farbula","article_publisher":"https:\/\/www.facebook.com\/escola.turbula.oficial\/","article_modified_time":"2021-03-05T17:32:45+00:00","twitter_card":"summary_large_image","twitter_site":"@turbula","twitter_misc":{"Tiempo de lectura":"6 minutos"},"schema":{"@context":"https:\/\/schema.org","@graph":[{"@type":"WebPage","@id":"https:\/\/escolaturbula.com\/es\/escuela\/como-seran-nuestros-alumnos\/","url":"https:\/\/escolaturbula.com\/es\/escuela\/como-seran-nuestros-alumnos\/","name":"C\u00f3mo ser\u00e1n nuestros alumnos - Escola T\u00farbula","isPartOf":{"@id":"https:\/\/escolaturbula.com\/es\/#website"},"datePublished":"2021-02-12T12:22:26+00:00","dateModified":"2021-03-05T17:32:45+00:00","breadcrumb":{"@id":"https:\/\/escolaturbula.com\/es\/escuela\/como-seran-nuestros-alumnos\/#breadcrumb"},"inLanguage":"es","potentialAction":[{"@type":"ReadAction","target":["https:\/\/escolaturbula.com\/es\/escuela\/como-seran-nuestros-alumnos\/"]}]},{"@type":"BreadcrumbList","@id":"https:\/\/escolaturbula.com\/es\/escuela\/como-seran-nuestros-alumnos\/#breadcrumb","itemListElement":[{"@type":"ListItem","position":1,"name":"Escuela","item":"https:\/\/escolaturbula.com\/es\/escuela\/"},{"@type":"ListItem","position":2,"name":"C\u00f3mo ser\u00e1n nuestros alumnos"}]},{"@type":"WebSite","@id":"https:\/\/escolaturbula.com\/es\/#website","url":"https:\/\/escolaturbula.com\/es\/","name":"Escola Turbula","description":"Colegio privado en Sant Adri\u00e0 de Bes\u00f2s, Barcelona","publisher":{"@id":"https:\/\/escolaturbula.com\/es\/#organization"},"alternateName":"Escola Turbula","potentialAction":[{"@type":"SearchAction","target":{"@type":"EntryPoint","urlTemplate":"https:\/\/escolaturbula.com\/es\/?s={search_term_string}"},"query-input":{"@type":"PropertyValueSpecification","valueRequired":true,"valueName":"search_term_string"}}],"inLanguage":"es"},{"@type":"Organization","@id":"https:\/\/escolaturbula.com\/es\/#organization","name":"Escola Turbula","alternateName":"Escola Turbula","url":"https:\/\/escolaturbula.com\/es\/","logo":{"@type":"ImageObject","inLanguage":"es","@id":"https:\/\/escolaturbula.com\/es\/#\/schema\/logo\/image\/","url":"https:\/\/escolaturbula.com\/wp-content\/uploads\/2015\/07\/logo_trbl-1.png","contentUrl":"https:\/\/escolaturbula.com\/wp-content\/uploads\/2015\/07\/logo_trbl-1.png","width":282,"height":75,"caption":"Escola Turbula"},"image":{"@id":"https:\/\/escolaturbula.com\/es\/#\/schema\/logo\/image\/"},"sameAs":["https:\/\/www.facebook.com\/escola.turbula.oficial\/","https:\/\/x.com\/turbula"]}]}},"_links":{"self":[{"href":"https:\/\/escolaturbula.com\/es\/wp-json\/wp\/v2\/pages\/14348","targetHints":{"allow":["GET"]}}],"collection":[{"href":"https:\/\/escolaturbula.com\/es\/wp-json\/wp\/v2\/pages"}],"about":[{"href":"https:\/\/escolaturbula.com\/es\/wp-json\/wp\/v2\/types\/page"}],"author":[{"embeddable":true,"href":"https:\/\/escolaturbula.com\/es\/wp-json\/wp\/v2\/users\/1"}],"replies":[{"embeddable":true,"href":"https:\/\/escolaturbula.com\/es\/wp-json\/wp\/v2\/comments?post=14348"}],"version-history":[{"count":0,"href":"https:\/\/escolaturbula.com\/es\/wp-json\/wp\/v2\/pages\/14348\/revisions"}],"up":[{"embeddable":true,"href":"https:\/\/escolaturbula.com\/es\/wp-json\/wp\/v2\/pages\/15685"}],"wp:attachment":[{"href":"https:\/\/escolaturbula.com\/es\/wp-json\/wp\/v2\/media?parent=14348"}],"curies":[{"name":"wp","href":"https:\/\/api.w.org\/{rel}","templated":true}]}}