{"id":14661,"date":"2021-02-15T12:19:30","date_gmt":"2021-02-15T12:19:30","guid":{"rendered":"http:\/\/escolaturbula.com\/oferta-educativa\/bachillerato\/"},"modified":"2023-01-26T12:41:17","modified_gmt":"2023-01-26T12:41:17","slug":"bachillerato","status":"publish","type":"page","link":"https:\/\/escolaturbula.com\/es\/oferta-educativa\/bachillerato\/","title":{"rendered":"Bachillerato"},"content":{"rendered":"<div class=\"wpb-content-wrapper\"><p>[vc_row full_width=&#8221;stretch_row_content_no_spaces&#8221; el_class=&#8221;submenu-turbula&#8221; css=&#8221;.vc_custom_1595849160640{background-color: #0274c8 !important;}&#8221;][vc_column css=&#8221;.vc_custom_1594811756530{margin-top: 0px !important;}&#8221;][vc_wp_custommenu nav_menu=&#8221;6563&#8243;][\/vc_column][\/vc_row][vc_row css=&#8221;.vc_custom_1595923894303{padding-top: 6% !important;padding-bottom: 2% !important;}&#8221;][vc_column width=&#8221;1\/6&#8243;][\/vc_column][vc_column width=&#8221;2\/3&#8243;][vc_column_text el_class=&#8221;subtitle-turbula&#8221; css=&#8221;.vc_custom_1610963016291{margin-bottom: 0px !important;}&#8221;]<\/p>\n<h6 class=\"subtitle-turbula\" style=\"text-align: center;\">modelando el futuro de nuestros alumnos<\/h6>\n<p>[\/vc_column_text][vc_column_text css_animation=&#8221;fadeInUp&#8221; css=&#8221;.vc_custom_1610963550842{padding-bottom: 10px !important;}&#8221;]<\/p>\n<h2 class=\"title-turbula\" style=\"text-align: center;\">Bachillerato en la Escola T\u00farbula<\/h2>\n<p>[\/vc_column_text][vc_column_text]<br \/>\nLa Escuela T\u00farbula te ofrece<strong> dos itinerarios:<\/strong> aquel dirigido a prepararte con \u00e9xito las pruebas de la <strong>selectividad<\/strong> y acceder a la carrera con la que siempre has so\u00f1ado, y aquel que te forma competencialmente para desarrollarte plenamente en un <strong>ciclo formativo<\/strong> y trabajar as\u00ed en tu gran pasi\u00f3n. Tendr\u00e1s la posibilidad de obtener el American High School Diploma, cursando, tambi\u00e9n el Bachillerato Dual.<br \/>\n[\/vc_column_text][vc_message color=&#8221;info&#8221;]Para m\u00e1s informaci\u00f3n, descarga la <a href=\"https:\/\/escolaturbula.com\/wp-content\/uploads\/2023\/01\/Presentacio-Bachillerato-Arrels-2022.pdf\" target=\"_blank\" rel=\"noopener\"><strong>presentaci\u00f3n del bachillerato<\/strong><\/a> y la <strong><a href=\"https:\/\/escolaturbula.com\/wp-content\/uploads\/2023\/01\/Bachillerato-Turbula.-Modalidades- i-itineraris.pdf\" target=\"_blank\" rel=\"noopener\">gu\u00eda sobre modalidad e itinerarios.<\/a><\/strong>[\/vc_message][\/vc_column][vc_column width=&#8221;1\/6&#8243;][\/vc_column][\/vc_row][vc_row content_placement=&#8221;middle&#8221; el_class=&#8221;educativa-split-section&#8221; css=&#8221;.vc_custom_1608120333517{margin-top: 4% !important;margin-bottom: 2% !important;}&#8221;][vc_column width=&#8221;1\/2&#8243; css=&#8221;.vc_custom_1611227980656{padding-top: 6% !important;padding-right: 6% !important;padding-bottom: 6% !important;padding-left: 6% !important;background-position: center !important;background-repeat: no-repeat !important;background-size: cover !important;}&#8221; el_class=&#8221;educativa-split-section-image&#8221;]<div class=\"thim-widget-single-images template-single-images\">\n<div class=\"single-image text-left\"><img src =\"https:\/\/escolaturbula.com\/wp-content\/uploads\/2021\/01\/escola-turbula-batxillerat-3.jpg\" width=\"960\" height=\"1200\" alt=\"\"\/><\/div><\/div>[\/vc_column][vc_column css_animation=&#8221;none&#8221; width=&#8221;1\/2&#8243; css=&#8221;.vc_custom_1608117914755{padding-top: 7% !important;padding-right: 8% !important;padding-bottom: 7% !important;padding-left: 8% !important;background-color: #ffffff !important;border-radius: 5px !important;}&#8221; el_class=&#8221;educativa-split-section-text&#8221;][vc_column_text css_animation=&#8221;none&#8221; css=&#8221;.vc_custom_1614341862387{padding-bottom: 10px !important;}&#8221;]<\/p>\n<h2 class=\"educativa-title-turbula\" style=\"text-align: left;\">Bachillerato Acad\u00e9mico<\/h2>\n<p>[\/vc_column_text][vc_column_text]<span style=\"font-weight: 400;\">Etapa de dos cursos que posibilita el acceso a la Universidad y los ciclos formativos de Grado Superior. <\/span><span style=\"font-weight: 400;\">Los bachilleratos que ofrecemos en T\u00farbula son el <strong>Bachillerato de Ciencias y Tecnolog\u00eda y el Bachillerato de Humanidades y Ciencias Sociales.<\/strong><\/span><\/p>\n<p><span style=\"font-weight: 400;\">La etapa consta de dos tipos de materias, las materias comunes a todos los bachilleratos y las materias de modalidad, seg\u00fan la especialidad que nuestros alumnos elijan de acuerdo con sus intereses.<\/span>[\/vc_column_text]<div class=\"thim-widget-button template-base\"><a class=\"widget-button very-rounded medium custom_style position-after\" href=\"https:\/\/escolaturbula.com\/es\/oferta-educativa\/bachillerato\/bachillerato-academico\/\" style=\"font-size: 14px;border-width: 1px;color: #0481c9;border-color: #0481c9;background-color: rgba(0,127,201,0.01);\" data-hover=\"font-size: 14px;border-width: 1px;color: #ffffff;border-color: #ffffff;background-color: #0481c9;\"> PARA M\u00c1S INFORMACI\u00d3N<\/a><\/div>[\/vc_column][\/vc_row][vc_row content_placement=&#8221;middle&#8221; el_class=&#8221;educativa-split-section-reverse&#8221; css=&#8221;.vc_custom_1611227778619{margin-top: 4% !important;margin-bottom: 2% !important;}&#8221;][vc_column css_animation=&#8221;none&#8221; width=&#8221;1\/2&#8243; css=&#8221;.vc_custom_1608721901721{padding-top: 7% !important;padding-right: 8% !important;padding-bottom: 7% !important;padding-left: 8% !important;background-color: #ffffff !important;border-radius: 5px !important;}&#8221; el_class=&#8221;educativa-split-section-text-left&#8221;][vc_column_text css_animation=&#8221;none&#8221; css=&#8221;.vc_custom_1610962474257{padding-bottom: 10px !important;}&#8221;]<\/p>\n<h2 class=\"educativa-title-turbula\" style=\"text-align: left;\">Bachillerato dual<\/h2>\n<p>[\/vc_column_text][vc_column_text]Es la posibilidad de que la escuela ofrece a los alumnos de 3\u00ba de ESO para obtener en tres cursos acad\u00e9micos (de 3\u00ba a 1\u00ba de Bachillerato) American High School Diploma, t\u00edtulo que permite poder realizar estudios universitarios en Estados Unidos.<\/p>\n<p>Las ventajas de estudiar el Dual Diploma proporciona a nuestro alumnado un elevado nivel de ingl\u00e9s, un aumento de la autonom\u00eda personal y una \u00f3ptima utilizaci\u00f3n de las nuevas tecnolog\u00edas.[\/vc_column_text]<div class=\"thim-widget-button template-base\"><a class=\"widget-button very-rounded medium custom_style position-after\" href=\"https:\/\/escolaturbula.com\/es\/oferta-educativa\/bachillerato\/bachillerato-diploma-dual\/\" style=\"font-size: 14px;border-width: 1px;color: #0481c9;border-color: #0481c9;background-color: rgba(0,127,201,0.01);\" data-hover=\"font-size: 14px;border-width: 1px;color: #ffffff;border-color: #ffffff;background-color: #0481c9;\"> PARA M\u00c1S INFORMACI\u00d3N<\/a><\/div>[\/vc_column][vc_column width=&#8221;1\/2&#8243; css=&#8221;.vc_custom_1611227992547{padding-top: 6% !important;padding-right: 6% !important;padding-bottom: 6% !important;padding-left: 6% !important;background-position: center !important;background-repeat: no-repeat !important;background-size: cover !important;}&#8221; el_class=&#8221;educativa-split-section-image&#8221;]<div class=\"thim-widget-single-images template-single-images\">\n<div class=\"single-image text-left\"><img src =\"https:\/\/escolaturbula.com\/wp-content\/uploads\/2021\/01\/escolaturbula-batxillerat-dual.jpg\" width=\"534\" height=\"667\" alt=\"\"\/><\/div><\/div>[\/vc_column][\/vc_row][vc_row full_width=&#8221;stretch_row&#8221; content_placement=&#8221;middle&#8221; css=&#8221;.vc_custom_1608629489440{margin-top: 9% !important;padding-top: 2% !important;padding-bottom: 2% !important;background-image: url(http:\/\/escolaturbula.com\/wp-content\/uploads\/2020\/12\/escola-turbula-cta-contactos-ninos.jpg?id=12701) !important;background-position: center !important;background-repeat: no-repeat !important;background-size: cover !important;}&#8221; el_class=&#8221;thim-bg-overlay cta-contact&#8221;][vc_column][vc_row_inner equal_height=&#8221;yes&#8221; content_placement=&#8221;middle&#8221;][vc_column_inner width=&#8221;1\/2&#8243;][vc_column_text el_class=&#8221;subtitle-turbula&#8221; css=&#8221;.vc_custom_1611837012008{margin-bottom: 0px !important;}&#8221;]<\/p>\n<h6 class=\"subtitle-turbula\" style=\"text-align: left;\"><span style=\"color: #ffffff;\">CONTACTOS<\/span><\/h6>\n<p>[\/vc_column_text][vc_column_text css_animation=&#8221;fadeInUp&#8221; css=&#8221;.vc_custom_1608554249617{padding-bottom: 10px !important;}&#8221;]<\/p>\n<h2 class=\"title-turbula\" style=\"text-align: left;\"><span style=\"color: #ffffff;\">\u00bfQuieres contactar con nosotros?<\/span><\/h2>\n<p>[\/vc_column_text][\/vc_column_inner][vc_column_inner el_class=&#8221;cta-contactanos-button&#8221; width=&#8221;1\/2&#8243;]<div class=\"thim-widget-button template-base\"><a class=\"widget-button very-rounded medium custom_style position-after\" href=\"\/es\/contactos\/\" style=\"font-size: 14px;border-width: 1px;color: #ffffff;border-color: #ffffff;background-color: rgba(0,0,0,0.01);\" data-hover=\"font-size: 14px;border-width: 1px;color: #0274c8;border-color: #1e73be;background-color: #ffffff;\">CONT\u00c1CTANOS<i class=\"fas fa-envelope\" style=\"font-size: 14px;\"><\/i> <\/a><\/div>[\/vc_column_inner][\/vc_row_inner][vc_row_inner content_placement=&#8221;middle&#8221; css=&#8221;.vc_custom_1608555702803{padding-top: 20px !important;padding-bottom: 20px !important;}&#8221;][vc_column_inner width=&#8221;1\/6&#8243;][\/vc_column_inner][vc_column_inner el_class=&#8221;social-contacts&#8221; width=&#8221;4\/6&#8243;][vc_column_text el_class=&#8221;cta-text&#8221;]<\/p>\n<p style=\"font-size: 1.3em; text-align: left; display: inline-block;\"><span style=\"color: #2970aa;\"><strong>S\u00edguenos en las redes sociales:<\/strong><\/span><\/p>\n<p>[\/vc_column_text]<div class=\"vc-extral_class cta-social\"><div class=\"thim-widget-social template-base\"><div class=\"thim-social style-4\">\n\t\t<ul class=\"social_link\">\n\t\t<li><a class=\"facebook hasTooltip\" href=\"https:\/\/www.facebook.com\/escola.turbula.oficial\" target=\"_blank\"><i class=\"fa fa-facebook\"><\/i><\/a><\/li><li><a class=\"twitter hasTooltip\" href=\"https:\/\/twitter.com\/turbula?lang=es\" target=\"_blank\" ><i class=\"fa fa-x-twitter\"><\/i><\/a><\/li><li><a class=\"instagram hasTooltip\" href=\"https:\/\/www.instagram.com\/turbulaescola\/\" target=\"_blank\" ><i class=\"fa fa-instagram\"><\/i><\/a><\/li><li><a class=\"youtube hasTooltip\" href=\"https:\/\/www.youtube.com\/user\/TurbulaTV\" target=\"_blank\" ><i class=\"fa fa-youtube\"><\/i><\/a><\/li>\t<\/ul>\n<\/div><\/div><\/div>[\/vc_column_inner][vc_column_inner width=&#8221;1\/6&#8243;][\/vc_column_inner][\/vc_row_inner][\/vc_column][\/vc_row]<\/p>\n<\/div>","protected":false},"excerpt":{"rendered":"<p>[vc_row full_width=&#8221;stretch_row_content_no_spaces&#8221; el_class=&#8221;submenu-turbula&#8221; css=&#8221;.vc_custom_1595849160640{background-color: #0274c8 !important;}&#8221;][vc_column css=&#8221;.vc_custom_1594811756530{margin-top: 0px !important;}&#8221;][vc_wp_custommenu nav_menu=&#8221;6563&#8243;][\/vc_column][\/vc_row][vc_row css=&#8221;.vc_custom_1595923894303{padding-top: 6% !important;padding-bottom: 2% !important;}&#8221;][vc_column width=&#8221;1\/6&#8243;][\/vc_column][vc_column width=&#8221;2\/3&#8243;][vc_column_text el_class=&#8221;subtitle-turbula&#8221; css=&#8221;.vc_custom_1610963016291{margin-bottom: 0px !important;}&#8221;] modelando el futuro de nuestros alumnos [\/vc_column_text][vc_column_text css_animation=&#8221;fadeInUp&#8221; css=&#8221;.vc_custom_1610963550842{padding-bottom: 10px !important;}&#8221;] Bachillerato en la Escola T\u00farbula [\/vc_column_text][vc_column_text] La Escuela &hellip; <\/p>\n","protected":false},"author":1,"featured_media":0,"parent":14188,"menu_order":0,"comment_status":"closed","ping_status":"closed","template":"","meta":{"footnotes":""},"class_list":["post-14661","page","type-page","status-publish","hentry"],"yoast_head":"<!-- This site is optimized with the Yoast SEO plugin v27.3 - https:\/\/yoast.com\/product\/yoast-seo-wordpress\/ -->\n<title>Bachillerato - Escola T\u00farbula<\/title>\n<meta name=\"robots\" content=\"index, follow, max-snippet:-1, max-image-preview:large, max-video-preview:-1\" \/>\n<link rel=\"canonical\" href=\"https:\/\/escolaturbula.com\/oferta-educativa\/batxillerat\/\" \/>\n<meta property=\"og:locale\" content=\"es_ES\" \/>\n<meta property=\"og:type\" content=\"article\" \/>\n<meta property=\"og:title\" content=\"Bachillerato - Escola T\u00farbula\" \/>\n<meta property=\"og:description\" content=\"[vc_row full_width=&#8221;stretch_row_content_no_spaces&#8221; el_class=&#8221;submenu-turbula&#8221; css=&#8221;.vc_custom_1595849160640{background-color: #0274c8 !important;}&#8221;][vc_column css=&#8221;.vc_custom_1594811756530{margin-top: 0px !important;}&#8221;][vc_wp_custommenu nav_menu=&#8221;6563&#8243;][\/vc_column][\/vc_row][vc_row css=&#8221;.vc_custom_1595923894303{padding-top: 6% !important;padding-bottom: 2% !important;}&#8221;][vc_column width=&#8221;1\/6&#8243;][\/vc_column][vc_column width=&#8221;2\/3&#8243;][vc_column_text el_class=&#8221;subtitle-turbula&#8221; css=&#8221;.vc_custom_1610963016291{margin-bottom: 0px !important;}&#8221;] modelando el futuro de nuestros alumnos [\/vc_column_text][vc_column_text css_animation=&#8221;fadeInUp&#8221; css=&#8221;.vc_custom_1610963550842{padding-bottom: 10px !important;}&#8221;] Bachillerato en la Escola T\u00farbula [\/vc_column_text][vc_column_text] La Escuela &hellip;\" \/>\n<meta property=\"og:url\" content=\"https:\/\/escolaturbula.com\/oferta-educativa\/batxillerat\/\" \/>\n<meta property=\"og:site_name\" content=\"Escola T\u00farbula\" \/>\n<meta property=\"article:publisher\" content=\"https:\/\/www.facebook.com\/escola.turbula.oficial\/\" \/>\n<meta property=\"article:modified_time\" content=\"2023-01-26T12:41:17+00:00\" \/>\n<meta name=\"twitter:card\" content=\"summary_large_image\" \/>\n<meta name=\"twitter:site\" content=\"@turbula\" \/>\n<meta name=\"twitter:label1\" content=\"Tiempo de lectura\" \/>\n\t<meta name=\"twitter:data1\" content=\"5 minutos\" \/>\n<script type=\"application\/ld+json\" class=\"yoast-schema-graph\">{\"@context\":\"https:\\\/\\\/schema.org\",\"@graph\":[{\"@type\":\"WebPage\",\"@id\":\"https:\\\/\\\/escolaturbula.com\\\/oferta-educativa\\\/batxillerat\\\/\",\"url\":\"https:\\\/\\\/escolaturbula.com\\\/oferta-educativa\\\/batxillerat\\\/\",\"name\":\"Bachillerato - Escola T\u00farbula\",\"isPartOf\":{\"@id\":\"https:\\\/\\\/escolaturbula.com\\\/es\\\/#website\"},\"datePublished\":\"2021-02-15T12:19:30+00:00\",\"dateModified\":\"2023-01-26T12:41:17+00:00\",\"breadcrumb\":{\"@id\":\"https:\\\/\\\/escolaturbula.com\\\/oferta-educativa\\\/batxillerat\\\/#breadcrumb\"},\"inLanguage\":\"es\",\"potentialAction\":[{\"@type\":\"ReadAction\",\"target\":[\"https:\\\/\\\/escolaturbula.com\\\/oferta-educativa\\\/batxillerat\\\/\"]}]},{\"@type\":\"BreadcrumbList\",\"@id\":\"https:\\\/\\\/escolaturbula.com\\\/oferta-educativa\\\/batxillerat\\\/#breadcrumb\",\"itemListElement\":[{\"@type\":\"ListItem\",\"position\":1,\"name\":\"Oferta educativa\",\"item\":\"https:\\\/\\\/escolaturbula.com\\\/oferta-educativa\\\/\"},{\"@type\":\"ListItem\",\"position\":2,\"name\":\"Bachillerato\"}]},{\"@type\":\"WebSite\",\"@id\":\"https:\\\/\\\/escolaturbula.com\\\/es\\\/#website\",\"url\":\"https:\\\/\\\/escolaturbula.com\\\/es\\\/\",\"name\":\"Escola Turbula\",\"description\":\"Colegio privado en Sant Adri\u00e0 de Bes\u00f2s, Barcelona\",\"publisher\":{\"@id\":\"https:\\\/\\\/escolaturbula.com\\\/es\\\/#organization\"},\"alternateName\":\"Escola Turbula\",\"potentialAction\":[{\"@type\":\"SearchAction\",\"target\":{\"@type\":\"EntryPoint\",\"urlTemplate\":\"https:\\\/\\\/escolaturbula.com\\\/es\\\/?s={search_term_string}\"},\"query-input\":{\"@type\":\"PropertyValueSpecification\",\"valueRequired\":true,\"valueName\":\"search_term_string\"}}],\"inLanguage\":\"es\"},{\"@type\":\"Organization\",\"@id\":\"https:\\\/\\\/escolaturbula.com\\\/es\\\/#organization\",\"name\":\"Escola Turbula\",\"alternateName\":\"Escola Turbula\",\"url\":\"https:\\\/\\\/escolaturbula.com\\\/es\\\/\",\"logo\":{\"@type\":\"ImageObject\",\"inLanguage\":\"es\",\"@id\":\"https:\\\/\\\/escolaturbula.com\\\/es\\\/#\\\/schema\\\/logo\\\/image\\\/\",\"url\":\"https:\\\/\\\/escolaturbula.com\\\/wp-content\\\/uploads\\\/2015\\\/07\\\/logo_trbl-1.png\",\"contentUrl\":\"https:\\\/\\\/escolaturbula.com\\\/wp-content\\\/uploads\\\/2015\\\/07\\\/logo_trbl-1.png\",\"width\":282,\"height\":75,\"caption\":\"Escola Turbula\"},\"image\":{\"@id\":\"https:\\\/\\\/escolaturbula.com\\\/es\\\/#\\\/schema\\\/logo\\\/image\\\/\"},\"sameAs\":[\"https:\\\/\\\/www.facebook.com\\\/escola.turbula.oficial\\\/\",\"https:\\\/\\\/x.com\\\/turbula\"]}]}<\/script>\n<!-- \/ Yoast SEO plugin. -->","yoast_head_json":{"title":"Bachillerato - Escola T\u00farbula","robots":{"index":"index","follow":"follow","max-snippet":"max-snippet:-1","max-image-preview":"max-image-preview:large","max-video-preview":"max-video-preview:-1"},"canonical":"https:\/\/escolaturbula.com\/oferta-educativa\/batxillerat\/","og_locale":"es_ES","og_type":"article","og_title":"Bachillerato - Escola T\u00farbula","og_description":"[vc_row full_width=&#8221;stretch_row_content_no_spaces&#8221; el_class=&#8221;submenu-turbula&#8221; css=&#8221;.vc_custom_1595849160640{background-color: #0274c8 !important;}&#8221;][vc_column css=&#8221;.vc_custom_1594811756530{margin-top: 0px !important;}&#8221;][vc_wp_custommenu nav_menu=&#8221;6563&#8243;][\/vc_column][\/vc_row][vc_row css=&#8221;.vc_custom_1595923894303{padding-top: 6% !important;padding-bottom: 2% !important;}&#8221;][vc_column width=&#8221;1\/6&#8243;][\/vc_column][vc_column width=&#8221;2\/3&#8243;][vc_column_text el_class=&#8221;subtitle-turbula&#8221; css=&#8221;.vc_custom_1610963016291{margin-bottom: 0px !important;}&#8221;] modelando el futuro de nuestros alumnos [\/vc_column_text][vc_column_text css_animation=&#8221;fadeInUp&#8221; css=&#8221;.vc_custom_1610963550842{padding-bottom: 10px !important;}&#8221;] Bachillerato en la Escola T\u00farbula [\/vc_column_text][vc_column_text] La Escuela &hellip;","og_url":"https:\/\/escolaturbula.com\/oferta-educativa\/batxillerat\/","og_site_name":"Escola T\u00farbula","article_publisher":"https:\/\/www.facebook.com\/escola.turbula.oficial\/","article_modified_time":"2023-01-26T12:41:17+00:00","twitter_card":"summary_large_image","twitter_site":"@turbula","twitter_misc":{"Tiempo de lectura":"5 minutos"},"schema":{"@context":"https:\/\/schema.org","@graph":[{"@type":"WebPage","@id":"https:\/\/escolaturbula.com\/oferta-educativa\/batxillerat\/","url":"https:\/\/escolaturbula.com\/oferta-educativa\/batxillerat\/","name":"Bachillerato - Escola T\u00farbula","isPartOf":{"@id":"https:\/\/escolaturbula.com\/es\/#website"},"datePublished":"2021-02-15T12:19:30+00:00","dateModified":"2023-01-26T12:41:17+00:00","breadcrumb":{"@id":"https:\/\/escolaturbula.com\/oferta-educativa\/batxillerat\/#breadcrumb"},"inLanguage":"es","potentialAction":[{"@type":"ReadAction","target":["https:\/\/escolaturbula.com\/oferta-educativa\/batxillerat\/"]}]},{"@type":"BreadcrumbList","@id":"https:\/\/escolaturbula.com\/oferta-educativa\/batxillerat\/#breadcrumb","itemListElement":[{"@type":"ListItem","position":1,"name":"Oferta educativa","item":"https:\/\/escolaturbula.com\/oferta-educativa\/"},{"@type":"ListItem","position":2,"name":"Bachillerato"}]},{"@type":"WebSite","@id":"https:\/\/escolaturbula.com\/es\/#website","url":"https:\/\/escolaturbula.com\/es\/","name":"Escola Turbula","description":"Colegio privado en Sant Adri\u00e0 de Bes\u00f2s, Barcelona","publisher":{"@id":"https:\/\/escolaturbula.com\/es\/#organization"},"alternateName":"Escola Turbula","potentialAction":[{"@type":"SearchAction","target":{"@type":"EntryPoint","urlTemplate":"https:\/\/escolaturbula.com\/es\/?s={search_term_string}"},"query-input":{"@type":"PropertyValueSpecification","valueRequired":true,"valueName":"search_term_string"}}],"inLanguage":"es"},{"@type":"Organization","@id":"https:\/\/escolaturbula.com\/es\/#organization","name":"Escola Turbula","alternateName":"Escola Turbula","url":"https:\/\/escolaturbula.com\/es\/","logo":{"@type":"ImageObject","inLanguage":"es","@id":"https:\/\/escolaturbula.com\/es\/#\/schema\/logo\/image\/","url":"https:\/\/escolaturbula.com\/wp-content\/uploads\/2015\/07\/logo_trbl-1.png","contentUrl":"https:\/\/escolaturbula.com\/wp-content\/uploads\/2015\/07\/logo_trbl-1.png","width":282,"height":75,"caption":"Escola Turbula"},"image":{"@id":"https:\/\/escolaturbula.com\/es\/#\/schema\/logo\/image\/"},"sameAs":["https:\/\/www.facebook.com\/escola.turbula.oficial\/","https:\/\/x.com\/turbula"]}]}},"_links":{"self":[{"href":"https:\/\/escolaturbula.com\/es\/wp-json\/wp\/v2\/pages\/14661","targetHints":{"allow":["GET"]}}],"collection":[{"href":"https:\/\/escolaturbula.com\/es\/wp-json\/wp\/v2\/pages"}],"about":[{"href":"https:\/\/escolaturbula.com\/es\/wp-json\/wp\/v2\/types\/page"}],"author":[{"embeddable":true,"href":"https:\/\/escolaturbula.com\/es\/wp-json\/wp\/v2\/users\/1"}],"replies":[{"embeddable":true,"href":"https:\/\/escolaturbula.com\/es\/wp-json\/wp\/v2\/comments?post=14661"}],"version-history":[{"count":5,"href":"https:\/\/escolaturbula.com\/es\/wp-json\/wp\/v2\/pages\/14661\/revisions"}],"predecessor-version":[{"id":23169,"href":"https:\/\/escolaturbula.com\/es\/wp-json\/wp\/v2\/pages\/14661\/revisions\/23169"}],"up":[{"embeddable":true,"href":"https:\/\/escolaturbula.com\/es\/wp-json\/wp\/v2\/pages\/14188"}],"wp:attachment":[{"href":"https:\/\/escolaturbula.com\/es\/wp-json\/wp\/v2\/media?parent=14661"}],"curies":[{"name":"wp","href":"https:\/\/api.w.org\/{rel}","templated":true}]}}