{"id":14676,"date":"2021-02-15T12:34:08","date_gmt":"2021-02-15T12:34:08","guid":{"rendered":"http:\/\/escolaturbula.com\/oferta-educativa\/bachillerato\/bachillerato-academico\/"},"modified":"2023-01-26T11:40:54","modified_gmt":"2023-01-26T11:40:54","slug":"bachillerato-academico","status":"publish","type":"page","link":"https:\/\/escolaturbula.com\/es\/oferta-educativa\/bachillerato\/bachillerato-academico\/","title":{"rendered":"Bachillerato acad\u00e9mico"},"content":{"rendered":"<div class=\"wpb-content-wrapper\"><p>[vc_row full_width=&#8221;stretch_row_content_no_spaces&#8221; el_class=&#8221;submenu-turbula&#8221; css=&#8221;.vc_custom_1595849160640{background-color: #0274c8 !important;}&#8221;][vc_column css=&#8221;.vc_custom_1594811756530{margin-top: 0px !important;}&#8221;][vc_wp_custommenu nav_menu=&#8221;6563&#8243;][\/vc_column][\/vc_row][vc_row css=&#8221;.vc_custom_1595923894303{padding-top: 6% !important;padding-bottom: 2% !important;}&#8221;][vc_column width=&#8221;1\/6&#8243;][\/vc_column][vc_column width=&#8221;2\/3&#8243;][vc_column_text el_class=&#8221;subtitle-turbula&#8221; css=&#8221;.vc_custom_1610967892156{margin-bottom: 0px !important;}&#8221;]<\/p>\n<h6 class=\"subtitle-turbula\" style=\"text-align: center;\">Bachillerato en la Escuela Turbula<\/h6>\n<p>&nbsp;<br \/>\n[\/vc_column_text][vc_column_text css_animation=&#8221;fadeInUp&#8221; css=&#8221;.vc_custom_1615288337170{padding-bottom: 10px !important;}&#8221;]<\/p>\n<h2 class=\"title-turbula\" style=\"texto-align: center;\">Bachillerato Acad\u00e9mico<\/h2>\n<p>[\/vc_column_text][vc_column_text]<\/p>\n<p style=\"text-align: center;\"><span style=\"font-weight: 400;\">Etapa de dos cursos que posibilita el acceso a la Universidad y los ciclos formativos de Grado Superior. <\/span><span style=\"font-weight: 400;\">Los bachilleratos que ofrecemos en T\u00farbula son el <strong>Bachillerato de Ciencias y Tecnolog\u00eda y el Bachillerato de Humanidades y Ciencias Sociales.<\/strong><\/span><\/p>\n<p style=\"text-align: center;\"><span style=\"font-weight: 400;\">La etapa consta de dos tipos de materias, las materias comunes a todos los bachilleratos y las materias de modalidad, seg\u00fan la especialidad que nuestros alumnos elijan de acuerdo con sus intereses.<\/span><\/p>\n<p>[\/vc_column_text][vc_message]Descarga la gu\u00eda sobre el Bachillerato de la Escuela T\u00farbula haciendo clic en este <strong><a href=\"https:\/\/escolaturbula.com\/wp-content\/uploads\/2023\/01\/Bachillerato-Turbula.-Modalidades-e-itinerarios .pdf\" target=\"_blank\" rel=\"noopener\">enlace<\/a>.<\/strong>[\/vc_message][\/vc_column][vc_column width=&#8221;1\/6&#8243;][\/vc_column][\/vc_row][vc_row][vc_column width=&#8221;1\/2&#8243;][vc_column_text]<\/p>\n<div class=\"table-1\" style=\"padding-top: 5%;\">\n<table width=\"100%\">\n<thead>\n<tr>\n<th style=\"background-color: #1879be; color: white; text-align: center;\" colspan=\"2\" align=\"center\"><b>\u00a0\u00a0<\/b><b> \u00a0BACHILLERATO CIENT\u00cdFICO &#8211; TECNOL\u00d3GICO<\/b><\/th>\n<\/tr>\n<\/thead>\n<tbody>\n<tr>\n<td style=\"background-color: #1879be; color: white;\" align=\"left\">MATERIAS COMUNES<\/td>\n<td style=\"background-color: #1879be; color: white;\" align=\"left\">MATERIAS DE MODALIDAD<\/td>\n<\/tr>\n<tr>\n<td align=\"left\">Lengua Catalana<\/td>\n<td align=\"left\">Matematic\u00e1s<\/td>\n<\/tr>\n<tr>\n<td align=\"left\">Lengua Castellana<\/td>\n<td align=\"left\">F\u00edsica<\/td>\n<\/tr>\n<tr>\n<td align=\"left\">Lengua Inglesa<\/td>\n<td align=\"left\">Qu\u00edmica<\/td>\n<\/tr>\n<tr>\n<td align=\"left\">Filosof\u00eda<\/td>\n<td align=\"left\">Biolog\u00eda<\/td>\n<\/tr>\n<tr>\n<td align=\"left\">Ed. F\u00edsica<\/td>\n<td align=\"left\">Dibujo T\u00e9cnico<\/td>\n<\/tr>\n<tr>\n<td align=\"left\">Historia<\/td>\n<td align=\"left\">Psicolog\u00eda\/Sociolog\u00eda<\/td>\n<\/tr>\n<tr>\n<td align=\"left\">C. Mundo Contempor\u00e1neo<\/td>\n<td align=\"left\">Pr\u00e1cticas en empresa<\/td>\n<\/tr>\n<tr>\n<td align=\"left\">Tutor\u00eda<\/td>\n<td align=\"left\">Otras<\/td>\n<\/tr>\n<\/tbody>\n<\/table>\n<\/div>\n<p>&nbsp;<br \/>\n[\/vc_column_text][\/vc_column][vc_column width=&#8221;1\/2&#8243;][vc_column_text]<\/p>\n<div class=\"table-1\" style=\"padding-top: 5%;\">\n<table width=\"100%\">\n<thead>\n<tr>\n<th style=\"background-color: #1879be; color: white; text-align: center;\" colspan=\"2\" align=\"center\"><b>\u00a0BACHILLERATO HUMAN\u00cdSTICO &#8211; SOCIAL<\/b><\/th>\n<\/tr>\n<\/thead>\n<tbody>\n<tr>\n<td style=\"background-color: #1879be; color: white;\" align=\"left\">MATERIAS COMUNES<\/td>\n<td style=\"background-color: #1879be; color: white;\" align=\"left\">MATERIAS DE MODALIDAD<\/td>\n<\/tr>\n<tr>\n<td align=\"left\">Lengua Catalana<\/td>\n<td align=\"left\">Matem\u00e1ticas aplicadas CCSS<\/td>\n<\/tr>\n<tr>\n<td align=\"left\">Lengua Castellana<\/td>\n<td align=\"left\">Literatura universal (Ingl\u00e9s)<\/td>\n<\/tr>\n<tr>\n<td align=\"left\">Lengua Inglesa<\/td>\n<td align=\"left\">HMC<\/td>\n<\/tr>\n<tr>\n<td align=\"left\">Filosof\u00eda<\/td>\n<td align=\"left\">Econom\u00eda d&#8217;empresa<\/td>\n<\/tr>\n<tr>\n<td align=\"left\">Ed. F\u00edsica<\/td>\n<td align=\"left\">Geograf\u00eda<\/td>\n<\/tr>\n<tr>\n<td align=\"left\">Historia<\/td>\n<td align=\"left\">Psicolog\u00eda\/Sociolog\u00eda<\/td>\n<\/tr>\n<tr>\n<td align=\"left\">C. Mundo Contempor\u00e1neo<\/td>\n<td align=\"left\">Pr\u00e1cticas en empresa<\/td>\n<\/tr>\n<tr>\n<td align=\"left\">Tutor\u00eda<\/td>\n<td align=\"left\">Otras<\/td>\n<\/tr>\n<\/tbody>\n<\/table>\n<\/div>\n<p>&nbsp;<br \/>\n[\/vc_column_text][\/vc_column][\/vc_row][vc_row][vc_column][vc_column_text]<\/p>\n<p style=\"text-align: center;\"><span style=\"font-weight: 400;\">En este proceso acompa\u00f1amos al alumno a alcanzar sus objetivos de futuro, potenciamos el trabajo en equipo y la cultura del esfuerzo que les har\u00e1 ser competentes en el futuro mundo laboral. Al terminar, nuestros alumnos ser\u00e1n personas fuertes, competentes, aut\u00f3nomas, cr\u00edticas y solidarias para la vida adulta.<\/span><\/p>\n<p>[\/vc_column_text][\/vc_column][\/vc_row][vc_row content_placement=&#8221;bottom&#8221; el_class=&#8221;llar-split-section&#8221; css=&#8221;.vc_custom_1611233185492{margin-top: 4% !important;margin-bottom: 2% !important;}&#8221;][vc_column width=&#8221;1\/2&#8243; css=&#8221;.vc_custom_1611233215248{padding-top: 6% !important;padding-right: 6% !important;padding-bottom: 6% !important;padding-left: 6% !important;background-position: center !important;background-repeat: no-repeat !important;background-size: cover !important;}&#8221; el_class=&#8221;llar-split-section-image&#8221;]<div class=\"thim-widget-single-images template-single-images\">\n<div class=\"single-image text-left\"><img src =\"https:\/\/escolaturbula.com\/wp-content\/uploads\/2021\/01\/escola-turbula-batxillerat-inglesa.jpg\" width=\"1200\" height=\"1200\" alt=\"\"\/><\/div><\/div>[\/vc_column][vc_column css_animation=&#8221;none&#8221; width=&#8221;1\/2&#8243; css=&#8221;.vc_custom_1611233222088{padding-top: 7% !important;padding-right: 8% !important;padding-bottom: 7% !important;padding-left: 8% !important;background-color: #ffffff !important;border-radius: 5px !important;}&#8221; el_class=&#8221;llar-split-section-text&#8221;][vc_column_text el_class=&#8221;subtitle-turbula&#8221; css=&#8221;.vc_custom_1610968342341{margin-bottom: 0px !important;}&#8221;]<\/p>\n<h6 class=\"subtitle-turbula\">impartiendo asignaturas en ingl\u00e9s<\/h6>\n<p>[\/vc_column_text][vc_column_text css_animation=&#8221;fadeInUp&#8221;]<\/p>\n<h2 class=\"title-turbula\">La lengua Inglesa<\/h2>\n<p>&nbsp;<br \/>\n[\/vc_column_text][vc_column_text]<\/p>\n<h6 class=\"subtitle-turbula\">impartiendo asignaturas en ingl\u00e9s<\/h6>\n<p>&nbsp;[\/vc_column_text][\/vc_column][\/vc_row][vc_row content_placement=&#8221;middle&#8221; el_class=&#8221;llar-split-section-reverse&#8221; css=&#8221;.vc_custom_1611233262397{margin-top: 4% !important;margin-bottom: 2% !important;}&#8221;][vc_column css_animation=&#8221;none&#8221; width=&#8221;1\/2&#8243; css=&#8221;.vc_custom_1611233226529{padding-top: 7% !important;padding-right: 8% !important;padding-bottom: 7% !important;padding-left: 8% !important;background-color: #ffffff !important;border-radius: 5px !important;}&#8221; el_class=&#8221;llar-split-section-text-left&#8221;][vc_column_text css_animation=&#8221;none&#8221; el_class=&#8221;subtitle-turbula&#8221; css=&#8221;.vc_custom_1610968303729{margin-bottom: 0px !important;}&#8221;]<\/p>\n<h6 class=\"subtitle-turbula\" style=\"text-align: left;\">facilitando el crecimiento personal<\/h6>\n<p>&nbsp;<br \/>\n[\/vc_column_text][vc_column_text css_animation=&#8221;fadeInUp&#8221; css=&#8221;.vc_custom_1610968273534{padding-bottom: 10px !important;}&#8221;]<\/p>\n<h2 class=\"title-turbula\" style=\"text-align: left;\">La acci\u00f3n tutorial<\/h2>\n<p>&nbsp;<br \/>\n[\/vc_column_text][vc_column_text css_animation=&#8221;none&#8221;]<span style=\"font-weight: 400;\">La acci\u00f3n tutorial tiene como objetivo el acompa\u00f1amiento del alumno por parte del mismo tutor en los dos a\u00f1os acad\u00e9micos de Bachillerato, aspecto que facilita el crecimiento personal y le ayuda a obtener los mejores resultados en la etapa y en las pruebas de Acceso a la Universidad. La formaci\u00f3n en competencias contribuir\u00e1 a su incorporaci\u00f3n a la vida adulta y al continuo desarrollo de su aprendizaje en el futuro.<\/span>[\/vc_column_text][\/vc_column][vc_column width=&#8221;1\/2&#8243; css=&#8221;.vc_custom_1611233205100{padding-top: 6% !important;padding-right: 6% !important;padding-bottom: 6% !important;padding-left: 6% !important;background-position: center !important;background-repeat: no-repeat !important;background-size: cover !important;}&#8221; el_class=&#8221;llar-split-section-image&#8221;]<div class=\"thim-widget-single-images template-single-images\">\n<div class=\"single-image text-left\"><img src =\"https:\/\/escolaturbula.com\/wp-content\/uploads\/2021\/01\/escola-turbula-batxillerat-accio-tutorial.jpg\" width=\"1200\" height=\"1200\" alt=\"\"\/><\/div><\/div>[\/vc_column][\/vc_row][vc_row full_width=&#8221;stretch_row&#8221; content_placement=&#8221;middle&#8221; css=&#8221;.vc_custom_1608629489440{margin-top: 9% !important;padding-top: 2% !important;padding-bottom: 2% !important;background-image: url(http:\/\/escolaturbula.com\/wp-content\/uploads\/2020\/12\/escola-turbula-cta-contactos-ninos.jpg?id=12701) !important;background-position: center !important;background-repeat: no-repeat !important;background-size: cover !important;}&#8221; el_class=&#8221;thim-bg-overlay cta-contact&#8221;][vc_column][vc_row_inner equal_height=&#8221;yes&#8221; content_placement=&#8221;middle&#8221;][vc_column_inner width=&#8221;1\/2&#8243;][vc_column_text el_class=&#8221;subtitle-turbula&#8221; css=&#8221;.vc_custom_1611837012008{margin-bottom: 0px !important;}&#8221;]<\/p>\n<h6 class=\"subtitle-turbula\" style=\"text-align: left;\"><span style=\"color: #ffffff;\">CONTACTOS<\/span><\/h6>\n<p>&nbsp;<br \/>\n[\/vc_column_text][vc_column_text css_animation=&#8221;fadeInUp&#8221; css=&#8221;.vc_custom_1608554249617{padding-bottom: 10px !important;}&#8221;]\n<\/p>\n<h2 class=\"title-turbula\" style=\"text-align: left;\"><span style=\"color: #ffffff;\"\u00bfQuieres contactar con nosotros?<\/span><\/h2>\n<p>\n[\/vc_column_text][\/vc_column_inner][vc_column_inner el_class=&#8221;cta-contactanos-button&#8221; width=&#8221;1\/2&#8243;]<div class=\"thim-widget-button template-base\"><a class=\"widget-button very-rounded medium custom_style position-after\" href=\"\/turbula-test\/es\/contactos\/\" style=\"font-size: 14px;border-width: 1px;color: #ffffff;border-color: #ffffff;background-color: rgba(0,0,0,0.01);\" data-hover=\"font-size: 14px;border-width: 1px;color: #0274c8;border-color: #1e73be;background-color: #ffffff;\">CONT\u00c1CTANOS<i class=\"fas fa-envelope\" style=\"font-size: 14px;\"><\/i> <\/a><\/div>[\/vc_column_inner][\/vc_row_inner][vc_row_inner content_placement=&#8221;middle&#8221; css=&#8221;.vc_custom_1608555702803{padding-top: 20px !important;padding-bottom: 20px !important;}&#8221;][vc_column_inner width=&#8221;1\/6&#8243;][\/vc_column_inner][vc_column_inner el_class=&#8221;social-contacts&#8221; width=&#8221;4\/6&#8243;][vc_column_text el_class=&#8221;cta-text&#8221;]<\/p>\n<p style=\"font-size: 1.3em; text-align: left; display: inline-block;\"><span style=\"color: #2970aa;\"><strong>S\u00edguenos en las redes sociales:<\/strong><\/span><\/p>\n<p>&nbsp;<br \/>\n[\/vc_column_text]<div class=\"vc-extral_class cta-social\"><div class=\"thim-widget-social template-base\"><div class=\"thim-social style-4\">\n\t\t<ul class=\"social_link\">\n\t\t<li><a class=\"facebook hasTooltip\" href=\"https:\/\/www.facebook.com\/escola.turbula.oficial\" target=\"_blank\"><i class=\"fa fa-facebook\"><\/i><\/a><\/li><li><a class=\"twitter hasTooltip\" href=\"https:\/\/twitter.com\/turbula?lang=es\" target=\"_blank\" ><i class=\"fa fa-x-twitter\"><\/i><\/a><\/li><li><a class=\"instagram hasTooltip\" href=\"https:\/\/www.instagram.com\/turbulaescola\/\" target=\"_blank\" ><i class=\"fa fa-instagram\"><\/i><\/a><\/li><li><a class=\"youtube hasTooltip\" href=\"https:\/\/www.youtube.com\/user\/TurbulaTV\" target=\"_blank\" ><i class=\"fa fa-youtube\"><\/i><\/a><\/li>\t<\/ul>\n<\/div><\/div><\/div>[\/vc_column_inner][vc_column_inner width=&#8221;1\/6&#8243;][\/vc_column_inner][\/vc_row_inner][\/vc_column][\/vc_row]<\/p>\n<\/div>","protected":false},"excerpt":{"rendered":"<p>[vc_row full_width=&#8221;stretch_row_content_no_spaces&#8221; el_class=&#8221;submenu-turbula&#8221; css=&#8221;.vc_custom_1595849160640{background-color: #0274c8 !important;}&#8221;][vc_column css=&#8221;.vc_custom_1594811756530{margin-top: 0px !important;}&#8221;][vc_wp_custommenu nav_menu=&#8221;6563&#8243;][\/vc_column][\/vc_row][vc_row css=&#8221;.vc_custom_1595923894303{padding-top: 6% !important;padding-bottom: 2% !important;}&#8221;][vc_column width=&#8221;1\/6&#8243;][\/vc_column][vc_column width=&#8221;2\/3&#8243;][vc_column_text el_class=&#8221;subtitle-turbula&#8221; css=&#8221;.vc_custom_1610967892156{margin-bottom: 0px !important;}&#8221;] Bachillerato en la Escuela Turbula &nbsp; [\/vc_column_text][vc_column_text css_animation=&#8221;fadeInUp&#8221; css=&#8221;.vc_custom_1615288337170{padding-bottom: 10px !important;}&#8221;] Bachillerato Acad\u00e9mico [\/vc_column_text][vc_column_text] Etapa de dos cursos que &hellip; <\/p>\n","protected":false},"author":1,"featured_media":0,"parent":14661,"menu_order":0,"comment_status":"closed","ping_status":"closed","template":"","meta":{"footnotes":""},"class_list":["post-14676","page","type-page","status-publish","hentry"],"yoast_head":"<!-- This site is optimized with the Yoast SEO plugin v27.3 - https:\/\/yoast.com\/product\/yoast-seo-wordpress\/ -->\n<title>Bachillerato acad\u00e9mico - Escola T\u00farbula<\/title>\n<meta name=\"robots\" content=\"index, follow, max-snippet:-1, max-image-preview:large, max-video-preview:-1\" \/>\n<link rel=\"canonical\" href=\"https:\/\/escolaturbula.com\/oferta-educativa\/batxillerat\/batxillerat-academic\/\" \/>\n<meta property=\"og:locale\" content=\"es_ES\" \/>\n<meta property=\"og:type\" content=\"article\" \/>\n<meta property=\"og:title\" content=\"Bachillerato acad\u00e9mico - Escola T\u00farbula\" \/>\n<meta property=\"og:description\" content=\"[vc_row full_width=&#8221;stretch_row_content_no_spaces&#8221; el_class=&#8221;submenu-turbula&#8221; css=&#8221;.vc_custom_1595849160640{background-color: #0274c8 !important;}&#8221;][vc_column css=&#8221;.vc_custom_1594811756530{margin-top: 0px !important;}&#8221;][vc_wp_custommenu nav_menu=&#8221;6563&#8243;][\/vc_column][\/vc_row][vc_row css=&#8221;.vc_custom_1595923894303{padding-top: 6% !important;padding-bottom: 2% !important;}&#8221;][vc_column width=&#8221;1\/6&#8243;][\/vc_column][vc_column width=&#8221;2\/3&#8243;][vc_column_text el_class=&#8221;subtitle-turbula&#8221; css=&#8221;.vc_custom_1610967892156{margin-bottom: 0px !important;}&#8221;] Bachillerato en la Escuela Turbula &nbsp; [\/vc_column_text][vc_column_text css_animation=&#8221;fadeInUp&#8221; css=&#8221;.vc_custom_1615288337170{padding-bottom: 10px !important;}&#8221;] Bachillerato Acad\u00e9mico [\/vc_column_text][vc_column_text] Etapa de dos cursos que &hellip;\" \/>\n<meta property=\"og:url\" content=\"https:\/\/escolaturbula.com\/oferta-educativa\/batxillerat\/batxillerat-academic\/\" \/>\n<meta property=\"og:site_name\" content=\"Escola T\u00farbula\" \/>\n<meta property=\"article:publisher\" content=\"https:\/\/www.facebook.com\/escola.turbula.oficial\/\" \/>\n<meta property=\"article:modified_time\" content=\"2023-01-26T11:40:54+00:00\" \/>\n<meta name=\"twitter:card\" content=\"summary_large_image\" \/>\n<meta name=\"twitter:site\" content=\"@turbula\" \/>\n<meta name=\"twitter:label1\" content=\"Tiempo de lectura\" \/>\n\t<meta name=\"twitter:data1\" content=\"4 minutos\" \/>\n<script type=\"application\/ld+json\" class=\"yoast-schema-graph\">{\"@context\":\"https:\\\/\\\/schema.org\",\"@graph\":[{\"@type\":\"WebPage\",\"@id\":\"https:\\\/\\\/escolaturbula.com\\\/oferta-educativa\\\/batxillerat\\\/batxillerat-academic\\\/\",\"url\":\"https:\\\/\\\/escolaturbula.com\\\/oferta-educativa\\\/batxillerat\\\/batxillerat-academic\\\/\",\"name\":\"Bachillerato acad\u00e9mico - Escola T\u00farbula\",\"isPartOf\":{\"@id\":\"https:\\\/\\\/escolaturbula.com\\\/es\\\/#website\"},\"datePublished\":\"2021-02-15T12:34:08+00:00\",\"dateModified\":\"2023-01-26T11:40:54+00:00\",\"breadcrumb\":{\"@id\":\"https:\\\/\\\/escolaturbula.com\\\/oferta-educativa\\\/batxillerat\\\/batxillerat-academic\\\/#breadcrumb\"},\"inLanguage\":\"es\",\"potentialAction\":[{\"@type\":\"ReadAction\",\"target\":[\"https:\\\/\\\/escolaturbula.com\\\/oferta-educativa\\\/batxillerat\\\/batxillerat-academic\\\/\"]}]},{\"@type\":\"BreadcrumbList\",\"@id\":\"https:\\\/\\\/escolaturbula.com\\\/oferta-educativa\\\/batxillerat\\\/batxillerat-academic\\\/#breadcrumb\",\"itemListElement\":[{\"@type\":\"ListItem\",\"position\":1,\"name\":\"Oferta educativa\",\"item\":\"https:\\\/\\\/escolaturbula.com\\\/oferta-educativa\\\/\"},{\"@type\":\"ListItem\",\"position\":2,\"name\":\"Bachillerato\",\"item\":\"https:\\\/\\\/escolaturbula.com\\\/oferta-educativa\\\/batxillerat\\\/\"},{\"@type\":\"ListItem\",\"position\":3,\"name\":\"Bachillerato acad\u00e9mico\"}]},{\"@type\":\"WebSite\",\"@id\":\"https:\\\/\\\/escolaturbula.com\\\/es\\\/#website\",\"url\":\"https:\\\/\\\/escolaturbula.com\\\/es\\\/\",\"name\":\"Escola Turbula\",\"description\":\"Colegio privado en Sant Adri\u00e0 de Bes\u00f2s, Barcelona\",\"publisher\":{\"@id\":\"https:\\\/\\\/escolaturbula.com\\\/es\\\/#organization\"},\"alternateName\":\"Escola Turbula\",\"potentialAction\":[{\"@type\":\"SearchAction\",\"target\":{\"@type\":\"EntryPoint\",\"urlTemplate\":\"https:\\\/\\\/escolaturbula.com\\\/es\\\/?s={search_term_string}\"},\"query-input\":{\"@type\":\"PropertyValueSpecification\",\"valueRequired\":true,\"valueName\":\"search_term_string\"}}],\"inLanguage\":\"es\"},{\"@type\":\"Organization\",\"@id\":\"https:\\\/\\\/escolaturbula.com\\\/es\\\/#organization\",\"name\":\"Escola Turbula\",\"alternateName\":\"Escola Turbula\",\"url\":\"https:\\\/\\\/escolaturbula.com\\\/es\\\/\",\"logo\":{\"@type\":\"ImageObject\",\"inLanguage\":\"es\",\"@id\":\"https:\\\/\\\/escolaturbula.com\\\/es\\\/#\\\/schema\\\/logo\\\/image\\\/\",\"url\":\"https:\\\/\\\/escolaturbula.com\\\/wp-content\\\/uploads\\\/2015\\\/07\\\/logo_trbl-1.png\",\"contentUrl\":\"https:\\\/\\\/escolaturbula.com\\\/wp-content\\\/uploads\\\/2015\\\/07\\\/logo_trbl-1.png\",\"width\":282,\"height\":75,\"caption\":\"Escola Turbula\"},\"image\":{\"@id\":\"https:\\\/\\\/escolaturbula.com\\\/es\\\/#\\\/schema\\\/logo\\\/image\\\/\"},\"sameAs\":[\"https:\\\/\\\/www.facebook.com\\\/escola.turbula.oficial\\\/\",\"https:\\\/\\\/x.com\\\/turbula\"]}]}<\/script>\n<!-- \/ Yoast SEO plugin. -->","yoast_head_json":{"title":"Bachillerato acad\u00e9mico - Escola T\u00farbula","robots":{"index":"index","follow":"follow","max-snippet":"max-snippet:-1","max-image-preview":"max-image-preview:large","max-video-preview":"max-video-preview:-1"},"canonical":"https:\/\/escolaturbula.com\/oferta-educativa\/batxillerat\/batxillerat-academic\/","og_locale":"es_ES","og_type":"article","og_title":"Bachillerato acad\u00e9mico - Escola T\u00farbula","og_description":"[vc_row full_width=&#8221;stretch_row_content_no_spaces&#8221; el_class=&#8221;submenu-turbula&#8221; css=&#8221;.vc_custom_1595849160640{background-color: #0274c8 !important;}&#8221;][vc_column css=&#8221;.vc_custom_1594811756530{margin-top: 0px !important;}&#8221;][vc_wp_custommenu nav_menu=&#8221;6563&#8243;][\/vc_column][\/vc_row][vc_row css=&#8221;.vc_custom_1595923894303{padding-top: 6% !important;padding-bottom: 2% !important;}&#8221;][vc_column width=&#8221;1\/6&#8243;][\/vc_column][vc_column width=&#8221;2\/3&#8243;][vc_column_text el_class=&#8221;subtitle-turbula&#8221; css=&#8221;.vc_custom_1610967892156{margin-bottom: 0px !important;}&#8221;] Bachillerato en la Escuela Turbula &nbsp; [\/vc_column_text][vc_column_text css_animation=&#8221;fadeInUp&#8221; css=&#8221;.vc_custom_1615288337170{padding-bottom: 10px !important;}&#8221;] Bachillerato Acad\u00e9mico [\/vc_column_text][vc_column_text] Etapa de dos cursos que &hellip;","og_url":"https:\/\/escolaturbula.com\/oferta-educativa\/batxillerat\/batxillerat-academic\/","og_site_name":"Escola T\u00farbula","article_publisher":"https:\/\/www.facebook.com\/escola.turbula.oficial\/","article_modified_time":"2023-01-26T11:40:54+00:00","twitter_card":"summary_large_image","twitter_site":"@turbula","twitter_misc":{"Tiempo de lectura":"4 minutos"},"schema":{"@context":"https:\/\/schema.org","@graph":[{"@type":"WebPage","@id":"https:\/\/escolaturbula.com\/oferta-educativa\/batxillerat\/batxillerat-academic\/","url":"https:\/\/escolaturbula.com\/oferta-educativa\/batxillerat\/batxillerat-academic\/","name":"Bachillerato acad\u00e9mico - Escola T\u00farbula","isPartOf":{"@id":"https:\/\/escolaturbula.com\/es\/#website"},"datePublished":"2021-02-15T12:34:08+00:00","dateModified":"2023-01-26T11:40:54+00:00","breadcrumb":{"@id":"https:\/\/escolaturbula.com\/oferta-educativa\/batxillerat\/batxillerat-academic\/#breadcrumb"},"inLanguage":"es","potentialAction":[{"@type":"ReadAction","target":["https:\/\/escolaturbula.com\/oferta-educativa\/batxillerat\/batxillerat-academic\/"]}]},{"@type":"BreadcrumbList","@id":"https:\/\/escolaturbula.com\/oferta-educativa\/batxillerat\/batxillerat-academic\/#breadcrumb","itemListElement":[{"@type":"ListItem","position":1,"name":"Oferta educativa","item":"https:\/\/escolaturbula.com\/oferta-educativa\/"},{"@type":"ListItem","position":2,"name":"Bachillerato","item":"https:\/\/escolaturbula.com\/oferta-educativa\/batxillerat\/"},{"@type":"ListItem","position":3,"name":"Bachillerato acad\u00e9mico"}]},{"@type":"WebSite","@id":"https:\/\/escolaturbula.com\/es\/#website","url":"https:\/\/escolaturbula.com\/es\/","name":"Escola Turbula","description":"Colegio privado en Sant Adri\u00e0 de Bes\u00f2s, Barcelona","publisher":{"@id":"https:\/\/escolaturbula.com\/es\/#organization"},"alternateName":"Escola Turbula","potentialAction":[{"@type":"SearchAction","target":{"@type":"EntryPoint","urlTemplate":"https:\/\/escolaturbula.com\/es\/?s={search_term_string}"},"query-input":{"@type":"PropertyValueSpecification","valueRequired":true,"valueName":"search_term_string"}}],"inLanguage":"es"},{"@type":"Organization","@id":"https:\/\/escolaturbula.com\/es\/#organization","name":"Escola Turbula","alternateName":"Escola Turbula","url":"https:\/\/escolaturbula.com\/es\/","logo":{"@type":"ImageObject","inLanguage":"es","@id":"https:\/\/escolaturbula.com\/es\/#\/schema\/logo\/image\/","url":"https:\/\/escolaturbula.com\/wp-content\/uploads\/2015\/07\/logo_trbl-1.png","contentUrl":"https:\/\/escolaturbula.com\/wp-content\/uploads\/2015\/07\/logo_trbl-1.png","width":282,"height":75,"caption":"Escola Turbula"},"image":{"@id":"https:\/\/escolaturbula.com\/es\/#\/schema\/logo\/image\/"},"sameAs":["https:\/\/www.facebook.com\/escola.turbula.oficial\/","https:\/\/x.com\/turbula"]}]}},"_links":{"self":[{"href":"https:\/\/escolaturbula.com\/es\/wp-json\/wp\/v2\/pages\/14676","targetHints":{"allow":["GET"]}}],"collection":[{"href":"https:\/\/escolaturbula.com\/es\/wp-json\/wp\/v2\/pages"}],"about":[{"href":"https:\/\/escolaturbula.com\/es\/wp-json\/wp\/v2\/types\/page"}],"author":[{"embeddable":true,"href":"https:\/\/escolaturbula.com\/es\/wp-json\/wp\/v2\/users\/1"}],"replies":[{"embeddable":true,"href":"https:\/\/escolaturbula.com\/es\/wp-json\/wp\/v2\/comments?post=14676"}],"version-history":[{"count":3,"href":"https:\/\/escolaturbula.com\/es\/wp-json\/wp\/v2\/pages\/14676\/revisions"}],"predecessor-version":[{"id":23158,"href":"https:\/\/escolaturbula.com\/es\/wp-json\/wp\/v2\/pages\/14676\/revisions\/23158"}],"up":[{"embeddable":true,"href":"https:\/\/escolaturbula.com\/es\/wp-json\/wp\/v2\/pages\/14661"}],"wp:attachment":[{"href":"https:\/\/escolaturbula.com\/es\/wp-json\/wp\/v2\/media?parent=14676"}],"curies":[{"name":"wp","href":"https:\/\/api.w.org\/{rel}","templated":true}]}}