{"id":14695,"date":"2021-02-15T13:05:25","date_gmt":"2021-02-15T13:05:25","guid":{"rendered":"http:\/\/escolaturbula.com\/acceso-a-ciclos\/"},"modified":"2021-03-01T12:34:45","modified_gmt":"2021-03-01T12:34:45","slug":"acceso-a-ciclos","status":"publish","type":"page","link":"https:\/\/escolaturbula.com\/es\/oferta-educativa\/formacion-profesional\/acceso-a-ciclos\/","title":{"rendered":"Acceso a ciclos"},"content":{"rendered":"<div class=\"wpb-content-wrapper\"><p>[vc_row full_width=&#8221;stretch_row_content_no_spaces&#8221; el_class=&#8221;submenu-turbula&#8221; css=&#8221;.vc_custom_1595849160640{background-color: #0274c8 !important;}&#8221;][vc_column css=&#8221;.vc_custom_1594811756530{margin-top: 0px !important;}&#8221;][vc_wp_custommenu nav_menu=&#8221;6638&#8243;][\/vc_column][\/vc_row][vc_row css=&#8221;.vc_custom_1611908895707{padding-top: 4% !important;padding-bottom: 3% !important;}&#8221;][vc_column width=&#8221;1\/6&#8243;][\/vc_column][vc_column width=&#8221;2\/3&#8243;][vc_column_text el_class=&#8221;subtitle-turbula&#8221; css=&#8221;.vc_custom_1611925186002{margin-bottom: 0px !important;}&#8221;]<\/p>\n<h6 class=\"subtitle-turbula\" style=\"text-align: center;\">ACCESO A CICLOS ESCUELA T\u00daRBULA<\/h6>\n<p>[\/vc_column_text][vc_column_text css_animation=&#8221;fadeInUp&#8221; css=&#8221;.vc_custom_1610705272596{padding-bottom: 10px !important;}&#8221;]<\/p>\n<h2 class=\"title-turbula\" style=\"text-align: center;\">Acceso a ciclos<\/h2>\n<p>[\/vc_column_text][vc_column_text]<\/p>\n<p style=\"text-align: center;\">Acompa\u00f1amos a nuestros alumnos en su desarrollo emocional, intelectual y social ofreciendo una educaci\u00f3n racional y libre que desarrolle equilibradamente la persona, con sensibilidad cultural y un alto nivel de conocimientos.<br \/>\nMuchos de nuestros alumnos son hijos de antiguos alumnos de la escuela, y parte del personal del centro son tambi\u00e9n ex-alumnos.<\/p>\n<p>&nbsp;[\/vc_column_text][\/vc_column][vc_column width=&#8221;1\/6&#8243;][\/vc_column][\/vc_row][vc_row content_placement=&#8221;top&#8221; css=&#8221;.vc_custom_1611908881349{padding-top: 3% !important;padding-bottom: 5% !important;}&#8221;][vc_column width=&#8221;5\/12&#8243; css=&#8221;.vc_custom_1601971892446{margin-right: -12% !important;}&#8221; el_class=&#8221;accordeon-image&#8221;][vc_single_image image=&#8221;14701&#8243; img_size=&#8221;full&#8221; alignment=&#8221;right&#8221;][\/vc_column][vc_column width=&#8221;7\/12&#8243; css=&#8221;.vc_custom_1612175197357{padding-top: 90px !important;padding-right: 90px !important;padding-bottom: 60px !important;padding-left: 120px !important;}&#8221; el_class=&#8221;cicles-accordeon-container&#8221;][vc_row_inner content_placement=&#8221;middle&#8221;][vc_column_inner][vc_column_text css_animation=&#8221;none&#8221; el_class=&#8221;subtitle-turbula-white&#8221; css=&#8221;.vc_custom_1611927010586{margin-bottom: 0px !important;}&#8221;]<\/p>\n<h6 class=\"accordeon-subtitle-turbula\" style=\"text-align: left;\">LO QUE NOS HACE DIFERENTES<\/h6>\n<p>[\/vc_column_text][vc_column_text css_animation=&#8221;fadeInUp&#8221; css=&#8221;.vc_custom_1610706194644{padding-bottom: 10px !important;}&#8221; el_class=&#8221;title-turbula-white&#8221;]<\/p>\n<h2 class=\"accordeon-title-turbula\">Curso de preparaci\u00f3n para la prueba de acceso a ciclos formativos de grado medio.<\/h2>\n<p>[\/vc_column_text][vc_column_text css=&#8221;.vc_custom_1610706546460{padding-bottom: 15px !important;}&#8221;]<span style=\"color: #ffffff;\"><strong>Para j\u00f3venes sin graduado en ESO y que hagan 17 a\u00f1os como m\u00ednimo el a\u00f1o de la prueba.<\/strong><br \/>\n<\/span>[\/vc_column_text][vc_column_text css=&#8221;.vc_custom_1610706519200{padding-bottom: 15px !important;}&#8221;]<\/p>\n<ul>\n<li><span style=\"color: #ffffff;\">Te ofrecemos un curso que te da acceso a cualquiera de los Ciclos formativos de Grado Medio a trav\u00e9s de la Prueba de acceso<\/span><\/li>\n<li><span style=\"color: #ffffff;\">Has de cumplir 16 a\u00f1os el a\u00f1o que inicias el curso.<\/span><\/li>\n<li><span style=\"color: #ffffff;\">Obtendr\u00e1s hasta 2 puntos para sumar los resultados de la prueba.<\/span><\/li>\n<li><span style=\"color: #ffffff;\">Asistitr\u00e1s 18 horas semanales organizadas por la ma\u00f1ana de 09.00 a 13: 00h<\/span><\/li>\n<li><span style=\"color: #ffffff;\">Trabajar\u00e1s mediante una metodolog\u00eda activa, grupos cooperativos, videos, ordenador, sin deberes obligatorios en casa, con salidas y mucho m\u00e1s.<\/span><\/li>\n<li><span style=\"color: #ffffff;\">Dispondr\u00e1s de orientaci\u00f3n escolar y profesional con seguimiento individualizado a trav\u00e9s de tu tutor personal.<\/span><\/li>\n<li><span style=\"color: #ffffff;\">Si tienes 17 a\u00f1os en el a\u00f1o de la matr\u00edcula al curso, tendr\u00e1s acceso directo a CFGM a trav\u00e9s del CAM sin hacer la prueba de acceso.<\/span><\/li>\n<li><span style=\"color: #ffffff;\">Acceder\u00e1s a informaci\u00f3n digital y personal de tu progreso acad\u00e9mico.<\/span><br \/>\n<span style=\"color: #ffffff;\">(100% de aprobados).<\/span><\/li>\n<\/ul>\n<p>&nbsp;[\/vc_column_text][\/vc_column_inner][\/vc_row_inner][vc_column_text]<a style=\"color: #fbc809; font-weight: 500;\" href=\"mailto:mguerrero@turbula.es\">Pide m\u00e1s informaci\u00f3n v\u00eda email <i class=\"fa fa-arrow-circle-right\" style=\"color: #fbc809;\" aria-hidden=\"true\"><\/i><\/a>[\/vc_column_text][\/vc_column][\/vc_row][vc_row content_placement=&#8221;top&#8221; css=&#8221;.vc_custom_1601981987943{padding-top: 6% !important;padding-bottom: 8% !important;}&#8221;][vc_column width=&#8221;7\/12&#8243; css=&#8221;.vc_custom_1612175205994{padding-top: 90px !important;padding-right: 120px !important;padding-bottom: 60px !important;padding-left: 90px !important;}&#8221; el_class=&#8221;cicles-accordeon-container&#8221;][vc_row_inner content_placement=&#8221;middle&#8221;][vc_column_inner][vc_column_text css_animation=&#8221;none&#8221; el_class=&#8221;subtitle-turbula-white&#8221; css=&#8221;.vc_custom_1611927079826{margin-bottom: 0px !important;}&#8221;]<\/p>\n<h6 class=\"accordeon-subtitle-turbula\" style=\"text-align: left;\">FORMACI\u00d3N PERSONALIZADA<\/h6>\n<p>[\/vc_column_text][vc_column_text css_animation=&#8221;fadeInUp&#8221; css=&#8221;.vc_custom_1610706669357{padding-bottom: 10px !important;}&#8221; el_class=&#8221;title-turbula-white&#8221;]<\/p>\n<h2 class=\"accordeon-title-turbula\">Curso de preparaci\u00f3n para la prueba de acceso a ciclos formativos de grado superior<\/h2>\n<p>[\/vc_column_text][vc_column_text css=&#8221;.vc_custom_1610706684972{padding-bottom: 15px !important;}&#8221;]<span style=\"color: #ffffff;\"><strong>Para personas que quieran acceder a CFGS y que hagan 19 a\u00f1os como m\u00ednimo el a\u00f1o de la prueba.<\/strong><br \/>\n<\/span>[\/vc_column_text][vc_column_text css=&#8221;.vc_custom_1610706649851{padding-bottom: 15px !important;}&#8221;]<\/p>\n<ul>\n<li><span style=\"color: #ffffff;\">Un curso que te da la formaci\u00f3n necesaria para acceder a cualquiera de los Ciclos formativos de Grado Superior.<\/span><\/li>\n<li><span style=\"color: #ffffff;\">Obtendr\u00e1s hasta 2 puntos para sumar a los resultados de la prueba.<\/span><\/li>\n<li><span style=\"color: #ffffff;\">Tienes que cumplir 18 a\u00f1os como m\u00ednimo el a\u00f1o en que inicias el curso.<\/span><\/li>\n<li><span style=\"color: #ffffff;\">Asistir\u00e1s 12 horas semanales organizadas de 14:00h a 17:00h.<\/span><\/li>\n<li><span style=\"color: #ffffff;\">Disfrutar\u00e1s de la gesti\u00f3n de las asignaturas espec\u00edficas (Exenciones, IOC,   y clases dirigidas.)<\/span><\/li>\n<li><span style=\"color: #ffffff;\">Trabajar\u00e1s con una metodolog\u00eda activa, trabajos en grupo, simulacros de pruebas, v\u00eddeos, inform\u00e1tica, salidas y mucho m\u00e1s.<\/span><\/li>\n<li><span style=\"color: #ffffff;\">Dispondr\u00e1s de orientaci\u00f3n escolar y profesional con seguimiento individualizado a trav\u00e9s de tu tutor personal.<\/span><\/li>\n<li><span style=\"color: #ffffff;\">Te acompa\u00f1aremos en la gesti\u00f3n de la documentaci\u00f3n para la inscripci\u00f3n, la matriculaci\u00f3n y la gesti\u00f3n de los resultados de la prueba.<\/span><\/li>\n<li><span style=\"color: #ffffff;\">Acceder\u00e1s a informaci\u00f3n digital y personal de tu progreso acad\u00e9mico.<\/span><br \/>\n<span style=\"color: #ffffff;\">(100% de aprobados).<\/span><\/li>\n<\/ul>\n<p>[\/vc_column_text][\/vc_column_inner][\/vc_row_inner][vc_column_text]<a style=\"color: #fbc809; font-weight: 500;\" href=\"mailto:mguerrero@turbula.es\">Pide m\u00e1s informaci\u00f3n v\u00eda email <i class=\"fa fa-arrow-circle-right\" style=\"color: #fbc809;\" aria-hidden=\"true\"><\/i><\/a>[\/vc_column_text][\/vc_column][vc_column width=&#8221;5\/12&#8243; css=&#8221;.vc_custom_1601980926252{margin-left: -12% !important;}&#8221; el_class=&#8221;accordeon-image&#8221;][vc_single_image image=&#8221;14698&#8243; img_size=&#8221;full&#8221; alignment=&#8221;right&#8221;][\/vc_column][\/vc_row][vc_row full_width=&#8221;stretch_row&#8221; content_placement=&#8221;middle&#8221; css=&#8221;.vc_custom_1608629489440{margin-top: 9% !important;padding-top: 2% !important;padding-bottom: 2% !important;background-image: url(http:\/\/escolaturbula.com\/wp-content\/uploads\/2020\/12\/escola-turbula-cta-contactos-ninos.jpg?id=12701) !important;background-position: center !important;background-repeat: no-repeat !important;background-size: cover !important;}&#8221; el_class=&#8221;thim-bg-overlay cta-contact&#8221;][vc_column][vc_row_inner equal_height=&#8221;yes&#8221; content_placement=&#8221;middle&#8221;][vc_column_inner width=&#8221;1\/2&#8243;][vc_column_text el_class=&#8221;subtitle-turbula&#8221; css=&#8221;.vc_custom_1611837012008{margin-bottom: 0px !important;}&#8221;]<\/p>\n<h6 class=\"subtitle-turbula\" style=\"text-align: left;\"><span style=\"color: #ffffff;\">CONTACTOS<\/span><\/h6>\n<p>[\/vc_column_text][vc_column_text css_animation=&#8221;fadeInUp&#8221; css=&#8221;.vc_custom_1608554249617{padding-bottom: 10px !important;}&#8221;]<\/p>\n<h2 class=\"title-turbula\" style=\"text-align: left;\"><span style=\"color: #ffffff;\">\u00bfQuieres contactar con nosotros?<\/span><\/h2>\n<p>[\/vc_column_text][\/vc_column_inner][vc_column_inner el_class=&#8221;cta-contactanos-button&#8221; width=&#8221;1\/2&#8243;]<div class=\"thim-widget-button template-base\"><a class=\"widget-button very-rounded medium custom_style position-after\" href=\"turbula-test\/es\/contactos\/\" style=\"font-size: 14px;border-width: 1px;color: #ffffff;border-color: #ffffff;background-color: rgba(0,0,0,0.01);\" data-hover=\"font-size: 14px;border-width: 1px;color: #0274c8;border-color: #1e73be;background-color: #ffffff;\">CONT\u00c1CTANOS<i class=\"fas fa-envelope\" style=\"font-size: 14px;\"><\/i> <\/a><\/div>[\/vc_column_inner][\/vc_row_inner][vc_row_inner content_placement=&#8221;middle&#8221; css=&#8221;.vc_custom_1608555702803{padding-top: 20px !important;padding-bottom: 20px !important;}&#8221;][vc_column_inner width=&#8221;1\/6&#8243;][\/vc_column_inner][vc_column_inner el_class=&#8221;social-contacts&#8221; width=&#8221;4\/6&#8243;][vc_column_text el_class=&#8221;cta-text&#8221;]<\/p>\n<p style=\"font-size: 1.3em; text-align: left; display: inline-block;\"><span style=\"color: #2970aa;\"><strong>S\u00edguenos en las redes sociales:<\/strong><\/span><\/p>\n<p>[\/vc_column_text]<div class=\"vc-extral_class cta-social\"><div class=\"thim-widget-social template-base\"><div class=\"thim-social style-4\">\n\t\t<ul class=\"social_link\">\n\t\t<li><a class=\"facebook hasTooltip\" href=\"https:\/\/www.facebook.com\/escola.turbula.oficial\" target=\"_blank\"><i class=\"fa fa-facebook\"><\/i><\/a><\/li><li><a class=\"twitter hasTooltip\" href=\"https:\/\/twitter.com\/turbula?lang=es\" target=\"_blank\" ><i class=\"fa fa-x-twitter\"><\/i><\/a><\/li><li><a class=\"instagram hasTooltip\" href=\"https:\/\/www.instagram.com\/turbulaescola\/\" target=\"_blank\" ><i class=\"fa fa-instagram\"><\/i><\/a><\/li><li><a class=\"youtube hasTooltip\" href=\"https:\/\/www.youtube.com\/user\/TurbulaTV\" target=\"_blank\" ><i class=\"fa fa-youtube\"><\/i><\/a><\/li>\t<\/ul>\n<\/div><\/div><\/div>[\/vc_column_inner][vc_column_inner width=&#8221;1\/6&#8243;][\/vc_column_inner][\/vc_row_inner][\/vc_column][\/vc_row]<\/p>\n<\/div>","protected":false},"excerpt":{"rendered":"<p>[vc_row full_width=&#8221;stretch_row_content_no_spaces&#8221; el_class=&#8221;submenu-turbula&#8221; css=&#8221;.vc_custom_1595849160640{background-color: #0274c8 !important;}&#8221;][vc_column css=&#8221;.vc_custom_1594811756530{margin-top: 0px !important;}&#8221;][vc_wp_custommenu nav_menu=&#8221;6638&#8243;][\/vc_column][\/vc_row][vc_row css=&#8221;.vc_custom_1611908895707{padding-top: 4% !important;padding-bottom: 3% !important;}&#8221;][vc_column width=&#8221;1\/6&#8243;][\/vc_column][vc_column width=&#8221;2\/3&#8243;][vc_column_text el_class=&#8221;subtitle-turbula&#8221; css=&#8221;.vc_custom_1611925186002{margin-bottom: 0px !important;}&#8221;] ACCESO A CICLOS ESCUELA T\u00daRBULA [\/vc_column_text][vc_column_text css_animation=&#8221;fadeInUp&#8221; css=&#8221;.vc_custom_1610705272596{padding-bottom: 10px !important;}&#8221;] Acceso a ciclos [\/vc_column_text][vc_column_text] Acompa\u00f1amos a nuestros alumnos en &hellip; <\/p>\n","protected":false},"author":1,"featured_media":0,"parent":15850,"menu_order":0,"comment_status":"closed","ping_status":"closed","template":"","meta":{"footnotes":""},"class_list":["post-14695","page","type-page","status-publish","hentry"],"yoast_head":"<!-- This site is optimized with the Yoast SEO plugin v27.3 - https:\/\/yoast.com\/product\/yoast-seo-wordpress\/ -->\n<title>Acceso a ciclos - Escola T\u00farbula<\/title>\n<meta name=\"robots\" content=\"index, follow, max-snippet:-1, max-image-preview:large, max-video-preview:-1\" \/>\n<link rel=\"canonical\" href=\"https:\/\/escolaturbula.com\/oferta-educativa\/formacio-profesional\/acces-a-cicles\/\" \/>\n<meta property=\"og:locale\" content=\"es_ES\" \/>\n<meta property=\"og:type\" content=\"article\" \/>\n<meta property=\"og:title\" content=\"Acceso a ciclos - Escola T\u00farbula\" \/>\n<meta property=\"og:description\" content=\"[vc_row full_width=&#8221;stretch_row_content_no_spaces&#8221; el_class=&#8221;submenu-turbula&#8221; css=&#8221;.vc_custom_1595849160640{background-color: #0274c8 !important;}&#8221;][vc_column css=&#8221;.vc_custom_1594811756530{margin-top: 0px !important;}&#8221;][vc_wp_custommenu nav_menu=&#8221;6638&#8243;][\/vc_column][\/vc_row][vc_row css=&#8221;.vc_custom_1611908895707{padding-top: 4% !important;padding-bottom: 3% !important;}&#8221;][vc_column width=&#8221;1\/6&#8243;][\/vc_column][vc_column width=&#8221;2\/3&#8243;][vc_column_text el_class=&#8221;subtitle-turbula&#8221; css=&#8221;.vc_custom_1611925186002{margin-bottom: 0px !important;}&#8221;] ACCESO A CICLOS ESCUELA T\u00daRBULA [\/vc_column_text][vc_column_text css_animation=&#8221;fadeInUp&#8221; css=&#8221;.vc_custom_1610705272596{padding-bottom: 10px !important;}&#8221;] Acceso a ciclos [\/vc_column_text][vc_column_text] Acompa\u00f1amos a nuestros alumnos en &hellip;\" \/>\n<meta property=\"og:url\" content=\"https:\/\/escolaturbula.com\/oferta-educativa\/formacio-profesional\/acces-a-cicles\/\" \/>\n<meta property=\"og:site_name\" content=\"Escola T\u00farbula\" \/>\n<meta property=\"article:publisher\" content=\"https:\/\/www.facebook.com\/escola.turbula.oficial\/\" \/>\n<meta property=\"article:modified_time\" content=\"2021-03-01T12:34:45+00:00\" \/>\n<meta name=\"twitter:card\" content=\"summary_large_image\" \/>\n<meta name=\"twitter:site\" content=\"@turbula\" \/>\n<meta name=\"twitter:label1\" content=\"Tiempo de lectura\" \/>\n\t<meta name=\"twitter:data1\" content=\"6 minutos\" \/>\n<script type=\"application\/ld+json\" class=\"yoast-schema-graph\">{\"@context\":\"https:\\\/\\\/schema.org\",\"@graph\":[{\"@type\":\"WebPage\",\"@id\":\"https:\\\/\\\/escolaturbula.com\\\/oferta-educativa\\\/formacio-profesional\\\/acces-a-cicles\\\/\",\"url\":\"https:\\\/\\\/escolaturbula.com\\\/oferta-educativa\\\/formacio-profesional\\\/acces-a-cicles\\\/\",\"name\":\"Acceso a ciclos - Escola T\u00farbula\",\"isPartOf\":{\"@id\":\"https:\\\/\\\/escolaturbula.com\\\/es\\\/#website\"},\"datePublished\":\"2021-02-15T13:05:25+00:00\",\"dateModified\":\"2021-03-01T12:34:45+00:00\",\"breadcrumb\":{\"@id\":\"https:\\\/\\\/escolaturbula.com\\\/oferta-educativa\\\/formacio-profesional\\\/acces-a-cicles\\\/#breadcrumb\"},\"inLanguage\":\"es\",\"potentialAction\":[{\"@type\":\"ReadAction\",\"target\":[\"https:\\\/\\\/escolaturbula.com\\\/oferta-educativa\\\/formacio-profesional\\\/acces-a-cicles\\\/\"]}]},{\"@type\":\"BreadcrumbList\",\"@id\":\"https:\\\/\\\/escolaturbula.com\\\/oferta-educativa\\\/formacio-profesional\\\/acces-a-cicles\\\/#breadcrumb\",\"itemListElement\":[{\"@type\":\"ListItem\",\"position\":1,\"name\":\"Oferta educativa\",\"item\":\"https:\\\/\\\/escolaturbula.com\\\/oferta-educativa\\\/\"},{\"@type\":\"ListItem\",\"position\":2,\"name\":\"Formaci\u00f3n profesional\",\"item\":\"https:\\\/\\\/escolaturbula.com\\\/oferta-educativa\\\/formacio-profesional\\\/\"},{\"@type\":\"ListItem\",\"position\":3,\"name\":\"Acceso a ciclos\"}]},{\"@type\":\"WebSite\",\"@id\":\"https:\\\/\\\/escolaturbula.com\\\/es\\\/#website\",\"url\":\"https:\\\/\\\/escolaturbula.com\\\/es\\\/\",\"name\":\"Escola Turbula\",\"description\":\"Colegio privado en Sant Adri\u00e0 de Bes\u00f2s, Barcelona\",\"publisher\":{\"@id\":\"https:\\\/\\\/escolaturbula.com\\\/es\\\/#organization\"},\"alternateName\":\"Escola Turbula\",\"potentialAction\":[{\"@type\":\"SearchAction\",\"target\":{\"@type\":\"EntryPoint\",\"urlTemplate\":\"https:\\\/\\\/escolaturbula.com\\\/es\\\/?s={search_term_string}\"},\"query-input\":{\"@type\":\"PropertyValueSpecification\",\"valueRequired\":true,\"valueName\":\"search_term_string\"}}],\"inLanguage\":\"es\"},{\"@type\":\"Organization\",\"@id\":\"https:\\\/\\\/escolaturbula.com\\\/es\\\/#organization\",\"name\":\"Escola Turbula\",\"alternateName\":\"Escola Turbula\",\"url\":\"https:\\\/\\\/escolaturbula.com\\\/es\\\/\",\"logo\":{\"@type\":\"ImageObject\",\"inLanguage\":\"es\",\"@id\":\"https:\\\/\\\/escolaturbula.com\\\/es\\\/#\\\/schema\\\/logo\\\/image\\\/\",\"url\":\"https:\\\/\\\/escolaturbula.com\\\/wp-content\\\/uploads\\\/2015\\\/07\\\/logo_trbl-1.png\",\"contentUrl\":\"https:\\\/\\\/escolaturbula.com\\\/wp-content\\\/uploads\\\/2015\\\/07\\\/logo_trbl-1.png\",\"width\":282,\"height\":75,\"caption\":\"Escola Turbula\"},\"image\":{\"@id\":\"https:\\\/\\\/escolaturbula.com\\\/es\\\/#\\\/schema\\\/logo\\\/image\\\/\"},\"sameAs\":[\"https:\\\/\\\/www.facebook.com\\\/escola.turbula.oficial\\\/\",\"https:\\\/\\\/x.com\\\/turbula\"]}]}<\/script>\n<!-- \/ Yoast SEO plugin. -->","yoast_head_json":{"title":"Acceso a ciclos - Escola T\u00farbula","robots":{"index":"index","follow":"follow","max-snippet":"max-snippet:-1","max-image-preview":"max-image-preview:large","max-video-preview":"max-video-preview:-1"},"canonical":"https:\/\/escolaturbula.com\/oferta-educativa\/formacio-profesional\/acces-a-cicles\/","og_locale":"es_ES","og_type":"article","og_title":"Acceso a ciclos - Escola T\u00farbula","og_description":"[vc_row full_width=&#8221;stretch_row_content_no_spaces&#8221; el_class=&#8221;submenu-turbula&#8221; css=&#8221;.vc_custom_1595849160640{background-color: #0274c8 !important;}&#8221;][vc_column css=&#8221;.vc_custom_1594811756530{margin-top: 0px !important;}&#8221;][vc_wp_custommenu nav_menu=&#8221;6638&#8243;][\/vc_column][\/vc_row][vc_row css=&#8221;.vc_custom_1611908895707{padding-top: 4% !important;padding-bottom: 3% !important;}&#8221;][vc_column width=&#8221;1\/6&#8243;][\/vc_column][vc_column width=&#8221;2\/3&#8243;][vc_column_text el_class=&#8221;subtitle-turbula&#8221; css=&#8221;.vc_custom_1611925186002{margin-bottom: 0px !important;}&#8221;] ACCESO A CICLOS ESCUELA T\u00daRBULA [\/vc_column_text][vc_column_text css_animation=&#8221;fadeInUp&#8221; css=&#8221;.vc_custom_1610705272596{padding-bottom: 10px !important;}&#8221;] Acceso a ciclos [\/vc_column_text][vc_column_text] Acompa\u00f1amos a nuestros alumnos en &hellip;","og_url":"https:\/\/escolaturbula.com\/oferta-educativa\/formacio-profesional\/acces-a-cicles\/","og_site_name":"Escola T\u00farbula","article_publisher":"https:\/\/www.facebook.com\/escola.turbula.oficial\/","article_modified_time":"2021-03-01T12:34:45+00:00","twitter_card":"summary_large_image","twitter_site":"@turbula","twitter_misc":{"Tiempo de lectura":"6 minutos"},"schema":{"@context":"https:\/\/schema.org","@graph":[{"@type":"WebPage","@id":"https:\/\/escolaturbula.com\/oferta-educativa\/formacio-profesional\/acces-a-cicles\/","url":"https:\/\/escolaturbula.com\/oferta-educativa\/formacio-profesional\/acces-a-cicles\/","name":"Acceso a ciclos - Escola T\u00farbula","isPartOf":{"@id":"https:\/\/escolaturbula.com\/es\/#website"},"datePublished":"2021-02-15T13:05:25+00:00","dateModified":"2021-03-01T12:34:45+00:00","breadcrumb":{"@id":"https:\/\/escolaturbula.com\/oferta-educativa\/formacio-profesional\/acces-a-cicles\/#breadcrumb"},"inLanguage":"es","potentialAction":[{"@type":"ReadAction","target":["https:\/\/escolaturbula.com\/oferta-educativa\/formacio-profesional\/acces-a-cicles\/"]}]},{"@type":"BreadcrumbList","@id":"https:\/\/escolaturbula.com\/oferta-educativa\/formacio-profesional\/acces-a-cicles\/#breadcrumb","itemListElement":[{"@type":"ListItem","position":1,"name":"Oferta educativa","item":"https:\/\/escolaturbula.com\/oferta-educativa\/"},{"@type":"ListItem","position":2,"name":"Formaci\u00f3n profesional","item":"https:\/\/escolaturbula.com\/oferta-educativa\/formacio-profesional\/"},{"@type":"ListItem","position":3,"name":"Acceso a ciclos"}]},{"@type":"WebSite","@id":"https:\/\/escolaturbula.com\/es\/#website","url":"https:\/\/escolaturbula.com\/es\/","name":"Escola Turbula","description":"Colegio privado en Sant Adri\u00e0 de Bes\u00f2s, Barcelona","publisher":{"@id":"https:\/\/escolaturbula.com\/es\/#organization"},"alternateName":"Escola Turbula","potentialAction":[{"@type":"SearchAction","target":{"@type":"EntryPoint","urlTemplate":"https:\/\/escolaturbula.com\/es\/?s={search_term_string}"},"query-input":{"@type":"PropertyValueSpecification","valueRequired":true,"valueName":"search_term_string"}}],"inLanguage":"es"},{"@type":"Organization","@id":"https:\/\/escolaturbula.com\/es\/#organization","name":"Escola Turbula","alternateName":"Escola Turbula","url":"https:\/\/escolaturbula.com\/es\/","logo":{"@type":"ImageObject","inLanguage":"es","@id":"https:\/\/escolaturbula.com\/es\/#\/schema\/logo\/image\/","url":"https:\/\/escolaturbula.com\/wp-content\/uploads\/2015\/07\/logo_trbl-1.png","contentUrl":"https:\/\/escolaturbula.com\/wp-content\/uploads\/2015\/07\/logo_trbl-1.png","width":282,"height":75,"caption":"Escola Turbula"},"image":{"@id":"https:\/\/escolaturbula.com\/es\/#\/schema\/logo\/image\/"},"sameAs":["https:\/\/www.facebook.com\/escola.turbula.oficial\/","https:\/\/x.com\/turbula"]}]}},"_links":{"self":[{"href":"https:\/\/escolaturbula.com\/es\/wp-json\/wp\/v2\/pages\/14695","targetHints":{"allow":["GET"]}}],"collection":[{"href":"https:\/\/escolaturbula.com\/es\/wp-json\/wp\/v2\/pages"}],"about":[{"href":"https:\/\/escolaturbula.com\/es\/wp-json\/wp\/v2\/types\/page"}],"author":[{"embeddable":true,"href":"https:\/\/escolaturbula.com\/es\/wp-json\/wp\/v2\/users\/1"}],"replies":[{"embeddable":true,"href":"https:\/\/escolaturbula.com\/es\/wp-json\/wp\/v2\/comments?post=14695"}],"version-history":[{"count":0,"href":"https:\/\/escolaturbula.com\/es\/wp-json\/wp\/v2\/pages\/14695\/revisions"}],"up":[{"embeddable":true,"href":"https:\/\/escolaturbula.com\/es\/wp-json\/wp\/v2\/pages\/15850"}],"wp:attachment":[{"href":"https:\/\/escolaturbula.com\/es\/wp-json\/wp\/v2\/media?parent=14695"}],"curies":[{"name":"wp","href":"https:\/\/api.w.org\/{rel}","templated":true}]}}