{"id":15657,"date":"2021-02-26T09:33:41","date_gmt":"2021-02-26T09:33:41","guid":{"rendered":"http:\/\/escolaturbula.com\/erasmus-charter\/"},"modified":"2021-07-13T07:45:11","modified_gmt":"2021-07-13T07:45:11","slug":"erasmus-charter","status":"publish","type":"page","link":"https:\/\/escolaturbula.com\/es\/erasmus-charter\/","title":{"rendered":"Erasmus Charter"},"content":{"rendered":"<div class=\"wpb-content-wrapper\"><p>[vc_row css=&#8221;.vc_custom_1595923894303{padding-top: 6% !important;padding-bottom: 2% !important;}&#8221;][vc_column width=&#8221;1\/6&#8243;][\/vc_column][vc_column width=&#8221;2\/3&#8243;][vc_row_inner equal_height=&#8221;yes&#8221; content_placement=&#8221;middle&#8221;][vc_column_inner width=&#8221;1\/4&#8243;]<div class=\"vc-extral_class erasmus-img\"><div class=\"thim-widget-single-images template-single-images\">\n<div class=\"single-image text-center\"><img src =\"https:\/\/escolaturbula.com\/wp-content\/uploads\/2020\/06\/cropped-Escola-trubula-favicon.png\" width=\"512\" height=\"512\" alt=\"\"\/><\/div><\/div><\/div>[\/vc_column_inner][vc_column_inner width=&#8221;1\/4&#8243;]<div class=\"vc-extral_class erasmus-img2\"><div class=\"thim-widget-single-images template-single-images\">\n<div class=\"single-image text-center\"><img src =\"https:\/\/escolaturbula.com\/wp-content\/uploads\/2021\/02\/logo-es-1.png\" width=\"247\" height=\"72\" alt=\"\"\/><\/div><\/div><\/div>[\/vc_column_inner][vc_column_inner width=&#8221;1\/4&#8243;]<div class=\"vc-extral_class erasmus-img\"><div class=\"thim-widget-single-images template-single-images\">\n<div class=\"single-image text-center\"><img src =\"https:\/\/escolaturbula.com\/wp-content\/uploads\/2021\/02\/erasmus_app_logo_-_larger_background-1.png\" width=\"488\" height=\"450\" alt=\"\"\/><\/div><\/div><\/div>[\/vc_column_inner][vc_column_inner width=&#8221;1\/4&#8243;]<div class=\"vc-extral_class erasmus-img\"><div class=\"thim-widget-single-images template-single-images\">\n<div class=\"single-image text-center\"><a target=\"_self\" href=\"http:\/\/sepie.es\/\"><img src =\"https:\/\/escolaturbula.com\/wp-content\/uploads\/2021\/07\/FINAL_SEPIEGOB_WEB_universidades.jpeg\" width=\"444\" height=\"87\" alt=\"\"\/><\/a><\/div><\/div><\/div>[\/vc_column_inner][\/vc_row_inner][\/vc_column][vc_column width=&#8221;1\/6&#8243;][\/vc_column][\/vc_row][vc_row][vc_column width=&#8221;1\/6&#8243;][\/vc_column][vc_column width=&#8221;2\/3&#8243;][vc_message]<strong>CARTA ECHE 2021-2027<\/strong> &#8211; La comisi\u00f3n europea nos ha otorgado la carta Erasmus Charter for Higher Education 2021-2027<br \/>\n<a href=\"https:\/\/escolaturbula.com\/wp-content\/uploads\/2021\/07\/Erasmus-Charter-for-Higher-Education-TURBULA_signed.pdf\" target=\"_blank\" rel=\"noopener\"><strong>Ver carta<\/strong> <i class=\"fa fa-arrow-circle-right\" aria-hidden=\"true\"><\/i><\/a>[\/vc_message][\/vc_column][vc_column width=&#8221;1\/6&#8243;][\/vc_column][\/vc_row][vc_row content_placement=&#8221;middle&#8221; css=&#8221;.vc_custom_1608111366222{margin-top: 3% !important;margin-bottom: 0px !important;padding-top: 5% !important;padding-bottom: 7% !important;background-color: #1879be !important;}&#8221;][vc_column css=&#8221;.vc_custom_1607593013976{margin-bottom: 0px !important;padding-bottom: 0px !important;}&#8221; el_class=&#8221;neuro-container&#8221;][vc_column_text el_class=&#8221;subtitle-turbula&#8221; css=&#8221;.vc_custom_1614681543997{margin-bottom: 0px !important;}&#8221;]<\/p>\n<h6 class=\"subtitle-turbula\" style=\"text-align: center;\"><span style=\"color: #ffffff;\">ACOMPA\u00d1ANDO NUESTROS ESTUDIANTES<\/span><\/h6>\n<p>[\/vc_column_text][vc_column_text css_animation=&#8221;fadeInUp&#8221; css=&#8221;.vc_custom_1614681552185{padding-bottom: 10px !important;}&#8221;]<\/p>\n<h2 class=\"title-turbula\" style=\"text-align: center;\"><span style=\"color: #ffffff;\">Erasmus Charter<\/span><\/h2>\n<p>[\/vc_column_text][vc_column_text css=&#8221;.vc_custom_1614681607448{padding-right: 5% !important;padding-left: 5% !important;}&#8221;]<\/p>\n<p style=\"text-align: center;\"><span style=\"color: #ffffff;\">Gracias a la colaboraci\u00f3n entre la Comisi\u00f3n Europea y la Escuela T\u00farbula, con el programa Erasums + podemos ofrecer a nuestros alumnnes proyectos internacionales para ampliar sus conocimientos.<\/span><\/p>\n<p>[\/vc_column_text][\/vc_column][\/vc_row][vc_row content_placement=&#8221;middle&#8221; css=&#8221;.vc_custom_1607516692094{margin-bottom: 0px !important;padding-top: 5% !important;padding-bottom: 5% !important;}&#8221;][vc_column width=&#8221;1\/6&#8243; css=&#8221;.vc_custom_1607517731127{margin-top: 0px !important;margin-right: 0px !important;margin-bottom: 0px !important;margin-left: 0px !important;padding-top: 5% !important;padding-right: 5% !important;padding-bottom: 5% !important;padding-left: 5% !important;background-position: center !important;background-repeat: no-repeat !important;background-size: cover !important;}&#8221;][\/vc_column][vc_column width=&#8221;2\/3&#8243; css=&#8221;.vc_custom_1607596682970{margin-top: -15% !important;margin-bottom: 0px !important;padding-top: 6% !important;padding-right: 6% !important;padding-bottom: 6% !important;padding-left: 6% !important;background-color: #ffffff !important;border-radius: 5px !important;}&#8221; el_class=&#8221;eixos-sobrepuesta&#8221;]<div class=\"thim-widget-single-images template-single-images\">\n<div class=\"single-image text-center\"><img src =\"https:\/\/escolaturbula.com\/wp-content\/uploads\/2021\/02\/image1-150x150-1.jpeg\" width=\"150\" height=\"150\" alt=\"\"\/><\/div><\/div>[vc_column_text css=&#8221;.vc_custom_1614681830972{padding-top: 40px !important;}&#8221;]<\/p>\n<p class=\"p1\">Objetivo principal del proyecto: <strong>Intercambio de buenas pr\u00e1cticas<\/strong><\/p>\n<p class=\"p2\">Nombre del proyecto: <strong>Be GIFTED (granted, Intelligent, Fascinating, Talented, Educated, Dare devils)<\/strong><\/p>\n<p class=\"p2\">Inicio del proyecto: <strong>01\/09\/2020<\/strong><\/p>\n<p class=\"p2\">Finalizaci\u00f3n del proyecto: <strong>08\/31\/2022<\/strong><\/p>\n<p>&nbsp;<br \/>\n[\/vc_column_text][\/vc_column][vc_column width=&#8221;1\/6&#8243;][\/vc_column][\/vc_row][vc_row css=&#8221;.vc_custom_1608806361598{padding-bottom: 7% !important;border-radius: 10px !important;}&#8221;][vc_column css=&#8221;.vc_custom_1608296249588{border-radius: 10px !important;}&#8221;][vc_tta_accordion style=&#8221;outline&#8221; shape=&#8221;square&#8221; color=&#8221;white&#8221; spacing=&#8221;15&#8243; gap=&#8221;10&#8243; c_icon=&#8221;triangle&#8221; active_section=&#8221;&#8221; collapsible_all=&#8221;true&#8221; el_class=&#8221;accordion-turbula-whitebg blue eixos&#8221; css=&#8221;.vc_custom_1614330367789{padding-top: 2% !important;padding-right: 4% !important;padding-left: 4% !important;}&#8221;][vc_tta_section title=&#8221;<b>Detalles del proyecto BE GIFTED<\/b>&#8221; tab_id=&#8221;1602063467306-cf347dac-0280f97d-021df85a-9143&#8243;][vc_column_text]<\/p>\n<p class=\"p1\">Nuestro proyecto se centra principalmente en los problemas que los alumnos con altas capacidades (o realmente inteligentes) encuentran a lo largo de su vida. Seg\u00fan la clasificaci\u00f3n de la UNESCO (CINE) de Necesidades Educativas Especiales (Necesidades Especiales de Apoyo Educativo), los denominados estudiantes NEE o NESE, los estudiantes con altas capacidades y talentosos pertenecen a una categor\u00eda definida como estudiantes con desventajas. Tambi\u00e9n creemos que cada persona tiene diferentes tipos de inteligencia (teor\u00eda de las inteligencias m\u00faltiples de Gardner) y deben ser evaluados por sus talentos y no utilizando criterios est\u00e1ndares. Inicialmente el grupo estaba formado por seis socios: Eslovaquia, Turqu\u00eda, Italiano, Espa\u00f1a, Ruman\u00eda y Bulgaria, pero por causa de la pandemia originada por el coronavirus, Bulgaria va a ver de abandonar el proyecto, Somos profesores con diferentes experiencias, conocimientos y creencias , pero con objetivos comunes para nuestras escuelas.<\/p>\n<p class=\"p1\">Actualmente, en nuestras escuelas encontramos muchos alumnos con altas capacidades y esto lo consideramos nuestro problema com\u00fan, por eso queremos cooperar e intercambiar buenas pr\u00e1cticas que nos permitan pasar tiempo de calidad con estos alumnos. De lo contrario, se perder\u00e1n siempre que no podamos tratar con ellos de forma profesional. Nosotros, los profesores, las familias y todo su entorno, tenemos una falta de informaci\u00f3n sobre su psicolog\u00eda, las habilidades y los problemas con los que se enfrentan en cualquier aspecto de su vida. Las investigaciones demuestran que realmente tienen algunos problemas especialmente durante la adolescencia con sus compa\u00f1eros, profesores y familiares. El profesor Julian Stanley realiz\u00f3 una investigaci\u00f3n <a href=\"https:\/\/journals.sagepub.com\/doi\/10.3102\/0013189X009003008\">(https:\/\/journals.sagepub.com\/doi\/10.3102\/0013189X009003008)<\/a> de 45 a\u00f1os sobre 5 mil personas con altas capacidades (Mark Zuckerberg y Lady Gaga eran entre ellos). Seg\u00fan la investigaci\u00f3n, existen algunas formas de ayudarles a ser felices y alcanzar sus metas. Preparamos los detalles principales y el plan del proyecto junto con los socios partiendo de estas investigaciones. Planeamos nuestras actividades en la luz de la teor\u00eda de la inteligencia de Gardner.<\/p>\n<p class=\"p1\">Durante el primer a\u00f1o del proyecto nos ocuparemos del primer m\u00f3dulo &#8220;Problemas sociales&#8221; que tiene 4 ramas: tipos de inteligencia intrapersonal, interpersonal, espacial y verbal. En el segundo a\u00f1o del proyecto nos ocuparemos del segundo m\u00f3dulo &#8220;Problemas acad\u00e9micos&#8221; con 4 ramas: Tipo de inteligencia kinest\u00e9sica, musical, naturalista y matem\u00e1tica. Gracias a las actividades planificadas, los profesores, las familias y otras personas del entorno cercano de estos alumnos pretenden ser m\u00e1s conscientes de su psicolog\u00eda, de sus sentimientos y de las situaciones acad\u00e9micas en las que se encuentran. Igualmente, nuestro alumnado con altas capacidades se sentir\u00e1n comprendidos y apreciados. Planeamos utilizar herramientas web2, concursos de talentos, visitas a centros de arte y escuelas de atenci\u00f3n especial, seminarios para altas capacidades, trabajo con manualidades y juegos y fotos, encontrar soluciones a problemas ambientales, preparar calendarios, componer y cantar canciones de rap, dibujar c\u00f3mics, representar los di\u00e1logos que han escrito previamente sobre sus problemas acad\u00e9micos, etc. Con las actividades planificadas, los alumnos de altas capacidades se sienten valorados, aumenta su autoestima y as\u00ed ser\u00e1n individuos m\u00e1s sociables y emp\u00e1ticos. Adem\u00e1s, profesores y familias podr\u00e1n abordar los problemas de los estudiantes con altas capacidades de forma m\u00e1s profesional.<\/p>\n<p class=\"p1\">La evaluaci\u00f3n se llevar\u00e1 a cabo durante toda la duraci\u00f3n del proyecto y se utilizar\u00e1n diferentes herramientas de evaluaci\u00f3n para evaluar el proyecto y sus objetivos. Utilizaremos muchos materiales de comunicaci\u00f3n diferentes y divulgaremos los resultados del proyecto en todos los idiomas nativos de los pa\u00edses socios y tambi\u00e9n en ingl\u00e9s para llegar al mayor n\u00famero de personas posible. Nuestra canci\u00f3n de rap multiling\u00fce tambi\u00e9n a\u00f1adir\u00e1 in valor diferente a nuestro proyecto. Todos los resultados del proyecto se publicar\u00e1n en los sitios web de las escuelas participantes, en el blog web del proyecto, en las p\u00e1ginas de redes sociales de las escuelas as\u00ed como la plataforma eTwinning y la plataforma de resultados del proyecto Erasmus +, lo que garantiza la disponibilidad para otros. Las escuelas asociadas trabajaremos en la plataforma eTwinning, Twinspace y continuar\u00e1n desarrollando actividades y creando otras nuevas incluso despu\u00e9s de la finalizaci\u00f3n de la financiaci\u00f3n de la UE. Los estudiantes estar\u00e1n en contacto a trav\u00e9s de nuestros antiguos proyectos eTwinning y continuar\u00e1n desarrollando relaciones internacionales y mejorando la comunicaci\u00f3n y las habilidades en ingl\u00e9s con los compa\u00f1eros de diferentes pa\u00edses europeos. Con este proyecto ofreceremos a los j\u00f3venes estudiantes la oportunidad de conocer diferentes culturas, idiomas y estilos de vida, de comprenderlos y respetarlos. Durante los 24 meses de duraci\u00f3n del proyecto, los administradores y embajadores de las escuelas se reunir\u00e1n un total de 6 veces.<\/p>\n<p class=\"p1\">Cada uno de los socios organizar\u00e1 una reuni\u00f3n del proyecto en su escuela para desarrollar y mejorar la calidad de las acciones de formaci\u00f3n de profesores y estudiantes. La primera y la \u00faltima encuentro se realizar\u00e1n actividades de formaci\u00f3n del profesorado. Se organizar\u00e1n cuatro reuniones m\u00e1s con 156 estudiantes de entre 10 y 15 a\u00f1os. De esta manera podremos acercarnos a la excelencia. Si podemos implementar correctamente el proyecto en nuestras escuelas, las preciosas joyas que son nuestros alumnos brillar\u00e1n con m\u00e1s fuerza.<\/p>\n<p>[\/vc_column_text][\/vc_tta_section][\/vc_tta_accordion][\/vc_column][\/vc_row][vc_row full_width=&#8221;stretch_row&#8221; content_placement=&#8221;middle&#8221; css=&#8221;.vc_custom_1608629489440{margin-top: 9% !important;padding-top: 2% !important;padding-bottom: 2% !important;background-image: url(http:\/\/escolaturbula.com\/wp-content\/uploads\/2020\/12\/escola-turbula-cta-contactos-ninos.jpg?id=12701) !important;background-position: center !important;background-repeat: no-repeat !important;background-size: cover !important;}&#8221; el_class=&#8221;thim-bg-overlay cta-contact&#8221;][vc_column][vc_row_inner equal_height=&#8221;yes&#8221; content_placement=&#8221;middle&#8221;][vc_column_inner width=&#8221;1\/2&#8243;][vc_column_text el_class=&#8221;subtitle-turbula&#8221; css=&#8221;.vc_custom_1611837012008{margin-bottom: 0px !important;}&#8221;]<\/p>\n<h6 class=\"subtitle-turbula\" style=\"text-align: left;\"><span style=\"color: #ffffff;\">CONTACTOS<\/span><\/h6>\n<p>[\/vc_column_text][vc_column_text css_animation=&#8221;fadeInUp&#8221; css=&#8221;.vc_custom_1608554249617{padding-bottom: 10px !important;}&#8221;]<\/p>\n<h2 class=\"title-turbula\" style=\"text-align: left;\"><span style=\"color: #ffffff;\">\u00bfQuieres contactar con nosotros?<\/span><\/h2>\n<p>[\/vc_column_text][\/vc_column_inner][vc_column_inner el_class=&#8221;cta-contactanos-button&#8221; width=&#8221;1\/2&#8243;]<div class=\"thim-widget-button template-base\"><a class=\"widget-button very-rounded medium custom_style position-after\" href=\"\/turbula-test\/es\/contactos\/\" style=\"font-size: 14px;border-width: 1px;color: #ffffff;border-color: #ffffff;background-color: rgba(0,0,0,0.01);\" data-hover=\"font-size: 14px;border-width: 1px;color: #0274c8;border-color: #1e73be;background-color: #ffffff;\">CONT\u00c1CTANOS<i class=\"fas fa-envelope\" style=\"font-size: 14px;\"><\/i> <\/a><\/div>[\/vc_column_inner][\/vc_row_inner][vc_row_inner content_placement=&#8221;middle&#8221; css=&#8221;.vc_custom_1608555702803{padding-top: 20px !important;padding-bottom: 20px !important;}&#8221;][vc_column_inner width=&#8221;1\/6&#8243;][\/vc_column_inner][vc_column_inner el_class=&#8221;social-contacts&#8221; width=&#8221;4\/6&#8243;][vc_column_text el_class=&#8221;cta-text&#8221;]<\/p>\n<p style=\"font-size: 1.3em; text-align: left; display: inline-block;\"><span style=\"color: #2970aa;\"><strong>S\u00edguenos en las redes sociales:<\/strong><\/span><\/p>\n<p>[\/vc_column_text]<div class=\"vc-extral_class cta-social\"><div class=\"thim-widget-social template-base\"><div class=\"thim-social style-4\">\n\t\t<ul class=\"social_link\">\n\t\t<li><a class=\"facebook hasTooltip\" href=\"https:\/\/www.facebook.com\/escola.turbula.oficial\" target=\"_blank\"><i class=\"fa fa-facebook\"><\/i><\/a><\/li><li><a class=\"twitter hasTooltip\" href=\"https:\/\/twitter.com\/turbula?lang=es\" target=\"_blank\" ><i class=\"fa fa-x-twitter\"><\/i><\/a><\/li><li><a class=\"instagram hasTooltip\" href=\"https:\/\/www.instagram.com\/turbulaescola\/\" target=\"_blank\" ><i class=\"fa fa-instagram\"><\/i><\/a><\/li><li><a class=\"youtube hasTooltip\" href=\"https:\/\/www.youtube.com\/user\/TurbulaTV\" target=\"_blank\" ><i class=\"fa fa-youtube\"><\/i><\/a><\/li>\t<\/ul>\n<\/div><\/div><\/div>[\/vc_column_inner][vc_column_inner width=&#8221;1\/6&#8243;][\/vc_column_inner][\/vc_row_inner][\/vc_column][\/vc_row]<\/p>\n<\/div>","protected":false},"excerpt":{"rendered":"<p>[vc_row css=&#8221;.vc_custom_1595923894303{padding-top: 6% !important;padding-bottom: 2% !important;}&#8221;][vc_column width=&#8221;1\/6&#8243;][\/vc_column][vc_column width=&#8221;2\/3&#8243;][vc_row_inner equal_height=&#8221;yes&#8221; content_placement=&#8221;middle&#8221;][vc_column_inner width=&#8221;1\/4&#8243;][\/vc_column_inner][vc_column_inner width=&#8221;1\/4&#8243;][\/vc_column_inner][vc_column_inner width=&#8221;1\/4&#8243;][\/vc_column_inner][vc_column_inner width=&#8221;1\/4&#8243;][\/vc_column_inner][\/vc_row_inner][\/vc_column][vc_column width=&#8221;1\/6&#8243;][\/vc_column][\/vc_row][vc_row][vc_column width=&#8221;1\/6&#8243;][\/vc_column][vc_column width=&#8221;2\/3&#8243;][vc_message]CARTA ECHE 2021-2027 &#8211; La comisi\u00f3n europea nos ha otorgado la carta Erasmus Charter for Higher Education 2021-2027 Ver carta [\/vc_message][\/vc_column][vc_column width=&#8221;1\/6&#8243;][\/vc_column][\/vc_row][vc_row content_placement=&#8221;middle&#8221; css=&#8221;.vc_custom_1608111366222{margin-top: &hellip; <\/p>\n","protected":false},"author":1,"featured_media":0,"parent":0,"menu_order":0,"comment_status":"closed","ping_status":"closed","template":"","meta":{"footnotes":""},"class_list":["post-15657","page","type-page","status-publish","hentry"],"yoast_head":"<!-- This site is optimized with the Yoast SEO plugin v27.3 - https:\/\/yoast.com\/product\/yoast-seo-wordpress\/ -->\n<title>Erasmus Charter - Escola T\u00farbula<\/title>\n<meta name=\"robots\" content=\"index, follow, max-snippet:-1, max-image-preview:large, max-video-preview:-1\" \/>\n<link rel=\"canonical\" href=\"https:\/\/escolaturbula.com\/es\/erasmus-charter\/\" \/>\n<meta property=\"og:locale\" content=\"es_ES\" \/>\n<meta property=\"og:type\" content=\"article\" \/>\n<meta property=\"og:title\" content=\"Erasmus Charter - Escola T\u00farbula\" \/>\n<meta property=\"og:description\" content=\"[vc_row css=&#8221;.vc_custom_1595923894303{padding-top: 6% !important;padding-bottom: 2% !important;}&#8221;][vc_column width=&#8221;1\/6&#8243;][\/vc_column][vc_column width=&#8221;2\/3&#8243;][vc_row_inner equal_height=&#8221;yes&#8221; content_placement=&#8221;middle&#8221;][vc_column_inner width=&#8221;1\/4&#8243;][\/vc_column_inner][vc_column_inner width=&#8221;1\/4&#8243;][\/vc_column_inner][vc_column_inner width=&#8221;1\/4&#8243;][\/vc_column_inner][vc_column_inner width=&#8221;1\/4&#8243;][\/vc_column_inner][\/vc_row_inner][\/vc_column][vc_column width=&#8221;1\/6&#8243;][\/vc_column][\/vc_row][vc_row][vc_column width=&#8221;1\/6&#8243;][\/vc_column][vc_column width=&#8221;2\/3&#8243;][vc_message]CARTA ECHE 2021-2027 &#8211; La comisi\u00f3n europea nos ha otorgado la carta Erasmus Charter for Higher Education 2021-2027 Ver carta [\/vc_message][\/vc_column][vc_column width=&#8221;1\/6&#8243;][\/vc_column][\/vc_row][vc_row content_placement=&#8221;middle&#8221; css=&#8221;.vc_custom_1608111366222{margin-top: &hellip;\" \/>\n<meta property=\"og:url\" content=\"https:\/\/escolaturbula.com\/es\/erasmus-charter\/\" \/>\n<meta property=\"og:site_name\" content=\"Escola T\u00farbula\" \/>\n<meta property=\"article:publisher\" content=\"https:\/\/www.facebook.com\/escola.turbula.oficial\/\" \/>\n<meta property=\"article:modified_time\" content=\"2021-07-13T07:45:11+00:00\" \/>\n<meta name=\"twitter:card\" content=\"summary_large_image\" \/>\n<meta name=\"twitter:site\" content=\"@turbula\" \/>\n<meta name=\"twitter:label1\" content=\"Tiempo de lectura\" \/>\n\t<meta name=\"twitter:data1\" content=\"8 minutos\" \/>\n<script type=\"application\/ld+json\" class=\"yoast-schema-graph\">{\"@context\":\"https:\\\/\\\/schema.org\",\"@graph\":[{\"@type\":\"WebPage\",\"@id\":\"https:\\\/\\\/escolaturbula.com\\\/es\\\/erasmus-charter\\\/\",\"url\":\"https:\\\/\\\/escolaturbula.com\\\/es\\\/erasmus-charter\\\/\",\"name\":\"Erasmus Charter - Escola T\u00farbula\",\"isPartOf\":{\"@id\":\"https:\\\/\\\/escolaturbula.com\\\/es\\\/#website\"},\"datePublished\":\"2021-02-26T09:33:41+00:00\",\"dateModified\":\"2021-07-13T07:45:11+00:00\",\"inLanguage\":\"es\",\"potentialAction\":[{\"@type\":\"ReadAction\",\"target\":[\"https:\\\/\\\/escolaturbula.com\\\/es\\\/erasmus-charter\\\/\"]}]},{\"@type\":\"WebSite\",\"@id\":\"https:\\\/\\\/escolaturbula.com\\\/es\\\/#website\",\"url\":\"https:\\\/\\\/escolaturbula.com\\\/es\\\/\",\"name\":\"Escola Turbula\",\"description\":\"Colegio privado en Sant Adri\u00e0 de Bes\u00f2s, Barcelona\",\"publisher\":{\"@id\":\"https:\\\/\\\/escolaturbula.com\\\/es\\\/#organization\"},\"alternateName\":\"Escola Turbula\",\"potentialAction\":[{\"@type\":\"SearchAction\",\"target\":{\"@type\":\"EntryPoint\",\"urlTemplate\":\"https:\\\/\\\/escolaturbula.com\\\/es\\\/?s={search_term_string}\"},\"query-input\":{\"@type\":\"PropertyValueSpecification\",\"valueRequired\":true,\"valueName\":\"search_term_string\"}}],\"inLanguage\":\"es\"},{\"@type\":\"Organization\",\"@id\":\"https:\\\/\\\/escolaturbula.com\\\/es\\\/#organization\",\"name\":\"Escola Turbula\",\"alternateName\":\"Escola Turbula\",\"url\":\"https:\\\/\\\/escolaturbula.com\\\/es\\\/\",\"logo\":{\"@type\":\"ImageObject\",\"inLanguage\":\"es\",\"@id\":\"https:\\\/\\\/escolaturbula.com\\\/es\\\/#\\\/schema\\\/logo\\\/image\\\/\",\"url\":\"https:\\\/\\\/escolaturbula.com\\\/wp-content\\\/uploads\\\/2015\\\/07\\\/logo_trbl-1.png\",\"contentUrl\":\"https:\\\/\\\/escolaturbula.com\\\/wp-content\\\/uploads\\\/2015\\\/07\\\/logo_trbl-1.png\",\"width\":282,\"height\":75,\"caption\":\"Escola Turbula\"},\"image\":{\"@id\":\"https:\\\/\\\/escolaturbula.com\\\/es\\\/#\\\/schema\\\/logo\\\/image\\\/\"},\"sameAs\":[\"https:\\\/\\\/www.facebook.com\\\/escola.turbula.oficial\\\/\",\"https:\\\/\\\/x.com\\\/turbula\"]}]}<\/script>\n<!-- \/ Yoast SEO plugin. -->","yoast_head_json":{"title":"Erasmus Charter - Escola T\u00farbula","robots":{"index":"index","follow":"follow","max-snippet":"max-snippet:-1","max-image-preview":"max-image-preview:large","max-video-preview":"max-video-preview:-1"},"canonical":"https:\/\/escolaturbula.com\/es\/erasmus-charter\/","og_locale":"es_ES","og_type":"article","og_title":"Erasmus Charter - Escola T\u00farbula","og_description":"[vc_row css=&#8221;.vc_custom_1595923894303{padding-top: 6% !important;padding-bottom: 2% !important;}&#8221;][vc_column width=&#8221;1\/6&#8243;][\/vc_column][vc_column width=&#8221;2\/3&#8243;][vc_row_inner equal_height=&#8221;yes&#8221; content_placement=&#8221;middle&#8221;][vc_column_inner width=&#8221;1\/4&#8243;][\/vc_column_inner][vc_column_inner width=&#8221;1\/4&#8243;][\/vc_column_inner][vc_column_inner width=&#8221;1\/4&#8243;][\/vc_column_inner][vc_column_inner width=&#8221;1\/4&#8243;][\/vc_column_inner][\/vc_row_inner][\/vc_column][vc_column width=&#8221;1\/6&#8243;][\/vc_column][\/vc_row][vc_row][vc_column width=&#8221;1\/6&#8243;][\/vc_column][vc_column width=&#8221;2\/3&#8243;][vc_message]CARTA ECHE 2021-2027 &#8211; La comisi\u00f3n europea nos ha otorgado la carta Erasmus Charter for Higher Education 2021-2027 Ver carta [\/vc_message][\/vc_column][vc_column width=&#8221;1\/6&#8243;][\/vc_column][\/vc_row][vc_row content_placement=&#8221;middle&#8221; css=&#8221;.vc_custom_1608111366222{margin-top: &hellip;","og_url":"https:\/\/escolaturbula.com\/es\/erasmus-charter\/","og_site_name":"Escola T\u00farbula","article_publisher":"https:\/\/www.facebook.com\/escola.turbula.oficial\/","article_modified_time":"2021-07-13T07:45:11+00:00","twitter_card":"summary_large_image","twitter_site":"@turbula","twitter_misc":{"Tiempo de lectura":"8 minutos"},"schema":{"@context":"https:\/\/schema.org","@graph":[{"@type":"WebPage","@id":"https:\/\/escolaturbula.com\/es\/erasmus-charter\/","url":"https:\/\/escolaturbula.com\/es\/erasmus-charter\/","name":"Erasmus Charter - Escola T\u00farbula","isPartOf":{"@id":"https:\/\/escolaturbula.com\/es\/#website"},"datePublished":"2021-02-26T09:33:41+00:00","dateModified":"2021-07-13T07:45:11+00:00","inLanguage":"es","potentialAction":[{"@type":"ReadAction","target":["https:\/\/escolaturbula.com\/es\/erasmus-charter\/"]}]},{"@type":"WebSite","@id":"https:\/\/escolaturbula.com\/es\/#website","url":"https:\/\/escolaturbula.com\/es\/","name":"Escola Turbula","description":"Colegio privado en Sant Adri\u00e0 de Bes\u00f2s, Barcelona","publisher":{"@id":"https:\/\/escolaturbula.com\/es\/#organization"},"alternateName":"Escola Turbula","potentialAction":[{"@type":"SearchAction","target":{"@type":"EntryPoint","urlTemplate":"https:\/\/escolaturbula.com\/es\/?s={search_term_string}"},"query-input":{"@type":"PropertyValueSpecification","valueRequired":true,"valueName":"search_term_string"}}],"inLanguage":"es"},{"@type":"Organization","@id":"https:\/\/escolaturbula.com\/es\/#organization","name":"Escola Turbula","alternateName":"Escola Turbula","url":"https:\/\/escolaturbula.com\/es\/","logo":{"@type":"ImageObject","inLanguage":"es","@id":"https:\/\/escolaturbula.com\/es\/#\/schema\/logo\/image\/","url":"https:\/\/escolaturbula.com\/wp-content\/uploads\/2015\/07\/logo_trbl-1.png","contentUrl":"https:\/\/escolaturbula.com\/wp-content\/uploads\/2015\/07\/logo_trbl-1.png","width":282,"height":75,"caption":"Escola Turbula"},"image":{"@id":"https:\/\/escolaturbula.com\/es\/#\/schema\/logo\/image\/"},"sameAs":["https:\/\/www.facebook.com\/escola.turbula.oficial\/","https:\/\/x.com\/turbula"]}]}},"_links":{"self":[{"href":"https:\/\/escolaturbula.com\/es\/wp-json\/wp\/v2\/pages\/15657","targetHints":{"allow":["GET"]}}],"collection":[{"href":"https:\/\/escolaturbula.com\/es\/wp-json\/wp\/v2\/pages"}],"about":[{"href":"https:\/\/escolaturbula.com\/es\/wp-json\/wp\/v2\/types\/page"}],"author":[{"embeddable":true,"href":"https:\/\/escolaturbula.com\/es\/wp-json\/wp\/v2\/users\/1"}],"replies":[{"embeddable":true,"href":"https:\/\/escolaturbula.com\/es\/wp-json\/wp\/v2\/comments?post=15657"}],"version-history":[{"count":5,"href":"https:\/\/escolaturbula.com\/es\/wp-json\/wp\/v2\/pages\/15657\/revisions"}],"predecessor-version":[{"id":18844,"href":"https:\/\/escolaturbula.com\/es\/wp-json\/wp\/v2\/pages\/15657\/revisions\/18844"}],"wp:attachment":[{"href":"https:\/\/escolaturbula.com\/es\/wp-json\/wp\/v2\/media?parent=15657"}],"curies":[{"name":"wp","href":"https:\/\/api.w.org\/{rel}","templated":true}]}}