{"id":15685,"date":"2021-02-26T10:17:54","date_gmt":"2021-02-26T10:17:54","guid":{"rendered":"http:\/\/escolaturbula.com\/escuela\/"},"modified":"2021-03-02T10:01:08","modified_gmt":"2021-03-02T10:01:08","slug":"escuela","status":"publish","type":"page","link":"https:\/\/escolaturbula.com\/es\/escuela\/","title":{"rendered":"Escuela"},"content":{"rendered":"<div class=\"wpb-content-wrapper\"><p>[vc_row full_width=&#8221;stretch_row_content_no_spaces&#8221; el_class=&#8221;submenu-turbula&#8221; css=&#8221;.vc_custom_1595849160640{background-color: #0274c8 !important;}&#8221;][vc_column css=&#8221;.vc_custom_1594811756530{margin-top: 0px !important;}&#8221;][vc_wp_custommenu nav_menu=&#8221;6555&#8243;][\/vc_column][\/vc_row][vc_row content_placement=&#8221;middle&#8221; el_class=&#8221;educativa-split-section&#8221; css=&#8221;.vc_custom_1608120333517{margin-top: 4% !important;margin-bottom: 2% !important;}&#8221;][vc_column width=&#8221;1\/2&#8243; css=&#8221;.vc_custom_1611228050353{padding-top: 6% !important;padding-right: 6% !important;padding-bottom: 6% !important;padding-left: 6% !important;background-position: center !important;background-repeat: no-repeat !important;background-size: cover !important;}&#8221; el_class=&#8221;educativa-split-section-image&#8221;]<div class=\"thim-widget-single-images template-single-images\">\n<div class=\"single-image text-center\"><img src =\"https:\/\/escolaturbula.com\/wp-content\/uploads\/2021\/02\/escola-turbula-la-nostra-rao-de-ser-1.jpg\" width=\"960\" height=\"1199\" alt=\"\"\/><\/div><\/div>[\/vc_column][vc_column css_animation=&#8221;none&#8221; width=&#8221;1\/2&#8243; css=&#8221;.vc_custom_1608117914755{padding-top: 7% !important;padding-right: 8% !important;padding-bottom: 7% !important;padding-left: 8% !important;background-color: #ffffff !important;border-radius: 5px !important;}&#8221; el_class=&#8221;educativa-split-section-text&#8221;][vc_column_text css_animation=&#8221;none&#8221; css=&#8221;.vc_custom_1614332214313{padding-bottom: 10px !important;}&#8221;]<\/p>\n<h2 class=\"educativa-title-turbula\" style=\"text-align: left;\">Nuestra raz\u00f3n de ser<\/h2>\n<p>[\/vc_column_text][vc_separator color=&#8221;custom&#8221; align=&#8221;align_left&#8221; border_width=&#8221;3&#8243; el_width=&#8221;10&#8243; accent_color=&#8221;#1879be&#8221;][vc_column_text]<\/p>\n<p style=\"text-align: justify;\">Sesenta a\u00f1os apasionados por la educaci\u00f3n e ilusionados en colaborar en la formaci\u00f3n de nuestros alumnos; conscientes de nuestra responsabilidad de educar, cuidar y acompa\u00f1arlos en el presente y mirando al futuro.<\/p>\n<p>[\/vc_column_text]<div class=\"thim-widget-button template-base\"><a class=\"widget-button very-rounded medium custom_style position-after\" href=\"\/turbula-test\/es\/escuela\/nuestra-razon-de-ser\/\" style=\"font-size: 14px;border-width: 1px;color: #0481c9;border-color: #0481c9;background-color: rgba(0,127,201,0.01);\" data-hover=\"font-size: 14px;border-width: 1px;color: #ffffff;border-color: #ffffff;background-color: #0481c9;\">LEER M\u00c1S<\/a><\/div>[\/vc_column][\/vc_row][vc_row content_placement=&#8221;middle&#8221; el_class=&#8221;educativa-split-section-reverse&#8221; css=&#8221;.vc_custom_1611228169967{margin-top: 2% !important;margin-bottom: 2% !important;}&#8221;][vc_column css_animation=&#8221;none&#8221; width=&#8221;1\/2&#8243; css=&#8221;.vc_custom_1608116132261{padding-top: 10% !important;padding-right: 10% !important;padding-bottom: 10% !important;padding-left: 10% !important;background-color: #ffffff !important;border-radius: 5px !important;}&#8221; el_class=&#8221;educativa-split-section-text-left&#8221;][vc_column_text css_animation=&#8221;none&#8221; css=&#8221;.vc_custom_1614332385883{padding-bottom: 10px !important;}&#8221;]<\/p>\n<h2 class=\"educativa-title-turbula\" style=\"text-align: left;\">Qu\u00e9 nos define<\/h2>\n<p>[\/vc_column_text][vc_separator color=&#8221;custom&#8221; align=&#8221;align_left&#8221; border_width=&#8221;3&#8243; el_width=&#8221;10&#8243; accent_color=&#8221;#1879be&#8221;][vc_column_text]<\/p>\n<p style=\"text-align: justify;\">Nuestra misi\u00f3n, nuestra visi\u00f3n y nuestros valores definen la manera de acompa\u00f1ar nuestros alumnos y sus familias en su camino de futuro.<\/p>\n<p>[\/vc_column_text]<div class=\"thim-widget-button template-base\"><a class=\"widget-button very-rounded medium custom_style position-after\" href=\"\/turbula-test\/es\/escuela\/que-nos-define\/\" style=\"font-size: 14px;border-width: 1px;color: #0481c9;border-color: #0481c9;background-color: rgba(0,127,201,0.01);\" data-hover=\"font-size: 14px;border-width: 1px;color: #ffffff;border-color: #ffffff;background-color: #0481c9;\">LEER M\u00c1S<\/a><\/div>[\/vc_column][vc_column width=&#8221;1\/2&#8243; css=&#8221;.vc_custom_1611228059894{padding-top: 6% !important;padding-right: 6% !important;padding-bottom: 6% !important;padding-left: 6% !important;background-position: center !important;background-repeat: no-repeat !important;background-size: cover !important;}&#8221; el_class=&#8221;educativa-split-section-image&#8221;]<div class=\"thim-widget-single-images template-single-images\">\n<div class=\"single-image text-center\"><img src =\"https:\/\/escolaturbula.com\/wp-content\/uploads\/2021\/02\/escola-turbula-que-ens-defineix.jpg\" width=\"800\" height=\"1001\" alt=\"\"\/><\/div><\/div>[\/vc_column][\/vc_row][vc_row content_placement=&#8221;middle&#8221; el_class=&#8221;educativa-split-section&#8221; css=&#8221;.vc_custom_1608120333517{margin-top: 4% !important;margin-bottom: 2% !important;}&#8221;][vc_column width=&#8221;1\/2&#8243; css=&#8221;.vc_custom_1611228071421{padding-top: 6% !important;padding-right: 6% !important;padding-bottom: 6% !important;padding-left: 6% !important;background-position: center !important;background-repeat: no-repeat !important;background-size: cover !important;}&#8221; el_class=&#8221;educativa-split-section-image&#8221;]<div class=\"thim-widget-single-images template-single-images\">\n<div class=\"single-image text-center\"><img src =\"https:\/\/escolaturbula.com\/wp-content\/uploads\/2021\/02\/escola-turbula-com-som.jpg\" width=\"960\" height=\"1200\" alt=\"\"\/><\/div><\/div>[\/vc_column][vc_column css_animation=&#8221;none&#8221; width=&#8221;1\/2&#8243; css=&#8221;.vc_custom_1608117914755{padding-top: 7% !important;padding-right: 8% !important;padding-bottom: 7% !important;padding-left: 8% !important;background-color: #ffffff !important;border-radius: 5px !important;}&#8221; el_class=&#8221;educativa-split-section-text&#8221;][vc_column_text css_animation=&#8221;none&#8221; css=&#8221;.vc_custom_1614332675130{padding-bottom: 10px !important;}&#8221;]<\/p>\n<h2 class=\"educativa-title-turbula\" style=\"text-align: left;\">C\u00f3mo somos<\/h2>\n<p>[\/vc_column_text][vc_separator color=&#8221;custom&#8221; align=&#8221;align_left&#8221; border_width=&#8221;3&#8243; el_width=&#8221;10&#8243; accent_color=&#8221;#1879be&#8221;][vc_column_text]<\/p>\n<p style=\"text-align: justify;\">La Comunidad Educativa de la Escuela T\u00farbula, tanto personal docente como Personal de Administraci\u00f3n y Servicios nos distinguimos por nuestra calificaci\u00f3n personal y profesional siendo competentes, respetuosos y comprometidos con nuestra labor.<\/p>\n<p>[\/vc_column_text]<div class=\"thim-widget-button template-base\"><a class=\"widget-button very-rounded medium custom_style position-after\" href=\"\/turbula-test\/es\/escuela\/como-somos\/\" style=\"font-size: 14px;border-width: 1px;color: #0481c9;border-color: #0481c9;background-color: rgba(0,127,201,0.01);\" data-hover=\"font-size: 14px;border-width: 1px;color: #ffffff;border-color: #ffffff;background-color: #0481c9;\">LEER M\u00c1S<\/a><\/div>[\/vc_column][\/vc_row][vc_row content_placement=&#8221;middle&#8221; el_class=&#8221;educativa-split-section-reverse&#8221; css=&#8221;.vc_custom_1611228179306{margin-top: 2% !important;margin-bottom: 2% !important;}&#8221;][vc_column css_animation=&#8221;none&#8221; width=&#8221;1\/2&#8243; css=&#8221;.vc_custom_1608116132261{padding-top: 10% !important;padding-right: 10% !important;padding-bottom: 10% !important;padding-left: 10% !important;background-color: #ffffff !important;border-radius: 5px !important;}&#8221; el_class=&#8221;educativa-split-section-text-left&#8221;][vc_column_text css_animation=&#8221;none&#8221; css=&#8221;.vc_custom_1614332723281{padding-bottom: 10px !important;}&#8221;]<\/p>\n<h2 class=\"educativa-title-turbula\" style=\"text-align: left;\">C\u00f3mo ser\u00e1n nuestros alumnos<\/h2>\n<p>[\/vc_column_text][vc_separator color=&#8221;custom&#8221; align=&#8221;align_left&#8221; border_width=&#8221;3&#8243; el_width=&#8221;10&#8243; accent_color=&#8221;#1879be&#8221;][vc_column_text]<br \/>\nTrabajaremos para atender todas las vertientes de desarrollo de nuestros alumnos, tanto personal como social, que los conformar\u00e1n y les dar\u00e1n las competencias necesarias para su aprendizaje y crecimiento como individuos.<br \/>\n[\/vc_column_text]<div class=\"thim-widget-button template-base\"><a class=\"widget-button very-rounded medium custom_style position-after\" href=\"\/turbula-test\/es\/escuela\/como-seran-nuestros-alumnos\/\" style=\"font-size: 14px;border-width: 1px;color: #0481c9;border-color: #0481c9;background-color: rgba(0,127,201,0.01);\" data-hover=\"font-size: 14px;border-width: 1px;color: #ffffff;border-color: #ffffff;background-color: #0481c9;\">LEER M\u00c1S<\/a><\/div>[\/vc_column][vc_column width=&#8221;1\/2&#8243; css=&#8221;.vc_custom_1611228081856{padding-top: 6% !important;padding-right: 6% !important;padding-bottom: 6% !important;padding-left: 6% !important;background-position: center !important;background-repeat: no-repeat !important;background-size: cover !important;}&#8221; el_class=&#8221;educativa-split-section-image&#8221;]<div class=\"thim-widget-single-images template-single-images\">\n<div class=\"single-image text-center\"><img src =\"https:\/\/escolaturbula.com\/wp-content\/uploads\/2021\/02\/escola-turbula-com-seran.jpg\" width=\"719\" height=\"900\" alt=\"\"\/><\/div><\/div>[\/vc_column][\/vc_row][vc_row full_width=&#8221;stretch_row&#8221; content_placement=&#8221;middle&#8221; css=&#8221;.vc_custom_1608629489440{margin-top: 9% !important;padding-top: 2% !important;padding-bottom: 2% !important;background-image: url(http:\/\/escolaturbula.com\/wp-content\/uploads\/2020\/12\/escola-turbula-cta-contactos-ninos.jpg?id=12701) !important;background-position: center !important;background-repeat: no-repeat !important;background-size: cover !important;}&#8221; el_class=&#8221;thim-bg-overlay cta-contact&#8221;][vc_column][vc_row_inner equal_height=&#8221;yes&#8221; content_placement=&#8221;middle&#8221;][vc_column_inner width=&#8221;1\/2&#8243;][vc_column_text el_class=&#8221;subtitle-turbula&#8221; css=&#8221;.vc_custom_1611837012008{margin-bottom: 0px !important;}&#8221;]<\/p>\n<h6 class=\"subtitle-turbula\" style=\"text-align: left;\"><span style=\"color: #ffffff;\">CONTACTOS<\/span><\/h6>\n<p>[\/vc_column_text][vc_column_text css_animation=&#8221;fadeInUp&#8221; css=&#8221;.vc_custom_1608554249617{padding-bottom: 10px !important;}&#8221;]<\/p>\n<h2 class=\"title-turbula\" style=\"text-align: left;\"><span style=\"color: #ffffff;\">\u00bfQuieres contactar con nosotros?<\/span><\/h2>\n<p>[\/vc_column_text][\/vc_column_inner][vc_column_inner el_class=&#8221;cta-contactanos-button&#8221; width=&#8221;1\/2&#8243;]<div class=\"thim-widget-button template-base\"><a class=\"widget-button very-rounded medium custom_style position-after\" href=\"\/turbula-test\/es\/contactos\/\" style=\"font-size: 14px;border-width: 1px;color: #ffffff;border-color: #ffffff;background-color: rgba(0,0,0,0.01);\" data-hover=\"font-size: 14px;border-width: 1px;color: #0274c8;border-color: #1e73be;background-color: #ffffff;\">CONT\u00c1CTANOS<i class=\"fas fa-envelope\" style=\"font-size: 14px;\"><\/i> <\/a><\/div>[\/vc_column_inner][\/vc_row_inner][vc_row_inner content_placement=&#8221;middle&#8221; css=&#8221;.vc_custom_1608555702803{padding-top: 20px !important;padding-bottom: 20px !important;}&#8221;][vc_column_inner width=&#8221;1\/6&#8243;][\/vc_column_inner][vc_column_inner el_class=&#8221;social-contacts&#8221; width=&#8221;4\/6&#8243;][vc_column_text el_class=&#8221;cta-text&#8221;]<\/p>\n<p style=\"font-size: 1.3em; text-align: left; display: inline-block;\"><span style=\"color: #2970aa;\"><strong>S\u00edguenos en las redes sociales:<\/strong><\/span><\/p>\n<p>[\/vc_column_text]<div class=\"vc-extral_class cta-social\"><div class=\"thim-widget-social template-base\"><div class=\"thim-social style-4\">\n\t\t<ul class=\"social_link\">\n\t\t<li><a class=\"facebook hasTooltip\" href=\"https:\/\/www.facebook.com\/escola.turbula.oficial\" target=\"_blank\"><i class=\"fa fa-facebook\"><\/i><\/a><\/li><li><a class=\"twitter hasTooltip\" href=\"https:\/\/twitter.com\/turbula?lang=es\" target=\"_blank\" ><i class=\"fa fa-x-twitter\"><\/i><\/a><\/li><li><a class=\"instagram hasTooltip\" href=\"https:\/\/www.instagram.com\/turbulaescola\/\" target=\"_blank\" ><i class=\"fa fa-instagram\"><\/i><\/a><\/li><li><a class=\"youtube hasTooltip\" href=\"https:\/\/www.youtube.com\/user\/TurbulaTV\" target=\"_blank\" ><i class=\"fa fa-youtube\"><\/i><\/a><\/li>\t<\/ul>\n<\/div><\/div><\/div>[\/vc_column_inner][vc_column_inner width=&#8221;1\/6&#8243;][\/vc_column_inner][\/vc_row_inner][\/vc_column][\/vc_row]<\/p>\n<\/div>","protected":false},"excerpt":{"rendered":"<p>[vc_row full_width=&#8221;stretch_row_content_no_spaces&#8221; el_class=&#8221;submenu-turbula&#8221; css=&#8221;.vc_custom_1595849160640{background-color: #0274c8 !important;}&#8221;][vc_column css=&#8221;.vc_custom_1594811756530{margin-top: 0px !important;}&#8221;][vc_wp_custommenu nav_menu=&#8221;6555&#8243;][\/vc_column][\/vc_row][vc_row content_placement=&#8221;middle&#8221; el_class=&#8221;educativa-split-section&#8221; css=&#8221;.vc_custom_1608120333517{margin-top: 4% !important;margin-bottom: 2% !important;}&#8221;][vc_column width=&#8221;1\/2&#8243; css=&#8221;.vc_custom_1611228050353{padding-top: 6% !important;padding-right: 6% !important;padding-bottom: 6% !important;padding-left: 6% !important;background-position: center !important;background-repeat: no-repeat !important;background-size: cover !important;}&#8221; el_class=&#8221;educativa-split-section-image&#8221;][\/vc_column][vc_column css_animation=&#8221;none&#8221; width=&#8221;1\/2&#8243; css=&#8221;.vc_custom_1608117914755{padding-top: 7% !important;padding-right: 8% &hellip; <\/p>\n","protected":false},"author":1,"featured_media":0,"parent":0,"menu_order":0,"comment_status":"closed","ping_status":"closed","template":"","meta":{"footnotes":""},"class_list":["post-15685","page","type-page","status-publish","hentry"],"yoast_head":"<!-- This site is optimized with the Yoast SEO plugin v27.3 - https:\/\/yoast.com\/product\/yoast-seo-wordpress\/ -->\n<title>Escuela - Escola T\u00farbula<\/title>\n<meta name=\"robots\" content=\"index, follow, max-snippet:-1, max-image-preview:large, max-video-preview:-1\" \/>\n<link rel=\"canonical\" href=\"https:\/\/escolaturbula.com\/es\/escuela\/\" \/>\n<meta property=\"og:locale\" content=\"es_ES\" \/>\n<meta property=\"og:type\" content=\"article\" \/>\n<meta property=\"og:title\" content=\"Escuela - Escola T\u00farbula\" \/>\n<meta property=\"og:description\" content=\"[vc_row full_width=&#8221;stretch_row_content_no_spaces&#8221; el_class=&#8221;submenu-turbula&#8221; css=&#8221;.vc_custom_1595849160640{background-color: #0274c8 !important;}&#8221;][vc_column css=&#8221;.vc_custom_1594811756530{margin-top: 0px !important;}&#8221;][vc_wp_custommenu nav_menu=&#8221;6555&#8243;][\/vc_column][\/vc_row][vc_row content_placement=&#8221;middle&#8221; el_class=&#8221;educativa-split-section&#8221; css=&#8221;.vc_custom_1608120333517{margin-top: 4% !important;margin-bottom: 2% !important;}&#8221;][vc_column width=&#8221;1\/2&#8243; css=&#8221;.vc_custom_1611228050353{padding-top: 6% !important;padding-right: 6% !important;padding-bottom: 6% !important;padding-left: 6% !important;background-position: center !important;background-repeat: no-repeat !important;background-size: cover !important;}&#8221; el_class=&#8221;educativa-split-section-image&#8221;][\/vc_column][vc_column css_animation=&#8221;none&#8221; width=&#8221;1\/2&#8243; css=&#8221;.vc_custom_1608117914755{padding-top: 7% !important;padding-right: 8% &hellip;\" \/>\n<meta property=\"og:url\" content=\"https:\/\/escolaturbula.com\/es\/escuela\/\" \/>\n<meta property=\"og:site_name\" content=\"Escola T\u00farbula\" \/>\n<meta property=\"article:publisher\" content=\"https:\/\/www.facebook.com\/escola.turbula.oficial\/\" \/>\n<meta property=\"article:modified_time\" content=\"2021-03-02T10:01:08+00:00\" \/>\n<meta name=\"twitter:card\" content=\"summary_large_image\" \/>\n<meta name=\"twitter:site\" content=\"@turbula\" \/>\n<meta name=\"twitter:label1\" content=\"Tiempo de lectura\" \/>\n\t<meta name=\"twitter:data1\" content=\"5 minutos\" \/>\n<script type=\"application\/ld+json\" class=\"yoast-schema-graph\">{\"@context\":\"https:\\\/\\\/schema.org\",\"@graph\":[{\"@type\":\"WebPage\",\"@id\":\"https:\\\/\\\/escolaturbula.com\\\/es\\\/escuela\\\/\",\"url\":\"https:\\\/\\\/escolaturbula.com\\\/es\\\/escuela\\\/\",\"name\":\"Escuela - Escola T\u00farbula\",\"isPartOf\":{\"@id\":\"https:\\\/\\\/escolaturbula.com\\\/es\\\/#website\"},\"datePublished\":\"2021-02-26T10:17:54+00:00\",\"dateModified\":\"2021-03-02T10:01:08+00:00\",\"inLanguage\":\"es\",\"potentialAction\":[{\"@type\":\"ReadAction\",\"target\":[\"https:\\\/\\\/escolaturbula.com\\\/es\\\/escuela\\\/\"]}]},{\"@type\":\"WebSite\",\"@id\":\"https:\\\/\\\/escolaturbula.com\\\/es\\\/#website\",\"url\":\"https:\\\/\\\/escolaturbula.com\\\/es\\\/\",\"name\":\"Escola Turbula\",\"description\":\"Colegio privado en Sant Adri\u00e0 de Bes\u00f2s, Barcelona\",\"publisher\":{\"@id\":\"https:\\\/\\\/escolaturbula.com\\\/es\\\/#organization\"},\"alternateName\":\"Escola Turbula\",\"potentialAction\":[{\"@type\":\"SearchAction\",\"target\":{\"@type\":\"EntryPoint\",\"urlTemplate\":\"https:\\\/\\\/escolaturbula.com\\\/es\\\/?s={search_term_string}\"},\"query-input\":{\"@type\":\"PropertyValueSpecification\",\"valueRequired\":true,\"valueName\":\"search_term_string\"}}],\"inLanguage\":\"es\"},{\"@type\":\"Organization\",\"@id\":\"https:\\\/\\\/escolaturbula.com\\\/es\\\/#organization\",\"name\":\"Escola Turbula\",\"alternateName\":\"Escola Turbula\",\"url\":\"https:\\\/\\\/escolaturbula.com\\\/es\\\/\",\"logo\":{\"@type\":\"ImageObject\",\"inLanguage\":\"es\",\"@id\":\"https:\\\/\\\/escolaturbula.com\\\/es\\\/#\\\/schema\\\/logo\\\/image\\\/\",\"url\":\"https:\\\/\\\/escolaturbula.com\\\/wp-content\\\/uploads\\\/2015\\\/07\\\/logo_trbl-1.png\",\"contentUrl\":\"https:\\\/\\\/escolaturbula.com\\\/wp-content\\\/uploads\\\/2015\\\/07\\\/logo_trbl-1.png\",\"width\":282,\"height\":75,\"caption\":\"Escola Turbula\"},\"image\":{\"@id\":\"https:\\\/\\\/escolaturbula.com\\\/es\\\/#\\\/schema\\\/logo\\\/image\\\/\"},\"sameAs\":[\"https:\\\/\\\/www.facebook.com\\\/escola.turbula.oficial\\\/\",\"https:\\\/\\\/x.com\\\/turbula\"]}]}<\/script>\n<!-- \/ Yoast SEO plugin. -->","yoast_head_json":{"title":"Escuela - Escola T\u00farbula","robots":{"index":"index","follow":"follow","max-snippet":"max-snippet:-1","max-image-preview":"max-image-preview:large","max-video-preview":"max-video-preview:-1"},"canonical":"https:\/\/escolaturbula.com\/es\/escuela\/","og_locale":"es_ES","og_type":"article","og_title":"Escuela - Escola T\u00farbula","og_description":"[vc_row full_width=&#8221;stretch_row_content_no_spaces&#8221; el_class=&#8221;submenu-turbula&#8221; css=&#8221;.vc_custom_1595849160640{background-color: #0274c8 !important;}&#8221;][vc_column css=&#8221;.vc_custom_1594811756530{margin-top: 0px !important;}&#8221;][vc_wp_custommenu nav_menu=&#8221;6555&#8243;][\/vc_column][\/vc_row][vc_row content_placement=&#8221;middle&#8221; el_class=&#8221;educativa-split-section&#8221; css=&#8221;.vc_custom_1608120333517{margin-top: 4% !important;margin-bottom: 2% !important;}&#8221;][vc_column width=&#8221;1\/2&#8243; css=&#8221;.vc_custom_1611228050353{padding-top: 6% !important;padding-right: 6% !important;padding-bottom: 6% !important;padding-left: 6% !important;background-position: center !important;background-repeat: no-repeat !important;background-size: cover !important;}&#8221; el_class=&#8221;educativa-split-section-image&#8221;][\/vc_column][vc_column css_animation=&#8221;none&#8221; width=&#8221;1\/2&#8243; css=&#8221;.vc_custom_1608117914755{padding-top: 7% !important;padding-right: 8% &hellip;","og_url":"https:\/\/escolaturbula.com\/es\/escuela\/","og_site_name":"Escola T\u00farbula","article_publisher":"https:\/\/www.facebook.com\/escola.turbula.oficial\/","article_modified_time":"2021-03-02T10:01:08+00:00","twitter_card":"summary_large_image","twitter_site":"@turbula","twitter_misc":{"Tiempo de lectura":"5 minutos"},"schema":{"@context":"https:\/\/schema.org","@graph":[{"@type":"WebPage","@id":"https:\/\/escolaturbula.com\/es\/escuela\/","url":"https:\/\/escolaturbula.com\/es\/escuela\/","name":"Escuela - Escola T\u00farbula","isPartOf":{"@id":"https:\/\/escolaturbula.com\/es\/#website"},"datePublished":"2021-02-26T10:17:54+00:00","dateModified":"2021-03-02T10:01:08+00:00","inLanguage":"es","potentialAction":[{"@type":"ReadAction","target":["https:\/\/escolaturbula.com\/es\/escuela\/"]}]},{"@type":"WebSite","@id":"https:\/\/escolaturbula.com\/es\/#website","url":"https:\/\/escolaturbula.com\/es\/","name":"Escola Turbula","description":"Colegio privado en Sant Adri\u00e0 de Bes\u00f2s, Barcelona","publisher":{"@id":"https:\/\/escolaturbula.com\/es\/#organization"},"alternateName":"Escola Turbula","potentialAction":[{"@type":"SearchAction","target":{"@type":"EntryPoint","urlTemplate":"https:\/\/escolaturbula.com\/es\/?s={search_term_string}"},"query-input":{"@type":"PropertyValueSpecification","valueRequired":true,"valueName":"search_term_string"}}],"inLanguage":"es"},{"@type":"Organization","@id":"https:\/\/escolaturbula.com\/es\/#organization","name":"Escola Turbula","alternateName":"Escola Turbula","url":"https:\/\/escolaturbula.com\/es\/","logo":{"@type":"ImageObject","inLanguage":"es","@id":"https:\/\/escolaturbula.com\/es\/#\/schema\/logo\/image\/","url":"https:\/\/escolaturbula.com\/wp-content\/uploads\/2015\/07\/logo_trbl-1.png","contentUrl":"https:\/\/escolaturbula.com\/wp-content\/uploads\/2015\/07\/logo_trbl-1.png","width":282,"height":75,"caption":"Escola Turbula"},"image":{"@id":"https:\/\/escolaturbula.com\/es\/#\/schema\/logo\/image\/"},"sameAs":["https:\/\/www.facebook.com\/escola.turbula.oficial\/","https:\/\/x.com\/turbula"]}]}},"_links":{"self":[{"href":"https:\/\/escolaturbula.com\/es\/wp-json\/wp\/v2\/pages\/15685","targetHints":{"allow":["GET"]}}],"collection":[{"href":"https:\/\/escolaturbula.com\/es\/wp-json\/wp\/v2\/pages"}],"about":[{"href":"https:\/\/escolaturbula.com\/es\/wp-json\/wp\/v2\/types\/page"}],"author":[{"embeddable":true,"href":"https:\/\/escolaturbula.com\/es\/wp-json\/wp\/v2\/users\/1"}],"replies":[{"embeddable":true,"href":"https:\/\/escolaturbula.com\/es\/wp-json\/wp\/v2\/comments?post=15685"}],"version-history":[{"count":0,"href":"https:\/\/escolaturbula.com\/es\/wp-json\/wp\/v2\/pages\/15685\/revisions"}],"wp:attachment":[{"href":"https:\/\/escolaturbula.com\/es\/wp-json\/wp\/v2\/media?parent=15685"}],"curies":[{"name":"wp","href":"https:\/\/api.w.org\/{rel}","templated":true}]}}