{"id":20036,"date":"2021-09-15T08:07:15","date_gmt":"2021-09-15T08:07:15","guid":{"rendered":"https:\/\/escolaturbula.com\/asesoramiento-y-reconocimiento\/"},"modified":"2022-09-20T08:39:59","modified_gmt":"2022-09-20T08:39:59","slug":"asesoramiento-y-reconocimiento","status":"publish","type":"page","link":"https:\/\/escolaturbula.com\/es\/asesoramiento-y-reconocimiento\/","title":{"rendered":"Asesoramiento y reconocimiento"},"content":{"rendered":"<div class=\"wpb-content-wrapper\"><p>[vc_row content_placement=&#8221;middle&#8221; css=&#8221;.vc_custom_1631691523057{margin-top: 8% !important;margin-bottom: 0px !important;padding-top: 5% !important;padding-bottom: 7% !important;background-color: #1879be !important;}&#8221; el_class=&#8221;gradient-bg&#8221;][vc_column css=&#8221;.vc_custom_1607593013976{margin-bottom: 0px !important;padding-bottom: 0px !important;}&#8221; el_class=&#8221;neuro-container&#8221;][vc_column_text el_class=&#8221;subtitle-turbula&#8221; css=&#8221;.vc_custom_1631691464672{margin-bottom: 0px !important;}&#8221;]<\/p>\n<h6 class=\"subtitle-turbula\" style=\"text-align: center;\"><span style=\"color: #ffffff;\">asesoramiento en la Escuela T\u00farbula<\/span><\/h6>\n<p>[\/vc_column_text][vc_column_text]<\/p>\n<h3 style=\"text-align: center;\"><span style=\"color: #ffffff;\">Asesoramiento<\/span><\/h3>\n<p>[\/vc_column_text][vc_raw_html]PHNwYW4gY2xhc3M9Imljb25vLWFzc2Vzb3JhbWVudCI+PC9zcGFuPg==[\/vc_raw_html][\/vc_column][\/vc_row][vc_row content_placement=&#8221;middle&#8221; css=&#8221;.vc_custom_1608806345506{margin-bottom: 0px !important;padding-top: 5% !important;padding-bottom: 2% !important;}&#8221;][vc_column width=&#8221;1\/6&#8243; css=&#8221;.vc_custom_1607517731127{margin-top: 0px !important;margin-right: 0px !important;margin-bottom: 0px !important;margin-left: 0px !important;padding-top: 5% !important;padding-right: 5% !important;padding-bottom: 5% !important;padding-left: 5% !important;background-position: center !important;background-repeat: no-repeat !important;background-size: cover !important;}&#8221;][\/vc_column][vc_column width=&#8221;2\/3&#8243; css=&#8221;.vc_custom_1607596682970{margin-top: -15% !important;margin-bottom: 0px !important;padding-top: 6% !important;padding-right: 6% !important;padding-bottom: 6% !important;padding-left: 6% !important;background-color: #ffffff !important;border-radius: 5px !important;}&#8221; el_class=&#8221;eixos-sobrepuesta&#8221;][vc_column_text]<strong> Periodo de admisi\u00f3n de las solicitudes: <\/strong><br \/>\nPor el servicio de asesoramiento: <strong> del 6 de septiembre de 2022 en el 1 de junio de 2023. <\/strong><\/p>\n<p><strong> Criterios de admisi\u00f3n: <\/strong><br \/>\nSe priorizar\u00e1n las solicitudes seg\u00fan la edad de los solicitantes. Tienen prioridad las personas de mayor edad.<\/p>\n<p><strong> Publicaci\u00f3n de las listas de admitidos: <\/strong><br \/>\n\u00daltimo d\u00eda de cada mes.<\/p>\n<p><strong> Pago del servicio: <\/strong><br \/>\nA partir del d\u00eda <strong> 6 de septiembre de 2022 <\/strong> mediante ingreso en la cuenta bancaria del centro.<\/p>\n<p><strong> Presentaci\u00f3n de documentaci\u00f3n: <\/strong><br \/>\nLas personas admitidas deber\u00e1n presentar o enviar la documentaci\u00f3n a la secretar\u00eda del centro a partir del 6 de septiembre de 2022<\/p>\n<ul>\n<li> Hoja de solicitud impreso con los datos personales y la familia profesional elegida <\/li>\n<li> Fotocopia del DNI, NIE o Pasaporte, acompa\u00f1ado del original para su verificaci\u00f3n. <\/li>\n<li> Resguardo de pago del precio establecido. <\/li>\n<\/ul>\n<p><strong> Inicio de las sesiones de asesoramiento <\/strong><br \/>\n13 de octubre del 2022.[\/vc_column_text][\/vc_column][vc_column width=&#8221;1\/6&#8243;][\/vc_column][\/vc_row][vc_row content_placement=&#8221;middle&#8221; css=&#8221;.vc_custom_1631691557132{margin-top: 8% !important;margin-bottom: 0px !important;padding-top: 5% !important;padding-bottom: 7% !important;background-color: #1879be !important;}&#8221; el_class=&#8221;gradient-bg&#8221;][vc_column css=&#8221;.vc_custom_1607593013976{margin-bottom: 0px !important;padding-bottom: 0px !important;}&#8221; el_class=&#8221;neuro-container&#8221;][vc_column_text el_class=&#8221;subtitle-turbula&#8221; css=&#8221;.vc_custom_1631691492570{margin-bottom: 0px !important;}&#8221;]<\/p>\n<h6 class=\"subtitle-turbula\" style=\"text-align: center;\"><span style=\"color: #ffffff;\">Reconocimiento en la Escuela T\u00farbula<\/span><\/h6>\n<p>[\/vc_column_text][vc_column_text]<\/p>\n<h3 style=\"text-align: center;\"><span style=\"color: #ffffff;\">Reconocimiento<\/span><\/h3>\n<p>[\/vc_column_text][vc_raw_html]PHNwYW4gY2xhc3M9Imljb25vLXJlY29uIj48L3NwYW4+[\/vc_raw_html][\/vc_column][\/vc_row][vc_row content_placement=&#8221;middle&#8221; css=&#8221;.vc_custom_1608806345506{margin-bottom: 0px !important;padding-top: 5% !important;padding-bottom: 2% !important;}&#8221;][vc_column width=&#8221;1\/6&#8243; css=&#8221;.vc_custom_1607517731127{margin-top: 0px !important;margin-right: 0px !important;margin-bottom: 0px !important;margin-left: 0px !important;padding-top: 5% !important;padding-right: 5% !important;padding-bottom: 5% !important;padding-left: 5% !important;background-position: center !important;background-repeat: no-repeat !important;background-size: cover !important;}&#8221;][\/vc_column][vc_column width=&#8221;2\/3&#8243; css=&#8221;.vc_custom_1607596682970{margin-top: -15% !important;margin-bottom: 0px !important;padding-top: 6% !important;padding-right: 6% !important;padding-bottom: 6% !important;padding-left: 6% !important;background-color: #ffffff !important;border-radius: 5px !important;}&#8221; el_class=&#8221;eixos-sobrepuesta&#8221;][vc_column_text]<strong> Procedimiento de inscripci\u00f3n al Servicio de Reconocimiento Acad\u00e9mico de los Aprendizajes <\/strong><\/p>\n<p><strong> Instrucciones <\/strong><\/p>\n<p>Para llevar a cabo el proceso de inscripci\u00f3n al servicio de reconocimiento de los aprendizajes es necesario seguir los siguientes pasos:<\/p>\n<ol>\n<li> <strong> Descargar los dos documentos solicitud e inscripci\u00f3n <\/strong> <\/li>\n<li> <strong> Rellenar los dos documentos: <\/strong> <\/li>\n<\/ol>\n<ul>\n<li> Hoja de solicitud <\/li>\n<li> Hoja de inscripci\u00f3n <\/li>\n<\/ul>\n<ol start = \"3\">\n<li> <strong> Llevar los documentos a secretar\u00eda del Centro y entregar la documentaci\u00f3n: <\/strong> <\/li>\n<\/ol>\n<ul>\n<li> Solicitud <\/li>\n<li> Inscripci\u00f3n <\/li>\n<li> Fotocopia DNI (personas nuevas en nuestro Centro) <\/li>\n<li> Si te han asesorado en otro centro: Copia del informe del asesoramiento. <\/li>\n<li> Horario de secretar\u00eda: De lunes a viernes de 9:30 a 12:45 horas y de 15:15 a 17:45 horas, tardes de los mi\u00e9rcoles y viernes cerrado. <\/li>\n<\/ul>\n<ol start = \"4\">\n<li> <strong> Publicaci\u00f3n del listado de admitidos: <\/strong> <\/li>\n<\/ol>\n<table width = \"263\">\n<tbody>\n<tr>\n<td width = \"188\"> <strong> FAMILIA PROFESIONAL <\/strong> <\/td>\n<td width = \"53\"> <strong> PLAZAS <\/strong> <\/td>\n<\/tr>\n<tr>\n<td width = \"188\"> Actividades f\u00edsicas y deportivas <\/td>\n<td width = \"53\"> 30 <\/td>\n<\/tr>\n<tr>\n<td width = \"188\"> Sanidad <\/td>\n<td width = \"53\"> 20 <\/td>\n<\/tr>\n<\/tbody>\n<\/table>\n<p>[\/vc_column_text][\/vc_column][vc_column width=&#8221;1\/6&#8243;][\/vc_column][\/vc_row][vc_row full_width=&#8221;stretch_row&#8221; content_placement=&#8221;middle&#8221; css=&#8221;.vc_custom_1608629489440{margin-top: 9% !important;padding-top: 2% !important;padding-bottom: 2% !important;background-image: url(http:\/\/escolaturbula.com\/wp-content\/uploads\/2020\/12\/escola-turbula-cta-contactos-ninos.jpg?id=12701) !important;background-position: center !important;background-repeat: no-repeat !important;background-size: cover !important;}&#8221; el_class=&#8221;thim-bg-overlay cta-contact&#8221;][vc_column][vc_row_inner equal_height=&#8221;yes&#8221; content_placement=&#8221;middle&#8221;][vc_column_inner width=&#8221;1\/2&#8243;][vc_column_text el_class=&#8221;subtitle-turbula&#8221; css=&#8221;.vc_custom_1611837012008{margin-bottom: 0px !important;}&#8221;]<\/p>\n<h6 class=\"subtitle-turbula\" style=\"text-align: left;\"><span style=\"color: #ffffff;\">CONTACTOS<\/span><\/h6>\n<p>[\/vc_column_text][vc_column_text css_animation=&#8221;fadeInUp&#8221; css=&#8221;.vc_custom_1608554249617{padding-bottom: 10px !important;}&#8221;]<\/p>\n<h2 class=\"title-turbula\" style=\"text-align: left;\"><span style=\"color: #ffffff;\">\u00bfQuieres contactar con nosotros?<\/span><\/h2>\n<p>[\/vc_column_text][\/vc_column_inner][vc_column_inner el_class=&#8221;cta-contactanos-button&#8221; width=&#8221;1\/2&#8243;]<div class=\"thim-widget-button template-base\"><a class=\"widget-button very-rounded medium custom_style position-after\" href=\"\/turbula-test\/es\/contactos\/\" style=\"font-size: 14px;border-width: 1px;color: #ffffff;border-color: #ffffff;background-color: rgba(0,0,0,0.01);\" data-hover=\"font-size: 14px;border-width: 1px;color: #0274c8;border-color: #1e73be;background-color: #ffffff;\">CONT\u00c1CTANOS<i class=\"fas fa-envelope\" style=\"font-size: 14px;\"><\/i> <\/a><\/div>[\/vc_column_inner][\/vc_row_inner][vc_row_inner content_placement=&#8221;middle&#8221; css=&#8221;.vc_custom_1608555702803{padding-top: 20px !important;padding-bottom: 20px !important;}&#8221;][vc_column_inner width=&#8221;1\/6&#8243;][\/vc_column_inner][vc_column_inner el_class=&#8221;social-contacts&#8221; width=&#8221;4\/6&#8243;][vc_column_text el_class=&#8221;cta-text&#8221;]<\/p>\n<p style=\"font-size: 1.3em; text-align: left; display: inline-block;\"><span style=\"color: #2970aa;\"><strong>Segueix-nos a les xarxes socials:<\/strong><\/span><\/p>\n<p>[\/vc_column_text]<div class=\"vc-extral_class cta-social\"><div class=\"thim-widget-social template-base\"><div class=\"thim-social style-4\">\n\t\t<ul class=\"social_link\">\n\t\t<li><a class=\"facebook hasTooltip\" href=\"https:\/\/www.facebook.com\/escola.turbula.oficial\" target=\"_blank\"><i class=\"fa fa-facebook\"><\/i><\/a><\/li><li><a class=\"twitter hasTooltip\" href=\"https:\/\/twitter.com\/turbula?lang=es\" target=\"_blank\" ><i class=\"fa fa-x-twitter\"><\/i><\/a><\/li><li><a class=\"instagram hasTooltip\" href=\"https:\/\/www.instagram.com\/turbulaescola\/\" target=\"_blank\" ><i class=\"fa fa-instagram\"><\/i><\/a><\/li><li><a class=\"youtube hasTooltip\" href=\"https:\/\/www.youtube.com\/user\/TurbulaTV\" target=\"_blank\" ><i class=\"fa fa-youtube\"><\/i><\/a><\/li>\t<\/ul>\n<\/div><\/div><\/div>[\/vc_column_inner][vc_column_inner width=&#8221;1\/6&#8243;][\/vc_column_inner][\/vc_row_inner][\/vc_column][\/vc_row]<\/p>\n<\/div>","protected":false},"excerpt":{"rendered":"<p>[vc_row content_placement=&#8221;middle&#8221; css=&#8221;.vc_custom_1631691523057{margin-top: 8% !important;margin-bottom: 0px !important;padding-top: 5% !important;padding-bottom: 7% !important;background-color: #1879be !important;}&#8221; el_class=&#8221;gradient-bg&#8221;][vc_column css=&#8221;.vc_custom_1607593013976{margin-bottom: 0px !important;padding-bottom: 0px !important;}&#8221; el_class=&#8221;neuro-container&#8221;][vc_column_text el_class=&#8221;subtitle-turbula&#8221; css=&#8221;.vc_custom_1631691464672{margin-bottom: 0px !important;}&#8221;] asesoramiento en la Escuela T\u00farbula [\/vc_column_text][vc_column_text] Asesoramiento [\/vc_column_text][vc_raw_html]PHNwYW4gY2xhc3M9Imljb25vLWFzc2Vzb3JhbWVudCI+PC9zcGFuPg==[\/vc_raw_html][\/vc_column][\/vc_row][vc_row content_placement=&#8221;middle&#8221; css=&#8221;.vc_custom_1608806345506{margin-bottom: 0px !important;padding-top: 5% !important;padding-bottom: 2% !important;}&#8221;][vc_column &hellip; <\/p>\n","protected":false},"author":1,"featured_media":0,"parent":0,"menu_order":0,"comment_status":"closed","ping_status":"closed","template":"","meta":{"footnotes":""},"class_list":["post-20036","page","type-page","status-publish","hentry"],"yoast_head":"<!-- This site is optimized with the Yoast SEO plugin v27.4 - https:\/\/yoast.com\/product\/yoast-seo-wordpress\/ -->\n<title>Asesoramiento y reconocimiento - Escola T\u00farbula<\/title>\n<meta name=\"robots\" content=\"index, follow, max-snippet:-1, max-image-preview:large, max-video-preview:-1\" \/>\n<link rel=\"canonical\" href=\"https:\/\/escolaturbula.com\/assesorament-i-reconeixement\/\" \/>\n<meta property=\"og:locale\" content=\"es_ES\" \/>\n<meta property=\"og:type\" content=\"article\" \/>\n<meta property=\"og:title\" content=\"Asesoramiento y reconocimiento - Escola T\u00farbula\" \/>\n<meta property=\"og:description\" content=\"[vc_row content_placement=&#8221;middle&#8221; css=&#8221;.vc_custom_1631691523057{margin-top: 8% !important;margin-bottom: 0px !important;padding-top: 5% !important;padding-bottom: 7% !important;background-color: #1879be !important;}&#8221; el_class=&#8221;gradient-bg&#8221;][vc_column css=&#8221;.vc_custom_1607593013976{margin-bottom: 0px !important;padding-bottom: 0px !important;}&#8221; el_class=&#8221;neuro-container&#8221;][vc_column_text el_class=&#8221;subtitle-turbula&#8221; css=&#8221;.vc_custom_1631691464672{margin-bottom: 0px !important;}&#8221;] asesoramiento en la Escuela T\u00farbula [\/vc_column_text][vc_column_text] Asesoramiento [\/vc_column_text][vc_raw_html]PHNwYW4gY2xhc3M9Imljb25vLWFzc2Vzb3JhbWVudCI+PC9zcGFuPg==[\/vc_raw_html][\/vc_column][\/vc_row][vc_row content_placement=&#8221;middle&#8221; css=&#8221;.vc_custom_1608806345506{margin-bottom: 0px !important;padding-top: 5% !important;padding-bottom: 2% !important;}&#8221;][vc_column &hellip;\" \/>\n<meta property=\"og:url\" content=\"https:\/\/escolaturbula.com\/assesorament-i-reconeixement\/\" \/>\n<meta property=\"og:site_name\" content=\"Escola T\u00farbula\" \/>\n<meta property=\"article:publisher\" content=\"https:\/\/www.facebook.com\/escola.turbula.oficial\/\" \/>\n<meta property=\"article:modified_time\" content=\"2022-09-20T08:39:59+00:00\" \/>\n<meta name=\"twitter:card\" content=\"summary_large_image\" \/>\n<meta name=\"twitter:site\" content=\"@turbula\" \/>\n<meta name=\"twitter:label1\" content=\"Tiempo de lectura\" \/>\n\t<meta name=\"twitter:data1\" content=\"4 minutos\" \/>\n<script type=\"application\/ld+json\" class=\"yoast-schema-graph\">{\"@context\":\"https:\\\/\\\/schema.org\",\"@graph\":[{\"@type\":\"WebPage\",\"@id\":\"https:\\\/\\\/escolaturbula.com\\\/assesorament-i-reconeixement\\\/\",\"url\":\"https:\\\/\\\/escolaturbula.com\\\/assesorament-i-reconeixement\\\/\",\"name\":\"Asesoramiento y reconocimiento - Escola T\u00farbula\",\"isPartOf\":{\"@id\":\"https:\\\/\\\/escolaturbula.com\\\/es\\\/#website\"},\"datePublished\":\"2021-09-15T08:07:15+00:00\",\"dateModified\":\"2022-09-20T08:39:59+00:00\",\"inLanguage\":\"es\",\"potentialAction\":[{\"@type\":\"ReadAction\",\"target\":[\"https:\\\/\\\/escolaturbula.com\\\/assesorament-i-reconeixement\\\/\"]}]},{\"@type\":\"WebSite\",\"@id\":\"https:\\\/\\\/escolaturbula.com\\\/es\\\/#website\",\"url\":\"https:\\\/\\\/escolaturbula.com\\\/es\\\/\",\"name\":\"Escola Turbula\",\"description\":\"Colegio privado en Sant Adri\u00e0 de Bes\u00f2s, Barcelona\",\"publisher\":{\"@id\":\"https:\\\/\\\/escolaturbula.com\\\/es\\\/#organization\"},\"alternateName\":\"Escola Turbula\",\"potentialAction\":[{\"@type\":\"SearchAction\",\"target\":{\"@type\":\"EntryPoint\",\"urlTemplate\":\"https:\\\/\\\/escolaturbula.com\\\/es\\\/?s={search_term_string}\"},\"query-input\":{\"@type\":\"PropertyValueSpecification\",\"valueRequired\":true,\"valueName\":\"search_term_string\"}}],\"inLanguage\":\"es\"},{\"@type\":\"Organization\",\"@id\":\"https:\\\/\\\/escolaturbula.com\\\/es\\\/#organization\",\"name\":\"Escola Turbula\",\"alternateName\":\"Escola Turbula\",\"url\":\"https:\\\/\\\/escolaturbula.com\\\/es\\\/\",\"logo\":{\"@type\":\"ImageObject\",\"inLanguage\":\"es\",\"@id\":\"https:\\\/\\\/escolaturbula.com\\\/es\\\/#\\\/schema\\\/logo\\\/image\\\/\",\"url\":\"https:\\\/\\\/escolaturbula.com\\\/wp-content\\\/uploads\\\/2015\\\/07\\\/logo_trbl-1.png\",\"contentUrl\":\"https:\\\/\\\/escolaturbula.com\\\/wp-content\\\/uploads\\\/2015\\\/07\\\/logo_trbl-1.png\",\"width\":282,\"height\":75,\"caption\":\"Escola Turbula\"},\"image\":{\"@id\":\"https:\\\/\\\/escolaturbula.com\\\/es\\\/#\\\/schema\\\/logo\\\/image\\\/\"},\"sameAs\":[\"https:\\\/\\\/www.facebook.com\\\/escola.turbula.oficial\\\/\",\"https:\\\/\\\/x.com\\\/turbula\"]}]}<\/script>\n<!-- \/ Yoast SEO plugin. -->","yoast_head_json":{"title":"Asesoramiento y reconocimiento - Escola T\u00farbula","robots":{"index":"index","follow":"follow","max-snippet":"max-snippet:-1","max-image-preview":"max-image-preview:large","max-video-preview":"max-video-preview:-1"},"canonical":"https:\/\/escolaturbula.com\/assesorament-i-reconeixement\/","og_locale":"es_ES","og_type":"article","og_title":"Asesoramiento y reconocimiento - Escola T\u00farbula","og_description":"[vc_row content_placement=&#8221;middle&#8221; css=&#8221;.vc_custom_1631691523057{margin-top: 8% !important;margin-bottom: 0px !important;padding-top: 5% !important;padding-bottom: 7% !important;background-color: #1879be !important;}&#8221; el_class=&#8221;gradient-bg&#8221;][vc_column css=&#8221;.vc_custom_1607593013976{margin-bottom: 0px !important;padding-bottom: 0px !important;}&#8221; el_class=&#8221;neuro-container&#8221;][vc_column_text el_class=&#8221;subtitle-turbula&#8221; css=&#8221;.vc_custom_1631691464672{margin-bottom: 0px !important;}&#8221;] asesoramiento en la Escuela T\u00farbula [\/vc_column_text][vc_column_text] Asesoramiento [\/vc_column_text][vc_raw_html]PHNwYW4gY2xhc3M9Imljb25vLWFzc2Vzb3JhbWVudCI+PC9zcGFuPg==[\/vc_raw_html][\/vc_column][\/vc_row][vc_row content_placement=&#8221;middle&#8221; css=&#8221;.vc_custom_1608806345506{margin-bottom: 0px !important;padding-top: 5% !important;padding-bottom: 2% !important;}&#8221;][vc_column &hellip;","og_url":"https:\/\/escolaturbula.com\/assesorament-i-reconeixement\/","og_site_name":"Escola T\u00farbula","article_publisher":"https:\/\/www.facebook.com\/escola.turbula.oficial\/","article_modified_time":"2022-09-20T08:39:59+00:00","twitter_card":"summary_large_image","twitter_site":"@turbula","twitter_misc":{"Tiempo de lectura":"4 minutos"},"schema":{"@context":"https:\/\/schema.org","@graph":[{"@type":"WebPage","@id":"https:\/\/escolaturbula.com\/assesorament-i-reconeixement\/","url":"https:\/\/escolaturbula.com\/assesorament-i-reconeixement\/","name":"Asesoramiento y reconocimiento - Escola T\u00farbula","isPartOf":{"@id":"https:\/\/escolaturbula.com\/es\/#website"},"datePublished":"2021-09-15T08:07:15+00:00","dateModified":"2022-09-20T08:39:59+00:00","inLanguage":"es","potentialAction":[{"@type":"ReadAction","target":["https:\/\/escolaturbula.com\/assesorament-i-reconeixement\/"]}]},{"@type":"WebSite","@id":"https:\/\/escolaturbula.com\/es\/#website","url":"https:\/\/escolaturbula.com\/es\/","name":"Escola Turbula","description":"Colegio privado en Sant Adri\u00e0 de Bes\u00f2s, Barcelona","publisher":{"@id":"https:\/\/escolaturbula.com\/es\/#organization"},"alternateName":"Escola Turbula","potentialAction":[{"@type":"SearchAction","target":{"@type":"EntryPoint","urlTemplate":"https:\/\/escolaturbula.com\/es\/?s={search_term_string}"},"query-input":{"@type":"PropertyValueSpecification","valueRequired":true,"valueName":"search_term_string"}}],"inLanguage":"es"},{"@type":"Organization","@id":"https:\/\/escolaturbula.com\/es\/#organization","name":"Escola Turbula","alternateName":"Escola Turbula","url":"https:\/\/escolaturbula.com\/es\/","logo":{"@type":"ImageObject","inLanguage":"es","@id":"https:\/\/escolaturbula.com\/es\/#\/schema\/logo\/image\/","url":"https:\/\/escolaturbula.com\/wp-content\/uploads\/2015\/07\/logo_trbl-1.png","contentUrl":"https:\/\/escolaturbula.com\/wp-content\/uploads\/2015\/07\/logo_trbl-1.png","width":282,"height":75,"caption":"Escola Turbula"},"image":{"@id":"https:\/\/escolaturbula.com\/es\/#\/schema\/logo\/image\/"},"sameAs":["https:\/\/www.facebook.com\/escola.turbula.oficial\/","https:\/\/x.com\/turbula"]}]}},"_links":{"self":[{"href":"https:\/\/escolaturbula.com\/es\/wp-json\/wp\/v2\/pages\/20036","targetHints":{"allow":["GET"]}}],"collection":[{"href":"https:\/\/escolaturbula.com\/es\/wp-json\/wp\/v2\/pages"}],"about":[{"href":"https:\/\/escolaturbula.com\/es\/wp-json\/wp\/v2\/types\/page"}],"author":[{"embeddable":true,"href":"https:\/\/escolaturbula.com\/es\/wp-json\/wp\/v2\/users\/1"}],"replies":[{"embeddable":true,"href":"https:\/\/escolaturbula.com\/es\/wp-json\/wp\/v2\/comments?post=20036"}],"version-history":[{"count":7,"href":"https:\/\/escolaturbula.com\/es\/wp-json\/wp\/v2\/pages\/20036\/revisions"}],"predecessor-version":[{"id":22598,"href":"https:\/\/escolaturbula.com\/es\/wp-json\/wp\/v2\/pages\/20036\/revisions\/22598"}],"wp:attachment":[{"href":"https:\/\/escolaturbula.com\/es\/wp-json\/wp\/v2\/media?parent=20036"}],"curies":[{"name":"wp","href":"https:\/\/api.w.org\/{rel}","templated":true}]}}