{"id":21274,"date":"2022-07-05T08:08:26","date_gmt":"2022-07-05T08:08:26","guid":{"rendered":"https:\/\/escolaturbula.com\/servicios\/club-de-mediodia\/"},"modified":"2024-09-03T07:51:51","modified_gmt":"2024-09-03T07:51:51","slug":"club-de-mediodia","status":"publish","type":"page","link":"https:\/\/escolaturbula.com\/es\/servicios\/club-de-mediodia\/","title":{"rendered":"Club de Mediod\u00eda"},"content":{"rendered":"<div class=\"wpb-content-wrapper\"><p>[vc_row css=&#8221;.vc_custom_1595923894303{padding-top: 6% !important;padding-bottom: 2% !important;}&#8221;][vc_column width=&#8221;1\/6&#8243;][\/vc_column][vc_column width=&#8221;2\/3&#8243;][vc_column_text el_class=&#8221;subtitle-turbula&#8221; css=&#8221;.vc_custom_1631519675840{margin-bottom: 0px !important;}&#8221;]<\/p>\n<h6 class=\"subtitle-turbula\" style=\"text-align: center;\">TENEMOS CUIDADO DE NUESTROS ESTUDIANTES<\/h6>\n<p>[\/vc_column_text][vc_column_text css_animation=&#8221;fadeInUp&#8221; css=&#8221;.vc_custom_1631519664118{padding-bottom: 10px !important;}&#8221;]<\/p>\n<h2 class=\"accordeon-title-turbula\"><span class=\"s1\"><strong>Club de Mediod\u00eda<\/strong><\/span><\/h2>\n<p>[\/vc_column_text][vc_column_text]<\/p>\n<p style=\"text-align: center;\">El servicio del Club de Mediod\u00eda propone, adem\u00e1s del servicio de comedor, la realizaci\u00f3n de actividades con los alumnos cada d\u00eda lectivo entre las 13 y las 15 h.<\/p>\n<p style=\"texto-align: center;\"><strong>ALUMNOS FIJOS<\/strong><br \/>\nEl importe mensual se facturar\u00e1 junto con el recibo ordinario seg\u00fan el cuadro siguiente:<\/p>\n<p>[\/vc_column_text][vc_row_inner][vc_column_inner][vc_column_text css=&#8221;.vc_custom_1721649455234{margin-bottom: 15px !important;}&#8221;]<\/p>\n<div class=\"table-1\" style=\"padding-top: 2%;\">\n<table class=\"tg\" width=\"469\">\n<tbody>\n<tr>\n<td style=\"background-color: #1879be; color: white; font-weight: 600;\" colspan=\"6\" width=\"469\"><strong>PREUS CLUB DE MIGDIA &#8211; CURS 2024\/25<\/strong><\/td>\n<\/tr>\n<tr>\n<td colspan=\"2\" rowspan=\"3\" width=\"159\"><strong>Preu per alumne i dia<\/strong><\/td>\n<td colspan=\"2\"><strong>Club de migdia<\/strong><\/td>\n<td colspan=\"2\"><strong>Club de migdia &#8211; Plus<\/strong><\/td>\n<\/tr>\n<tr>\n<td><strong>Ordinari<\/strong><\/td>\n<td><strong>USEE<\/strong><\/td>\n<td><strong>Ordinari<\/strong><\/td>\n<td><strong>USEE<\/strong><\/td>\n<\/tr>\n<tr>\n<td><strong>\u00a0\u00a0\u00a0\u00a0\u00a0\u00a0 9,30 \u20ac <\/strong><\/td>\n<td><strong>\u00a0\u00a0\u00a0\u00a0\u00a0 13,50 \u20ac <\/strong><\/td>\n<td><strong>\u00a0\u00a0\u00a0\u00a0\u00a0\u00a0 12,96 \u20ac <\/strong><\/td>\n<td><strong>\u00a0\u00a0\u00a0\u00a0\u00a0 17,16 \u20ac <\/strong><\/td>\n<\/tr>\n<tr>\n<td><strong>MES<\/strong><\/td>\n<td><strong>Dies lec.<\/strong><\/td>\n<td><strong>Preu mes<\/strong><\/td>\n<td><strong>Preu mes<\/strong><\/td>\n<td><strong>Preu mes<\/strong><\/td>\n<td><strong>Preu mes<\/strong><\/td>\n<\/tr>\n<tr>\n<td>Setembre<\/td>\n<td>14<\/td>\n<td>\u00a0\u00a0\u00a0 130,20 \u20ac<\/td>\n<td>\u00a0\u00a0\u00a0 189,00 \u20ac<\/td>\n<td>\u00a0\u00a0\u00a0\u00a0\u00a0 181,44 \u20ac<\/td>\n<td>\u00a0\u00a0\u00a0 240,24 \u20ac<\/td>\n<\/tr>\n<tr>\n<td>Octubre<\/td>\n<td>23<\/td>\n<td>\u00a0\u00a0\u00a0 213,90 \u20ac<\/td>\n<td>\u00a0\u00a0\u00a0 310,50 \u20ac<\/td>\n<td>\u00a0\u00a0\u00a0\u00a0\u00a0 298,08 \u20ac<\/td>\n<td>\u00a0\u00a0\u00a0 394,68 \u20ac<\/td>\n<\/tr>\n<tr>\n<td>Novembre<\/td>\n<td>19<\/td>\n<td>\u00a0\u00a0\u00a0 176,70 \u20ac<\/td>\n<td>\u00a0\u00a0\u00a0 256,50 \u20ac<\/td>\n<td>\u00a0\u00a0\u00a0\u00a0\u00a0 246,24 \u20ac<\/td>\n<td>\u00a0\u00a0\u00a0 326,04 \u20ac<\/td>\n<\/tr>\n<tr>\n<td>Desembre<\/td>\n<td>13<\/td>\n<td>\u00a0\u00a0\u00a0 120,90 \u20ac<\/td>\n<td>\u00a0\u00a0\u00a0 175,50 \u20ac<\/td>\n<td>\u00a0\u00a0\u00a0\u00a0\u00a0 168,48 \u20ac<\/td>\n<td>\u00a0\u00a0\u00a0 223,08 \u20ac<\/td>\n<\/tr>\n<tr>\n<td>Gener<\/td>\n<td>18<\/td>\n<td>\u00a0\u00a0\u00a0 167,40 \u20ac<\/td>\n<td>\u00a0\u00a0\u00a0 243,00 \u20ac<\/td>\n<td>\u00a0\u00a0\u00a0\u00a0\u00a0 233,28 \u20ac<\/td>\n<td>\u00a0\u00a0\u00a0 308,88 \u20ac<\/td>\n<\/tr>\n<tr>\n<td>Febrer<\/td>\n<td>20<\/td>\n<td>\u00a0\u00a0\u00a0 186,00 \u20ac<\/td>\n<td>\u00a0\u00a0\u00a0 270,00 \u20ac<\/td>\n<td>\u00a0\u00a0\u00a0\u00a0\u00a0 259,20 \u20ac<\/td>\n<td>\u00a0\u00a0\u00a0 343,20 \u20ac<\/td>\n<\/tr>\n<tr>\n<td>Mar\u00e7<\/td>\n<td>20<\/td>\n<td>\u00a0\u00a0\u00a0 186,00 \u20ac<\/td>\n<td>\u00a0\u00a0\u00a0 270,00 \u20ac<\/td>\n<td>\u00a0\u00a0\u00a0\u00a0\u00a0 259,20 \u20ac<\/td>\n<td>\u00a0\u00a0\u00a0 343,20 \u20ac<\/td>\n<\/tr>\n<tr>\n<td>Abril<\/td>\n<td>16<\/td>\n<td>\u00a0\u00a0\u00a0 148,80 \u20ac<\/td>\n<td>\u00a0\u00a0\u00a0 216,00 \u20ac<\/td>\n<td>\u00a0\u00a0\u00a0\u00a0\u00a0 207,36 \u20ac<\/td>\n<td>\u00a0\u00a0\u00a0 274,56 \u20ac<\/td>\n<\/tr>\n<tr>\n<td>Maig<\/td>\n<td>20<\/td>\n<td>\u00a0\u00a0\u00a0 186,00 \u20ac<\/td>\n<td>\u00a0\u00a0\u00a0 270,00 \u20ac<\/td>\n<td>\u00a0\u00a0\u00a0\u00a0\u00a0 259,20 \u20ac<\/td>\n<td>\u00a0\u00a0\u00a0 343,20 \u20ac<\/td>\n<\/tr>\n<tr>\n<td>Juny<\/td>\n<td>14<\/td>\n<td>\u00a0\u00a0\u00a0 130,20 \u20ac<\/td>\n<td>\u00a0\u00a0\u00a0 189,00 \u20ac<\/td>\n<td>\u00a0\u00a0\u00a0\u00a0\u00a0 181,44 \u20ac<\/td>\n<td>\u00a0\u00a0\u00a0 240,24 \u20ac<\/td>\n<\/tr>\n<tr style=\"background-color: #1879be; color: white; font-weight: 600;\">\n<td style=\"background-color: #1879be; color: white; font-weight: 600;\"><strong>Totals<\/strong><\/td>\n<td style=\"background-color: #1879be; color: white; font-weight: 600;\"><strong>177<\/strong><\/td>\n<td style=\"background-color: #1879be; color: white; font-weight: 600;\"><strong>\u00a01.646,10 \u20ac <\/strong><\/td>\n<td style=\"background-color: #1879be; color: white; font-weight: 600;\"><strong>\u00a02.389,50 \u20ac <\/strong><\/td>\n<td style=\"background-color: #1879be; color: white; font-weight: 600;\"><strong>\u00a0\u00a0 2.293,92 \u20ac <\/strong><\/td>\n<td style=\"background-color: #1879be; color: white; font-weight: 600;\"><strong>\u00a03.037,32 \u20ac <\/strong><\/td>\n<\/tr>\n<tr style=\"background-color: #1879be !important; color: white; font-weight: 600;\">\n<td colspan=\"5\"><strong>Preu dia (alumnes no fixes)<\/strong><\/td>\n<td><strong>\u00a0\u00a0\u00a0\u00a0\u00a0 11,25 \u20ac<\/strong><\/td>\n<\/tr>\n<\/tbody>\n<\/table>\n<\/div>\n<p>[\/vc_column_text][vc_column_text][\/vc_column_text][\/vc_column_inner][\/vc_row_inner][\/vc_column][vc_column width=&#8221;1\/6&#8243;][\/vc_column][\/vc_row][vc_row content_placement=&#8221;top&#8221; css=&#8221;.vc_custom_1631522377922{padding-top: 4% !important;padding-bottom: 8% !important;}&#8221;][vc_column width=&#8221;5\/12&#8243; css=&#8221;.vc_custom_1601971892446{margin-right: -12% !important;}&#8221; el_class=&#8221;accordeon-image&#8221;][vc_single_image image=&#8221;14454&#8243; img_size=&#8221;full&#8221; alignment=&#8221;right&#8221;][\/vc_column][vc_column width=&#8221;7\/12&#8243; css=&#8221;.vc_custom_1612174683901{padding-top: 90px !important;padding-right: 90px !important;padding-bottom: 60px !important;padding-left: 120px !important;}&#8221; el_class=&#8221;sanitat-accordeon-container&#8221;][vc_row_inner content_placement=&#8221;middle&#8221;][vc_column_inner][vc_column_text css_animation=&#8221;none&#8221; el_class=&#8221;subtitle-turbula-white&#8221; css=&#8221;.vc_custom_1631521974848{margin-bottom: 0px !important;}&#8221;]<\/p>\n<h6 class=\"accordeon-subtitle-turbula\" style=\"text-align: left;\">TODAS LAS INFORMACI\u00d3N QUE NECESITA SOBRE EL CLUB<\/h6>\n<p>[\/vc_column_text][vc_column_text css_animation=&#8221;fadeInUp&#8221; css=&#8221;.vc_custom_1631521917746{padding-bottom: 10px !important;}&#8221; el_class=&#8221;title-turbula-white&#8221;]<\/p>\n<h2 class=\"accordeon-title-turbula\"><span class=\"s1\"><strong>Club de Migdia<\/strong><\/span><\/h2>\n<p>[\/vc_column_text][\/vc_column_inner][\/vc_row_inner][vc_tta_accordion style=&#8221;outline&#8221; shape=&#8221;square&#8221; color=&#8221;white&#8221; spacing=&#8221;15&#8243; gap=&#8221;10&#8243; c_icon=&#8221;triangle&#8221; active_section=&#8221;&#8221; collapsible_all=&#8221;true&#8221; el_class=&#8221;accordion-turbula&#8221;][vc_tta_section title=&#8221;Normas que se aceptan al inscribirse en el servicio&#8221; tab_id=&#8221;1602063476529-79ee41eb-57595753-e33b&#8221;][vc_column_text]<\/p>\n<ol class=\"ol1\">\n<li style=\"list-style-type: none;\">\n<ol class=\"ol1\">\n<li class=\"li1\"><span class=\"s1\">Es necesario realizar la inscripci\u00f3n al servicio antes del inicio de las clases, que se realiza exclusivamente a trav\u00e9s del correspondiente formulario disponible en la p\u00e1gina web de la escuela. <\/span><\/li>\n<li class=\"li1\"><span class=\"s1\">Durante el curso, las altas y las bajas deben comunicarse antes del d\u00eda 25 del mes anterior.<\/span><\/li>\n<li class=\"li1\"><span class=\"s1\">El precio del servicio se carga junto con el recibo escolar del mes.<\/span><\/li>\n<li class=\"li1\"><span class=\"s1\">Cada mes se presenta a cobro el importe correspondiente al mes anterior excepto el mes de septiembre, que se facturan 15 d\u00edas. <\/span><\/li>\n<li class=\"li1\"><span class=\"s1\">Salidas o excursiones: los alumnos fijos recibir\u00e1n una bolsa con el picnic.<\/span><\/li>\n<li class=\"li1\"><span class=\"s1\">Las faltas de asistencia de los alumnos fijos (incluidos los d\u00edas de salidas y excursiones) no dan derecho a recuperar el importe del Club de Mediod\u00eda ya que la Escuela pone a disposici\u00f3n el men\u00fa escolar en formato para llevar.<\/span><\/li>\n<li class=\"li1\"><span class=\"s1\">En caso de ausencia de larga duraci\u00f3n por enfermedad se podr\u00e1 solicitar el abono del importe del mes (calculado a precio de usuario fijo) y liquidar los d\u00edas asistidos a precio de usuario espor\u00e1dico.<\/span><\/li>\n<\/ol>\n<\/li>\n<\/ol>\n<p><span class=\"s1\">Salvo los casos de fuerza mayor y\/o urgencia, no se admitir\u00e1n alumnos al servicio de comedor en d\u00edas espor\u00e1dicos sin el correspondiente vale de comedor entregado previamente a Secretar\u00eda. En estos casos, deber\u00e1 liquidarse el importe del servicio el mismo d\u00eda.<\/span><\/p>\n<ul>\n<li class=\"li1\"><span class=\"s1\">La disponibilidad del servicio en los d\u00edas lectivos previos a los per\u00edodos de vacaciones escolares (Navidad, Semana Santa y Verano) es limitada. La escuela avisar\u00e1 previamente del n\u00famero de plazas disponibles para usuarios espor\u00e1dicos.<\/span><\/li>\n<li class=\"li1\"><span class=\"s1\">Durante el servicio se aplican las normas de convivencia del centro, con el r\u00e9gimen disciplinario correspondiente.<\/span><\/li>\n<\/ul>\n<p>&nbsp;[\/vc_column_text][\/vc_tta_section][vc_tta_section title=&#8221;D\u00edas espor\u00e1dicos&#8221; tab_id=&#8221;1602063476648-196b7d98-072e5753-e33b&#8221;][vc_column_text]<\/p>\n<p class=\"p1\">Para utilizar este servicio de manera eventual, las familias deben adquirir a trav\u00e9s de la Secretar\u00eda Virtual los tickets de comedor por adelantado. A final de curso se puede solicitar el retorno del importe correspondiente a los tiques no consumidos.<\/p>\n<p>[\/vc_column_text][\/vc_tta_section][vc_tta_section title=&#8221;Bata de comedor y s\u00e1bana&#8221; tab_id=&#8221;1602063476759-1b2a5a5b-77e65753-e33b&#8221;][vc_column_text]<\/p>\n<p class=\"p1\">Los alumnos\/as de Infantil usuarios del servicio deben comprar la bata especial de comedor en el distribuidor habitual de la uniformidad de la escuela. Los alumnos de I3, adem\u00e1s, deben llevar una s\u00e1bana para dormir la siesta.<\/p>\n<p>[\/vc_column_text][\/vc_tta_section][vc_tta_section title=&#8221;Ayudas&#8221; tab_id=&#8221;1602063476873-94b2b230-43115753-e33b&#8221;][vc_column_text]<\/p>\n<p class=\"p1\">Se pueden obtener ayudas de la Administraci\u00f3n para sufragar el coste del comedor escolar. En Secretar\u00eda del centro le indicar\u00e1n los plazos de solicitud as\u00ed como la documentaci\u00f3n a aportar.<\/p>\n<p>[\/vc_column_text][\/vc_tta_section][\/vc_tta_accordion][vc_empty_space height=&#8221;25px&#8221;][vc_column_text]<a style=\"color: #fbc809; fuente-weight: 500;\" href=\"https:\/\/docs.google.com\/forms\/d\/e\/1FAIpQLSdbdhhv4GHk3uaiJK0fW_-MrBQy5i31CD2FK9J7NOlt1ovQqg\/viewform\">Formulario de alta en el servicio <i class=\"fa fa-arrow-cir color: #fbc809;\" aria-hidden=\"true\"><\/i><\/a>[\/vc_column_text][\/vc_column][\/vc_row][vc_row full_width=&#8221;stretch_row&#8221; content_placement=&#8221;middle&#8221; css=&#8221;.vc_custom_1608629489440{margin-top: 9% !important;padding-top: 2% !important;padding-bottom: 2% !important;background-image: url(http:\/\/escolaturbula.com\/wp-content\/uploads\/2020\/12\/escola-turbula-cta-contactos-ninos.jpg?id=12701) !important;background-position: center !important;background-repeat: no-repeat !important;background-size: cover !important;}&#8221; el_class=&#8221;thim-bg-overlay cta-contact&#8221;][vc_column][vc_row_inner equal_height=&#8221;yes&#8221; content_placement=&#8221;middle&#8221;][vc_column_inner width=&#8221;1\/2&#8243;][vc_column_text el_class=&#8221;subtitle-turbula&#8221; css=&#8221;.vc_custom_1611837012008{margin-bottom: 0px !important;}&#8221;]<\/p>\n<h6 class=\"subtitle-turbula\" style=\"text-align: left;\"><span style=\"color: #ffffff;\">CONTACTO<\/span><\/h6>\n<p>[\/vc_column_text][vc_column_text css_animation=&#8221;fadeInUp&#8221; css=&#8221;.vc_custom_1608554249617{padding-bottom: 10px !important;}&#8221;]<\/p>\n<h2 class=\"title-turbula\" style=\"text-align: left;\"><span style=\"color: #ffffff;\">\u00bfQuieres contactar con nosotros?<\/span><\/h2>\n<p>[\/vc_column_text][\/vc_column_inner][vc_column_inner el_class=&#8221;cta-contactanos-button&#8221; width=&#8221;1\/2&#8243;]<div class=\"thim-widget-button template-base\"><a class=\"widget-button very-rounded medium custom_style position-after\" href=\"\/turbula-test\/es\/contactos\/\" style=\"font-size: 14px;border-width: 1px;color: #ffffff;border-color: #ffffff;background-color: rgba(0,0,0,0.01);\" data-hover=\"font-size: 14px;border-width: 1px;color: #0274c8;border-color: #1e73be;background-color: #ffffff;\">CONT\u00c1CTANOS<i class=\"fas fa-envelope\" style=\"font-size: 14px;\"><\/i> <\/a><\/div>[\/vc_column_inner][\/vc_row_inner][vc_row_inner content_placement=&#8221;middle&#8221; css=&#8221;.vc_custom_1608555702803{padding-top: 20px !important;padding-bottom: 20px !important;}&#8221;][vc_column_inner width=&#8221;1\/6&#8243;][\/vc_column_inner][vc_column_inner el_class=&#8221;social-contacts&#8221; width=&#8221;4\/6&#8243;][vc_column_text el_class=&#8221;cta-text&#8221;]<\/p>\n<p style=\"font-size: 1.3em; text-align: left; display: inline-block;\"><span style=\"color: #2970aa;\"><strong>S\u00edguenos en las redes sociales:<\/strong><\/span><\/p>\n<p>[\/vc_column_text]<div class=\"vc-extral_class cta-social\"><div class=\"thim-widget-social template-base\"><div class=\"thim-social style-4\">\n\t\t<ul class=\"social_link\">\n\t\t<li><a class=\"facebook hasTooltip\" href=\"https:\/\/www.facebook.com\/escola.turbula.oficial\" target=\"_blank\"><i class=\"fa fa-facebook\"><\/i><\/a><\/li><li><a class=\"twitter hasTooltip\" href=\"https:\/\/twitter.com\/turbula?lang=es\" target=\"_blank\" ><i class=\"fa fa-x-twitter\"><\/i><\/a><\/li><li><a class=\"instagram hasTooltip\" href=\"https:\/\/www.instagram.com\/turbulaescola\/\" target=\"_blank\" ><i class=\"fa fa-instagram\"><\/i><\/a><\/li><li><a class=\"youtube hasTooltip\" href=\"https:\/\/www.youtube.com\/user\/TurbulaTV\" target=\"_blank\" ><i class=\"fa fa-youtube\"><\/i><\/a><\/li>\t<\/ul>\n<\/div><\/div><\/div>[\/vc_column_inner][vc_column_inner width=&#8221;1\/6&#8243;][\/vc_column_inner][\/vc_row_inner][\/vc_column][\/vc_row]<\/p>\n<\/div>","protected":false},"excerpt":{"rendered":"<p>[vc_row css=&#8221;.vc_custom_1595923894303{padding-top: 6% !important;padding-bottom: 2% !important;}&#8221;][vc_column width=&#8221;1\/6&#8243;][\/vc_column][vc_column width=&#8221;2\/3&#8243;][vc_column_text el_class=&#8221;subtitle-turbula&#8221; css=&#8221;.vc_custom_1631519675840{margin-bottom: 0px !important;}&#8221;] TENEMOS CUIDADO DE NUESTROS ESTUDIANTES [\/vc_column_text][vc_column_text css_animation=&#8221;fadeInUp&#8221; css=&#8221;.vc_custom_1631519664118{padding-bottom: 10px !important;}&#8221;] Club de Mediod\u00eda [\/vc_column_text][vc_column_text] El servicio del Club de Mediod\u00eda propone, adem\u00e1s del servicio de comedor, la realizaci\u00f3n &hellip; <\/p>\n","protected":false},"author":1,"featured_media":0,"parent":14303,"menu_order":0,"comment_status":"closed","ping_status":"closed","template":"","meta":{"footnotes":""},"class_list":["post-21274","page","type-page","status-publish","hentry"],"yoast_head":"<!-- This site is optimized with the Yoast SEO plugin v27.4 - https:\/\/yoast.com\/product\/yoast-seo-wordpress\/ -->\n<title>Club de Mediod\u00eda - Escola T\u00farbula<\/title>\n<meta name=\"robots\" content=\"index, follow, max-snippet:-1, max-image-preview:large, max-video-preview:-1\" \/>\n<link rel=\"canonical\" href=\"https:\/\/escolaturbula.com\/serveis\/club-del-migdia\/\" \/>\n<meta property=\"og:locale\" content=\"es_ES\" \/>\n<meta property=\"og:type\" content=\"article\" \/>\n<meta property=\"og:title\" content=\"Club de Mediod\u00eda - Escola T\u00farbula\" \/>\n<meta property=\"og:description\" content=\"[vc_row css=&#8221;.vc_custom_1595923894303{padding-top: 6% !important;padding-bottom: 2% !important;}&#8221;][vc_column width=&#8221;1\/6&#8243;][\/vc_column][vc_column width=&#8221;2\/3&#8243;][vc_column_text el_class=&#8221;subtitle-turbula&#8221; css=&#8221;.vc_custom_1631519675840{margin-bottom: 0px !important;}&#8221;] TENEMOS CUIDADO DE NUESTROS ESTUDIANTES [\/vc_column_text][vc_column_text css_animation=&#8221;fadeInUp&#8221; css=&#8221;.vc_custom_1631519664118{padding-bottom: 10px !important;}&#8221;] Club de Mediod\u00eda [\/vc_column_text][vc_column_text] El servicio del Club de Mediod\u00eda propone, adem\u00e1s del servicio de comedor, la realizaci\u00f3n &hellip;\" \/>\n<meta property=\"og:url\" content=\"https:\/\/escolaturbula.com\/serveis\/club-del-migdia\/\" \/>\n<meta property=\"og:site_name\" content=\"Escola T\u00farbula\" \/>\n<meta property=\"article:publisher\" content=\"https:\/\/www.facebook.com\/escola.turbula.oficial\/\" \/>\n<meta property=\"article:modified_time\" content=\"2024-09-03T07:51:51+00:00\" \/>\n<meta name=\"twitter:card\" content=\"summary_large_image\" \/>\n<meta name=\"twitter:site\" content=\"@turbula\" \/>\n<meta name=\"twitter:label1\" content=\"Tiempo de lectura\" \/>\n\t<meta name=\"twitter:data1\" content=\"6 minutos\" \/>\n<script type=\"application\/ld+json\" class=\"yoast-schema-graph\">{\"@context\":\"https:\\\/\\\/schema.org\",\"@graph\":[{\"@type\":\"WebPage\",\"@id\":\"https:\\\/\\\/escolaturbula.com\\\/serveis\\\/club-del-migdia\\\/\",\"url\":\"https:\\\/\\\/escolaturbula.com\\\/serveis\\\/club-del-migdia\\\/\",\"name\":\"Club de Mediod\u00eda - Escola T\u00farbula\",\"isPartOf\":{\"@id\":\"https:\\\/\\\/escolaturbula.com\\\/es\\\/#website\"},\"datePublished\":\"2022-07-05T08:08:26+00:00\",\"dateModified\":\"2024-09-03T07:51:51+00:00\",\"breadcrumb\":{\"@id\":\"https:\\\/\\\/escolaturbula.com\\\/serveis\\\/club-del-migdia\\\/#breadcrumb\"},\"inLanguage\":\"es\",\"potentialAction\":[{\"@type\":\"ReadAction\",\"target\":[\"https:\\\/\\\/escolaturbula.com\\\/serveis\\\/club-del-migdia\\\/\"]}]},{\"@type\":\"BreadcrumbList\",\"@id\":\"https:\\\/\\\/escolaturbula.com\\\/serveis\\\/club-del-migdia\\\/#breadcrumb\",\"itemListElement\":[{\"@type\":\"ListItem\",\"position\":1,\"name\":\"Servicios\",\"item\":\"https:\\\/\\\/escolaturbula.com\\\/serveis\\\/\"},{\"@type\":\"ListItem\",\"position\":2,\"name\":\"Club de Mediod\u00eda\"}]},{\"@type\":\"WebSite\",\"@id\":\"https:\\\/\\\/escolaturbula.com\\\/es\\\/#website\",\"url\":\"https:\\\/\\\/escolaturbula.com\\\/es\\\/\",\"name\":\"Escola Turbula\",\"description\":\"Colegio privado en Sant Adri\u00e0 de Bes\u00f2s, Barcelona\",\"publisher\":{\"@id\":\"https:\\\/\\\/escolaturbula.com\\\/es\\\/#organization\"},\"alternateName\":\"Escola Turbula\",\"potentialAction\":[{\"@type\":\"SearchAction\",\"target\":{\"@type\":\"EntryPoint\",\"urlTemplate\":\"https:\\\/\\\/escolaturbula.com\\\/es\\\/?s={search_term_string}\"},\"query-input\":{\"@type\":\"PropertyValueSpecification\",\"valueRequired\":true,\"valueName\":\"search_term_string\"}}],\"inLanguage\":\"es\"},{\"@type\":\"Organization\",\"@id\":\"https:\\\/\\\/escolaturbula.com\\\/es\\\/#organization\",\"name\":\"Escola Turbula\",\"alternateName\":\"Escola Turbula\",\"url\":\"https:\\\/\\\/escolaturbula.com\\\/es\\\/\",\"logo\":{\"@type\":\"ImageObject\",\"inLanguage\":\"es\",\"@id\":\"https:\\\/\\\/escolaturbula.com\\\/es\\\/#\\\/schema\\\/logo\\\/image\\\/\",\"url\":\"https:\\\/\\\/escolaturbula.com\\\/wp-content\\\/uploads\\\/2015\\\/07\\\/logo_trbl-1.png\",\"contentUrl\":\"https:\\\/\\\/escolaturbula.com\\\/wp-content\\\/uploads\\\/2015\\\/07\\\/logo_trbl-1.png\",\"width\":282,\"height\":75,\"caption\":\"Escola Turbula\"},\"image\":{\"@id\":\"https:\\\/\\\/escolaturbula.com\\\/es\\\/#\\\/schema\\\/logo\\\/image\\\/\"},\"sameAs\":[\"https:\\\/\\\/www.facebook.com\\\/escola.turbula.oficial\\\/\",\"https:\\\/\\\/x.com\\\/turbula\"]}]}<\/script>\n<!-- \/ Yoast SEO plugin. -->","yoast_head_json":{"title":"Club de Mediod\u00eda - Escola T\u00farbula","robots":{"index":"index","follow":"follow","max-snippet":"max-snippet:-1","max-image-preview":"max-image-preview:large","max-video-preview":"max-video-preview:-1"},"canonical":"https:\/\/escolaturbula.com\/serveis\/club-del-migdia\/","og_locale":"es_ES","og_type":"article","og_title":"Club de Mediod\u00eda - Escola T\u00farbula","og_description":"[vc_row css=&#8221;.vc_custom_1595923894303{padding-top: 6% !important;padding-bottom: 2% !important;}&#8221;][vc_column width=&#8221;1\/6&#8243;][\/vc_column][vc_column width=&#8221;2\/3&#8243;][vc_column_text el_class=&#8221;subtitle-turbula&#8221; css=&#8221;.vc_custom_1631519675840{margin-bottom: 0px !important;}&#8221;] TENEMOS CUIDADO DE NUESTROS ESTUDIANTES [\/vc_column_text][vc_column_text css_animation=&#8221;fadeInUp&#8221; css=&#8221;.vc_custom_1631519664118{padding-bottom: 10px !important;}&#8221;] Club de Mediod\u00eda [\/vc_column_text][vc_column_text] El servicio del Club de Mediod\u00eda propone, adem\u00e1s del servicio de comedor, la realizaci\u00f3n &hellip;","og_url":"https:\/\/escolaturbula.com\/serveis\/club-del-migdia\/","og_site_name":"Escola T\u00farbula","article_publisher":"https:\/\/www.facebook.com\/escola.turbula.oficial\/","article_modified_time":"2024-09-03T07:51:51+00:00","twitter_card":"summary_large_image","twitter_site":"@turbula","twitter_misc":{"Tiempo de lectura":"6 minutos"},"schema":{"@context":"https:\/\/schema.org","@graph":[{"@type":"WebPage","@id":"https:\/\/escolaturbula.com\/serveis\/club-del-migdia\/","url":"https:\/\/escolaturbula.com\/serveis\/club-del-migdia\/","name":"Club de Mediod\u00eda - Escola T\u00farbula","isPartOf":{"@id":"https:\/\/escolaturbula.com\/es\/#website"},"datePublished":"2022-07-05T08:08:26+00:00","dateModified":"2024-09-03T07:51:51+00:00","breadcrumb":{"@id":"https:\/\/escolaturbula.com\/serveis\/club-del-migdia\/#breadcrumb"},"inLanguage":"es","potentialAction":[{"@type":"ReadAction","target":["https:\/\/escolaturbula.com\/serveis\/club-del-migdia\/"]}]},{"@type":"BreadcrumbList","@id":"https:\/\/escolaturbula.com\/serveis\/club-del-migdia\/#breadcrumb","itemListElement":[{"@type":"ListItem","position":1,"name":"Servicios","item":"https:\/\/escolaturbula.com\/serveis\/"},{"@type":"ListItem","position":2,"name":"Club de Mediod\u00eda"}]},{"@type":"WebSite","@id":"https:\/\/escolaturbula.com\/es\/#website","url":"https:\/\/escolaturbula.com\/es\/","name":"Escola Turbula","description":"Colegio privado en Sant Adri\u00e0 de Bes\u00f2s, Barcelona","publisher":{"@id":"https:\/\/escolaturbula.com\/es\/#organization"},"alternateName":"Escola Turbula","potentialAction":[{"@type":"SearchAction","target":{"@type":"EntryPoint","urlTemplate":"https:\/\/escolaturbula.com\/es\/?s={search_term_string}"},"query-input":{"@type":"PropertyValueSpecification","valueRequired":true,"valueName":"search_term_string"}}],"inLanguage":"es"},{"@type":"Organization","@id":"https:\/\/escolaturbula.com\/es\/#organization","name":"Escola Turbula","alternateName":"Escola Turbula","url":"https:\/\/escolaturbula.com\/es\/","logo":{"@type":"ImageObject","inLanguage":"es","@id":"https:\/\/escolaturbula.com\/es\/#\/schema\/logo\/image\/","url":"https:\/\/escolaturbula.com\/wp-content\/uploads\/2015\/07\/logo_trbl-1.png","contentUrl":"https:\/\/escolaturbula.com\/wp-content\/uploads\/2015\/07\/logo_trbl-1.png","width":282,"height":75,"caption":"Escola Turbula"},"image":{"@id":"https:\/\/escolaturbula.com\/es\/#\/schema\/logo\/image\/"},"sameAs":["https:\/\/www.facebook.com\/escola.turbula.oficial\/","https:\/\/x.com\/turbula"]}]}},"_links":{"self":[{"href":"https:\/\/escolaturbula.com\/es\/wp-json\/wp\/v2\/pages\/21274","targetHints":{"allow":["GET"]}}],"collection":[{"href":"https:\/\/escolaturbula.com\/es\/wp-json\/wp\/v2\/pages"}],"about":[{"href":"https:\/\/escolaturbula.com\/es\/wp-json\/wp\/v2\/types\/page"}],"author":[{"embeddable":true,"href":"https:\/\/escolaturbula.com\/es\/wp-json\/wp\/v2\/users\/1"}],"replies":[{"embeddable":true,"href":"https:\/\/escolaturbula.com\/es\/wp-json\/wp\/v2\/comments?post=21274"}],"version-history":[{"count":20,"href":"https:\/\/escolaturbula.com\/es\/wp-json\/wp\/v2\/pages\/21274\/revisions"}],"predecessor-version":[{"id":25993,"href":"https:\/\/escolaturbula.com\/es\/wp-json\/wp\/v2\/pages\/21274\/revisions\/25993"}],"up":[{"embeddable":true,"href":"https:\/\/escolaturbula.com\/es\/wp-json\/wp\/v2\/pages\/14303"}],"wp:attachment":[{"href":"https:\/\/escolaturbula.com\/es\/wp-json\/wp\/v2\/media?parent=21274"}],"curies":[{"name":"wp","href":"https:\/\/api.w.org\/{rel}","templated":true}]}}