{"id":23353,"date":"2023-03-31T11:19:46","date_gmt":"2023-03-31T11:19:46","guid":{"rendered":"https:\/\/escolaturbula.com\/consulta-el-estado-de-tu-titulo\/"},"modified":"2023-03-31T11:34:53","modified_gmt":"2023-03-31T11:34:53","slug":"consulta-el-estado-de-tu-titulo","status":"publish","type":"page","link":"https:\/\/escolaturbula.com\/es\/consulta-el-estado-de-tu-titulo\/","title":{"rendered":"Consulta el estado de tu t\u00edtulo"},"content":{"rendered":"<div class=\"wpb-content-wrapper\"><p>[vc_row][vc_column][vc_column_text]<\/p>\n<h2 class=\"heading__primary\" style=\"text-align: center;\">Consulta el estado de tu t\u00edtulo<\/h2>\n<p>[\/vc_column_text][vc_column_text]<\/p>\n<div class=\"page\" title=\"Page 1\">\n<table>\n<tbody>\n<tr>\n<td style=\"background-color: #0f74ba; color: white; fuente-weight: bold;\">\n<div class=\"layoutArea\">\n<div class=\"column\">\n<p>24\/03\/2023<\/p>\n<\/div>\n<\/div>\n<\/td>\n<td style=\"background-color: #0f74ba; color: white; fuente-weight: bold;\">\n<div class=\"layoutArea\">\n<div class=\"column\">\n<p>EXPEDICI\u00d3N DE T\u00cdTULOS<\/p>\n<\/div>\n<\/div>\n<\/td>\n<\/tr>\n<tr>\n<td colspan=\"2\" rowspan=\"1\">\n<div class=\"layoutArea\">\n<div class=\"column\" style=\"margin-bottom: 30px;\">\n<p>Le comunicamos que la licitaci\u00f3n del a\u00f1o 2022 que ten\u00eda por objeto la contrataci\u00f3n del servicio de expedici\u00f3n de t\u00edtulos acad\u00e9micos oficiales no universitarios, tambi\u00e9n fue objeto de un recurso especial en materia de contrataci\u00f3n. Como consecuencia de la dilaci\u00f3n en el tiempo que supuso para la licitaci\u00f3n la interposici\u00f3n de este recurso, el Departamento de Educaci\u00f3n resolvi\u00f3 su desistencia.<\/p>\n<p>Por este motivo, no se han podido expedir t\u00edtulos acad\u00e9micos oficiales durante todo el a\u00f1o 2021 y 2022 y no se podr\u00e1n expedir durante gran parte del a\u00f1o 2023.<\/p>\n<\/div>\n<\/div>\n<\/td>\n<\/tr>\n<tr>\n<td style=\"background-color: #0f74ba; color: white; fuente-weight: bold;\">\n<div class=\"layoutArea\">\n<div class=\"column\">\n<p>01\/11\/2022<\/p>\n<\/div>\n<\/div>\n<\/td>\n<td style=\"background-color: #0f74ba; color: white; fuente-weight: bold;\">\n<div class=\"layoutArea\">\n<div class=\"column\">\n<p>EXPEDICI\u00d3N DE T\u00cdTULOS<\/p>\n<\/div>\n<\/div>\n<\/td>\n<\/tr>\n<tr>\n<td colspan=\"2\" rowspan=\"1\">\n<div class=\"layoutArea\">\n<div class=\"column\" style=\"margin-bottom: 30px;\">\n<p>Le comunicamos que la licitaci\u00f3n del a\u00f1o 2020 que ten\u00eda por objeto la contrataci\u00f3n del servicio de expedici\u00f3n de t\u00edtulos acad\u00e9micos oficiales no universitarios, fue objeto de un recurso especial en materia de contrataci\u00f3n. Como consecuencia de la dilaci\u00f3n en el tiempo que supuso para la licitaci\u00f3n la interposici\u00f3n de este recurso, el Departamento de Educaci\u00f3n resolvi\u00f3 su desistencia.<\/p>\n<p>Por este motivo, no se han podido expedir t\u00edtulos acad\u00e9micos oficiales durante todo el a\u00f1o 2021 y no se podr\u00e1n expedir durante gran parte del a\u00f1o 2022.<\/p>\n<\/div>\n<\/div>\n<\/td>\n<\/tr>\n<\/tbody>\n<\/table>\n<\/div>\n<p>[\/vc_column_text][vc_column_text]<\/p>\n<p style=\"text-align: center;\">Rellena <strong><a style=\"font-weight: 600;\" href=\"https:\/\/docs.google.com\/forms\/d\/e\/1FAIpQLSd6OvSFkyb7NaFaai-fVkvz123RbCR-BRnfW7Eus9MNdFlh2w\/viewform\" target=\"_blank\" rel=\"noopener\">el formulario<\/a> <\/strong>para consultar el status de tu t\u00edtulo.<\/p>\n<p>[\/vc_column_text][\/vc_column][\/vc_row][vc_row full_width=&#8221;stretch_row&#8221; content_placement=&#8221;middle&#8221; css=&#8221;.vc_custom_1608629489440{margin-top: 9% !important;padding-top: 2% !important;padding-bottom: 2% !important;background-image: url(http:\/\/escolaturbula.com\/wp-content\/uploads\/2020\/12\/escola-turbula-cta-contactos-ninos.jpg?id=12701) !important;background-position: center !important;background-repeat: no-repeat !important;background-size: cover !important;}&#8221; el_class=&#8221;thim-bg-overlay cta-contact&#8221;][vc_column][vc_row_inner equal_height=&#8221;yes&#8221; content_placement=&#8221;middle&#8221;][vc_column_inner width=&#8221;1\/2&#8243;][vc_column_text el_class=&#8221;subtitle-turbula&#8221; css=&#8221;.vc_custom_1611837012008{margin-bottom: 0px !important;}&#8221;]<\/p>\n<h6 class=\"subtitle-turbula\" style=\"text-align: left;\"><span style=\"color: #ffffff;\">CONTACTOS<\/span><\/h6>\n<p>[\/vc_column_text][vc_column_text css_animation=&#8221;fadeInUp&#8221; css=&#8221;.vc_custom_1608554249617{padding-bottom: 10px !important;}&#8221;]<\/p>\n<h2 class=\"title-turbula\" style=\"text-align: left;\"><span style=\"color: #ffffff;\">\u00bfQuieres contactar con nosotros?<\/span><\/h2>\n<p>[\/vc_column_text][\/vc_column_inner][vc_column_inner el_class=&#8221;cta-contactanos-button&#8221; width=&#8221;1\/2&#8243;]<div class=\"thim-widget-button template-base\"><a class=\"widget-button very-rounded medium custom_style position-after\" href=\"\/es\/contactos\/\" style=\"font-size: 14px;border-width: 1px;color: #ffffff;border-color: #ffffff;background-color: rgba(0,0,0,0.01);\" data-hover=\"font-size: 14px;border-width: 1px;color: #0274c8;border-color: #1e73be;background-color: #ffffff;\">CONT\u00c1CTANOS<i class=\"fas fa-envelope\" style=\"font-size: 14px;\"><\/i> <\/a><\/div>[\/vc_column_inner][\/vc_row_inner][vc_row_inner content_placement=&#8221;middle&#8221; css=&#8221;.vc_custom_1608555702803{padding-top: 20px !important;padding-bottom: 20px !important;}&#8221;][vc_column_inner width=&#8221;1\/6&#8243;][\/vc_column_inner][vc_column_inner el_class=&#8221;social-contacts&#8221; width=&#8221;4\/6&#8243;][vc_column_text el_class=&#8221;cta-text&#8221;]<\/p>\n<p style=\"font-size: 1.3em; text-align: left; display: inline-block;\"><span style=\"color: #2970aa;\"><strong>S\u00edguenos en las redes sociales:<\/strong><\/span><\/p>\n<p>[\/vc_column_text]<div class=\"vc-extral_class cta-social\"><div class=\"thim-widget-social template-base\"><div class=\"thim-social style-4\">\n\t\t<ul class=\"social_link\">\n\t\t<li><a class=\"facebook hasTooltip\" href=\"https:\/\/www.facebook.com\/escola.turbula.oficial\" target=\"_blank\"><i class=\"fa fa-facebook\"><\/i><\/a><\/li><li><a class=\"twitter hasTooltip\" href=\"https:\/\/twitter.com\/turbula?lang=es\" target=\"_blank\" ><i class=\"fa fa-x-twitter\"><\/i><\/a><\/li><li><a class=\"instagram hasTooltip\" href=\"https:\/\/www.instagram.com\/turbulaescola\/\" target=\"_blank\" ><i class=\"fa fa-instagram\"><\/i><\/a><\/li><li><a class=\"youtube hasTooltip\" href=\"https:\/\/www.youtube.com\/user\/TurbulaTV\" target=\"_blank\" ><i class=\"fa fa-youtube\"><\/i><\/a><\/li>\t<\/ul>\n<\/div><\/div><\/div>[\/vc_column_inner][vc_column_inner width=&#8221;1\/6&#8243;][\/vc_column_inner][\/vc_row_inner][\/vc_column][\/vc_row]<\/p>\n<\/div>","protected":false},"excerpt":{"rendered":"<p>[vc_row][vc_column][vc_column_text] Consulta el estado de tu t\u00edtulo [\/vc_column_text][vc_column_text] 24\/03\/2023 EXPEDICI\u00d3N DE T\u00cdTULOS Le comunicamos que la licitaci\u00f3n del a\u00f1o 2022 que ten\u00eda por objeto la contrataci\u00f3n del servicio de expedici\u00f3n de t\u00edtulos acad\u00e9micos oficiales no universitarios, tambi\u00e9n fue objeto de &hellip; <\/p>\n","protected":false},"author":1,"featured_media":0,"parent":0,"menu_order":0,"comment_status":"closed","ping_status":"closed","template":"","meta":{"footnotes":""},"class_list":["post-23353","page","type-page","status-publish","hentry"],"yoast_head":"<!-- This site is optimized with the Yoast SEO plugin v27.3 - https:\/\/yoast.com\/product\/yoast-seo-wordpress\/ -->\n<title>Consulta el estado de tu t\u00edtulo - Escola T\u00farbula<\/title>\n<meta name=\"robots\" content=\"index, follow, max-snippet:-1, max-image-preview:large, max-video-preview:-1\" \/>\n<link rel=\"canonical\" href=\"https:\/\/escolaturbula.com\/es\/consulta-el-estado-de-tu-titulo\/\" \/>\n<meta property=\"og:locale\" content=\"es_ES\" \/>\n<meta property=\"og:type\" content=\"article\" \/>\n<meta property=\"og:title\" content=\"Consulta el estado de tu t\u00edtulo - Escola T\u00farbula\" \/>\n<meta property=\"og:description\" content=\"[vc_row][vc_column][vc_column_text] Consulta el estado de tu t\u00edtulo [\/vc_column_text][vc_column_text] 24\/03\/2023 EXPEDICI\u00d3N DE T\u00cdTULOS Le comunicamos que la licitaci\u00f3n del a\u00f1o 2022 que ten\u00eda por objeto la contrataci\u00f3n del servicio de expedici\u00f3n de t\u00edtulos acad\u00e9micos oficiales no universitarios, tambi\u00e9n fue objeto de &hellip;\" \/>\n<meta property=\"og:url\" content=\"https:\/\/escolaturbula.com\/es\/consulta-el-estado-de-tu-titulo\/\" \/>\n<meta property=\"og:site_name\" content=\"Escola T\u00farbula\" \/>\n<meta property=\"article:publisher\" content=\"https:\/\/www.facebook.com\/escola.turbula.oficial\/\" \/>\n<meta property=\"article:modified_time\" content=\"2023-03-31T11:34:53+00:00\" \/>\n<meta name=\"twitter:card\" content=\"summary_large_image\" \/>\n<meta name=\"twitter:site\" content=\"@turbula\" \/>\n<meta name=\"twitter:label1\" content=\"Tiempo de lectura\" \/>\n\t<meta name=\"twitter:data1\" content=\"2 minutos\" \/>\n<script type=\"application\/ld+json\" class=\"yoast-schema-graph\">{\"@context\":\"https:\\\/\\\/schema.org\",\"@graph\":[{\"@type\":\"WebPage\",\"@id\":\"https:\\\/\\\/escolaturbula.com\\\/es\\\/consulta-el-estado-de-tu-titulo\\\/\",\"url\":\"https:\\\/\\\/escolaturbula.com\\\/es\\\/consulta-el-estado-de-tu-titulo\\\/\",\"name\":\"Consulta el estado de tu t\u00edtulo - Escola T\u00farbula\",\"isPartOf\":{\"@id\":\"https:\\\/\\\/escolaturbula.com\\\/es\\\/#website\"},\"datePublished\":\"2023-03-31T11:19:46+00:00\",\"dateModified\":\"2023-03-31T11:34:53+00:00\",\"inLanguage\":\"es\",\"potentialAction\":[{\"@type\":\"ReadAction\",\"target\":[\"https:\\\/\\\/escolaturbula.com\\\/es\\\/consulta-el-estado-de-tu-titulo\\\/\"]}]},{\"@type\":\"WebSite\",\"@id\":\"https:\\\/\\\/escolaturbula.com\\\/es\\\/#website\",\"url\":\"https:\\\/\\\/escolaturbula.com\\\/es\\\/\",\"name\":\"Escola Turbula\",\"description\":\"Colegio privado en Sant Adri\u00e0 de Bes\u00f2s, Barcelona\",\"publisher\":{\"@id\":\"https:\\\/\\\/escolaturbula.com\\\/es\\\/#organization\"},\"alternateName\":\"Escola Turbula\",\"potentialAction\":[{\"@type\":\"SearchAction\",\"target\":{\"@type\":\"EntryPoint\",\"urlTemplate\":\"https:\\\/\\\/escolaturbula.com\\\/es\\\/?s={search_term_string}\"},\"query-input\":{\"@type\":\"PropertyValueSpecification\",\"valueRequired\":true,\"valueName\":\"search_term_string\"}}],\"inLanguage\":\"es\"},{\"@type\":\"Organization\",\"@id\":\"https:\\\/\\\/escolaturbula.com\\\/es\\\/#organization\",\"name\":\"Escola Turbula\",\"alternateName\":\"Escola Turbula\",\"url\":\"https:\\\/\\\/escolaturbula.com\\\/es\\\/\",\"logo\":{\"@type\":\"ImageObject\",\"inLanguage\":\"es\",\"@id\":\"https:\\\/\\\/escolaturbula.com\\\/es\\\/#\\\/schema\\\/logo\\\/image\\\/\",\"url\":\"https:\\\/\\\/escolaturbula.com\\\/wp-content\\\/uploads\\\/2015\\\/07\\\/logo_trbl-1.png\",\"contentUrl\":\"https:\\\/\\\/escolaturbula.com\\\/wp-content\\\/uploads\\\/2015\\\/07\\\/logo_trbl-1.png\",\"width\":282,\"height\":75,\"caption\":\"Escola Turbula\"},\"image\":{\"@id\":\"https:\\\/\\\/escolaturbula.com\\\/es\\\/#\\\/schema\\\/logo\\\/image\\\/\"},\"sameAs\":[\"https:\\\/\\\/www.facebook.com\\\/escola.turbula.oficial\\\/\",\"https:\\\/\\\/x.com\\\/turbula\"]}]}<\/script>\n<!-- \/ Yoast SEO plugin. -->","yoast_head_json":{"title":"Consulta el estado de tu t\u00edtulo - Escola T\u00farbula","robots":{"index":"index","follow":"follow","max-snippet":"max-snippet:-1","max-image-preview":"max-image-preview:large","max-video-preview":"max-video-preview:-1"},"canonical":"https:\/\/escolaturbula.com\/es\/consulta-el-estado-de-tu-titulo\/","og_locale":"es_ES","og_type":"article","og_title":"Consulta el estado de tu t\u00edtulo - Escola T\u00farbula","og_description":"[vc_row][vc_column][vc_column_text] Consulta el estado de tu t\u00edtulo [\/vc_column_text][vc_column_text] 24\/03\/2023 EXPEDICI\u00d3N DE T\u00cdTULOS Le comunicamos que la licitaci\u00f3n del a\u00f1o 2022 que ten\u00eda por objeto la contrataci\u00f3n del servicio de expedici\u00f3n de t\u00edtulos acad\u00e9micos oficiales no universitarios, tambi\u00e9n fue objeto de &hellip;","og_url":"https:\/\/escolaturbula.com\/es\/consulta-el-estado-de-tu-titulo\/","og_site_name":"Escola T\u00farbula","article_publisher":"https:\/\/www.facebook.com\/escola.turbula.oficial\/","article_modified_time":"2023-03-31T11:34:53+00:00","twitter_card":"summary_large_image","twitter_site":"@turbula","twitter_misc":{"Tiempo de lectura":"2 minutos"},"schema":{"@context":"https:\/\/schema.org","@graph":[{"@type":"WebPage","@id":"https:\/\/escolaturbula.com\/es\/consulta-el-estado-de-tu-titulo\/","url":"https:\/\/escolaturbula.com\/es\/consulta-el-estado-de-tu-titulo\/","name":"Consulta el estado de tu t\u00edtulo - Escola T\u00farbula","isPartOf":{"@id":"https:\/\/escolaturbula.com\/es\/#website"},"datePublished":"2023-03-31T11:19:46+00:00","dateModified":"2023-03-31T11:34:53+00:00","inLanguage":"es","potentialAction":[{"@type":"ReadAction","target":["https:\/\/escolaturbula.com\/es\/consulta-el-estado-de-tu-titulo\/"]}]},{"@type":"WebSite","@id":"https:\/\/escolaturbula.com\/es\/#website","url":"https:\/\/escolaturbula.com\/es\/","name":"Escola Turbula","description":"Colegio privado en Sant Adri\u00e0 de Bes\u00f2s, Barcelona","publisher":{"@id":"https:\/\/escolaturbula.com\/es\/#organization"},"alternateName":"Escola Turbula","potentialAction":[{"@type":"SearchAction","target":{"@type":"EntryPoint","urlTemplate":"https:\/\/escolaturbula.com\/es\/?s={search_term_string}"},"query-input":{"@type":"PropertyValueSpecification","valueRequired":true,"valueName":"search_term_string"}}],"inLanguage":"es"},{"@type":"Organization","@id":"https:\/\/escolaturbula.com\/es\/#organization","name":"Escola Turbula","alternateName":"Escola Turbula","url":"https:\/\/escolaturbula.com\/es\/","logo":{"@type":"ImageObject","inLanguage":"es","@id":"https:\/\/escolaturbula.com\/es\/#\/schema\/logo\/image\/","url":"https:\/\/escolaturbula.com\/wp-content\/uploads\/2015\/07\/logo_trbl-1.png","contentUrl":"https:\/\/escolaturbula.com\/wp-content\/uploads\/2015\/07\/logo_trbl-1.png","width":282,"height":75,"caption":"Escola Turbula"},"image":{"@id":"https:\/\/escolaturbula.com\/es\/#\/schema\/logo\/image\/"},"sameAs":["https:\/\/www.facebook.com\/escola.turbula.oficial\/","https:\/\/x.com\/turbula"]}]}},"_links":{"self":[{"href":"https:\/\/escolaturbula.com\/es\/wp-json\/wp\/v2\/pages\/23353","targetHints":{"allow":["GET"]}}],"collection":[{"href":"https:\/\/escolaturbula.com\/es\/wp-json\/wp\/v2\/pages"}],"about":[{"href":"https:\/\/escolaturbula.com\/es\/wp-json\/wp\/v2\/types\/page"}],"author":[{"embeddable":true,"href":"https:\/\/escolaturbula.com\/es\/wp-json\/wp\/v2\/users\/1"}],"replies":[{"embeddable":true,"href":"https:\/\/escolaturbula.com\/es\/wp-json\/wp\/v2\/comments?post=23353"}],"version-history":[{"count":2,"href":"https:\/\/escolaturbula.com\/es\/wp-json\/wp\/v2\/pages\/23353\/revisions"}],"predecessor-version":[{"id":23355,"href":"https:\/\/escolaturbula.com\/es\/wp-json\/wp\/v2\/pages\/23353\/revisions\/23355"}],"wp:attachment":[{"href":"https:\/\/escolaturbula.com\/es\/wp-json\/wp\/v2\/media?parent=23353"}],"curies":[{"name":"wp","href":"https:\/\/api.w.org\/{rel}","templated":true}]}}